{"id":39523,"date":"2022-10-10T11:09:45","date_gmt":"2022-10-10T10:09:45","guid":{"rendered":"https:\/\/www.pmf.ni.ac.rs\/about-us\/"},"modified":"2022-11-18T09:24:10","modified_gmt":"2022-11-18T08:24:10","slug":"about-us","status":"publish","type":"page","link":"https:\/\/www.pmf.ni.ac.rs\/en\/about-us\/","title":{"rendered":"About us"},"content":{"rendered":"\t\t<div data-elementor-type=\"wp-page\" data-elementor-id=\"39523\" class=\"elementor elementor-39523 elementor-158 elementor-bc-flex-widget\">\n\t\t\t\t\t\t<div class=\"elementor-inner\">\n\t\t\t\t<div class=\"elementor-section-wrap\">\n\t\t\t\t\t\t\t\t\t<section class=\"elementor-section elementor-top-section elementor-element elementor-element-31e0f5b4 elementor-section-height-min-height elementor-section-content-middle elementor-section-boxed elementor-section-height-default elementor-section-items-middle\" data-id=\"31e0f5b4\" data-element_type=\"section\" data-settings=\"{&quot;background_background&quot;:&quot;classic&quot;}\">\n\t\t\t\t\t\t<div class=\"elementor-container elementor-column-gap-default\">\n\t\t\t\t\t\t\t<div class=\"elementor-row\">\n\t\t\t\t\t<div class=\"elementor-column elementor-col-50 elementor-top-column elementor-element elementor-element-3f6da444\" data-id=\"3f6da444\" data-element_type=\"column\">\n\t\t\t<div class=\"elementor-column-wrap elementor-element-populated\">\n\t\t\t\t\t\t\t<div class=\"elementor-widget-wrap\">\n\t\t\t\t\t\t<div class=\"elementor-element elementor-element-4ded22e9 elementor-widget elementor-widget-text-editor\" data-id=\"4ded22e9\" data-element_type=\"widget\" data-widget_type=\"text-editor.default\">\n\t\t\t\t<div class=\"elementor-widget-container\">\n\t\t\t\t\t\t\t\t<div class=\"elementor-text-editor elementor-clearfix\">\n\t\t\t\t<p>The Faculty of Sciences and Mathematics, with 250 professors, 50 researchers and ca. 1500 students, is an educational and scientific institution that realizes academic study programs and develops scientific research and professional work in all areas of the educational and scientific field of natural and mathematical sciences.<\/p><p>\u00a0<\/p><p>The Faculty educates future teachers of mathematics, computer science, physics, chemistry, biology, and geography for work in primary and secondary schools; research scientists for work at universities, research institutes and other scientific institutions; professionals for work in the government institutions, public sector enterprises, insurance agencies, banks and other financial organizations, ICT companies, travel agencies, tourism organizations, etc.<\/p>\t\t\t\t\t<\/div>\n\t\t\t\t\t\t<\/div>\n\t\t\t\t<\/div>\n\t\t\t\t\t\t<\/div>\n\t\t\t\t\t<\/div>\n\t\t<\/div>\n\t\t\t\t<div class=\"elementor-column elementor-col-50 elementor-top-column elementor-element elementor-element-2cf06d1a\" data-id=\"2cf06d1a\" data-element_type=\"column\">\n\t\t\t<div class=\"elementor-column-wrap elementor-element-populated\">\n\t\t\t\t\t\t\t<div class=\"elementor-widget-wrap\">\n\t\t\t\t\t\t<div class=\"elementor-element elementor-element-2671e74f animated-fast elementor-invisible elementor-widget elementor-widget-counter\" data-id=\"2671e74f\" data-element_type=\"widget\" data-settings=\"{&quot;_animation&quot;:&quot;fadeInUp&quot;}\" data-widget_type=\"counter.default\">\n\t\t\t\t<div class=\"elementor-widget-container\">\n\t\t\t\t\t<div class=\"elementor-counter\">\n\t\t\t<div class=\"elementor-counter-number-wrapper\">\n\t\t\t\t<span class=\"elementor-counter-number-prefix\"><\/span>\n\t\t\t\t<span class=\"elementor-counter-number\" data-duration=\"3000\" data-to-value=\"250\" data-from-value=\"100\" data-delimiter=\",\">100<\/span>\n\t\t\t\t<span class=\"elementor-counter-number-suffix\">+<\/span>\n\t\t\t<\/div>\n\t\t\t\t\t\t\t<div class=\"elementor-counter-title\">PROFESSORS<\/div>\n\t\t\t\t\t<\/div>\n\t\t\t\t<\/div>\n\t\t\t\t<\/div>\n\t\t\t\t<div class=\"elementor-element elementor-element-781eb73 animated-fast elementor-invisible elementor-widget elementor-widget-counter\" data-id=\"781eb73\" data-element_type=\"widget\" data-settings=\"{&quot;_animation&quot;:&quot;fadeInUp&quot;}\" data-widget_type=\"counter.default\">\n\t\t\t\t<div class=\"elementor-widget-container\">\n\t\t\t\t\t<div class=\"elementor-counter\">\n\t\t\t<div class=\"elementor-counter-number-wrapper\">\n\t\t\t\t<span class=\"elementor-counter-number-prefix\"><\/span>\n\t\t\t\t<span class=\"elementor-counter-number\" data-duration=\"3000\" data-to-value=\"50\" data-from-value=\"1\" data-delimiter=\",\">1<\/span>\n\t\t\t\t<span class=\"elementor-counter-number-suffix\">+<\/span>\n\t\t\t<\/div>\n\t\t\t\t\t\t\t<div class=\"elementor-counter-title\">RESEARCHERS<\/div>\n\t\t\t\t\t<\/div>\n\t\t\t\t<\/div>\n\t\t\t\t<\/div>\n\t\t\t\t<div class=\"elementor-element elementor-element-6448a9bd animated-fast elementor-invisible elementor-widget elementor-widget-counter\" data-id=\"6448a9bd\" data-element_type=\"widget\" data-settings=\"{&quot;_animation&quot;:&quot;fadeInUp&quot;,&quot;_animation_delay&quot;:200}\" data-widget_type=\"counter.default\">\n\t\t\t\t<div class=\"elementor-widget-container\">\n\t\t\t\t\t<div class=\"elementor-counter\">\n\t\t\t<div class=\"elementor-counter-number-wrapper\">\n\t\t\t\t<span class=\"elementor-counter-number-prefix\"><\/span>\n\t\t\t\t<span class=\"elementor-counter-number\" data-duration=\"3000\" data-to-value=\"1500\" data-from-value=\"1\">1<\/span>\n\t\t\t\t<span class=\"elementor-counter-number-suffix\">+<\/span>\n\t\t\t<\/div>\n\t\t\t\t\t\t\t<div class=\"elementor-counter-title\">STUDENTS<\/div>\n\t\t\t\t\t<\/div>\n\t\t\t\t<\/div>\n\t\t\t\t<\/div>\n\t\t\t\t\t\t<\/div>\n\t\t\t\t\t<\/div>\n\t\t<\/div>\n\t\t\t\t\t\t\t\t<\/div>\n\t\t\t\t\t<\/div>\n\t\t<\/section>\n\t\t\t\t<section class=\"elementor-section elementor-top-section elementor-element elementor-element-1f09a554 elementor-section-height-min-height elementor-section-content-middle elementor-reverse-mobile elementor-section-boxed elementor-section-height-default elementor-section-items-middle\" data-id=\"1f09a554\" data-element_type=\"section\" data-settings=\"{&quot;background_background&quot;:&quot;none&quot;}\">\n\t\t\t\t\t\t<div class=\"elementor-container elementor-column-gap-default\">\n\t\t\t\t\t\t\t<div class=\"elementor-row\">\n\t\t\t\t\t<div class=\"elementor-column elementor-col-100 elementor-top-column elementor-element elementor-element-93e06f7\" data-id=\"93e06f7\" data-element_type=\"column\">\n\t\t\t<div class=\"elementor-column-wrap elementor-element-populated\">\n\t\t\t\t\t\t\t<div class=\"elementor-widget-wrap\">\n\t\t\t\t\t\t<div class=\"elementor-element elementor-element-80f93f8 elementor-widget-divider--view-line elementor-invisible elementor-widget elementor-widget-divider\" data-id=\"80f93f8\" data-element_type=\"widget\" data-settings=\"{&quot;_animation&quot;:&quot;fadeInUp&quot;}\" data-widget_type=\"divider.default\">\n\t\t\t\t<div class=\"elementor-widget-container\">\n\t\t\t\t\t<div class=\"elementor-divider\">\n\t\t\t<span class=\"elementor-divider-separator\">\n\t\t\t\t\t\t<\/span>\n\t\t<\/div>\n\t\t\t\t<\/div>\n\t\t\t\t<\/div>\n\t\t\t\t<div class=\"elementor-element elementor-element-7be9ceb7 elementor-invisible elementor-widget elementor-widget-heading\" data-id=\"7be9ceb7\" data-element_type=\"widget\" data-settings=\"{&quot;_animation&quot;:&quot;fadeInUp&quot;}\" data-widget_type=\"heading.default\">\n\t\t\t\t<div class=\"elementor-widget-container\">\n\t\t\t<h3 class=\"elementor-heading-title elementor-size-large\">Scientific research<\/h3>\t\t<\/div>\n\t\t\t\t<\/div>\n\t\t\t\t<div class=\"elementor-element elementor-element-5bee8b98 elementor-widget elementor-widget-text-editor\" data-id=\"5bee8b98\" data-element_type=\"widget\" data-widget_type=\"text-editor.default\">\n\t\t\t\t<div class=\"elementor-widget-container\">\n\t\t\t\t\t\t\t\t<div class=\"elementor-text-editor elementor-clearfix\">\n\t\t\t\t<div style=\"text-align: justify;\"><p class=\"fontstyle0\">In addition to the teaching process, scientific work represents the basic activity of the Faculty of Sciences and Mathematics. It is realized through the organized action of individual departments on the development of many scientific projects. Both national and international projects are currently being implemented at the Faculty. Teachers and associates of the Faculty participate in seminars, and scientific and professional conferences in the country and abroad, and are the organizers of important scientific gatherings themselves. The faculty cooperates<br \/>with universities, institutes, and other faculties in the country and abroad. <span class=\"fontstyle2\">The Faculty organizes scientific and teaching activities in its departments, i.e. chairs, namely: <\/span><\/p><\/div><p>\u00a0<\/p><table class=\"NormalTable\"><tbody><tr><td width=\"200\"><b><span class=\"fontstyle3\"><strong>Department of Mathematics <\/strong><\/span><\/b><\/td><td width=\"200\"><b><span class=\"fontstyle3\"><strong>Department of Computer Science<\/strong><\/span><\/b><\/td><\/tr><tr><td width=\"200\"><p><b><span class=\"fontstyle3\"><strong>Department of Physics<\/strong><\/span><\/b><\/p><ul><li><span class=\"fontstyle0\">Chair of Experimental and Applied Physics<\/span><\/li><li><span class=\"fontstyle0\">Chair of Theoretical Physics and Applications<\/span><\/li><\/ul><\/td><td width=\"200\"><p><b><span class=\"fontstyle3\"><strong>Department of Chemistry<\/strong><\/span><\/b><\/p><ul><li><span class=\"fontstyle0\">Chair of Analytical and Physical Chemistry<\/span><\/li><li><span class=\"fontstyle0\">Chair of General and Inorganic Chemistry<\/span><\/li><li><span class=\"fontstyle0\">Chair of Organic Chemistry and Biochemistry<\/span><\/li><li><span class=\"fontstyle0\">Chair of Applied Chemistry and Environmental Chemistry<\/span><\/li><\/ul><\/td><\/tr><tr><td width=\"200\"><p><b><span class=\"fontstyle3\"><strong>Department of Biology and Ecology<\/strong><\/span><\/b><\/p><ul><li><span class=\"fontstyle0\">Chair of Botany<\/span><\/li><li><span class=\"fontstyle0\">Chair of Ecology and Environmental Protection<\/span><\/li><li><span class=\"fontstyle0\">Chair of Experimental Biology and Biotechnology<\/span><\/li><li><span class=\"fontstyle0\">Chair of Zoology<\/span><\/li><\/ul><\/td><td width=\"200\"><p><b><span class=\"fontstyle3\"><strong>Department of Geography<\/strong><\/span><\/b><\/p><ul><li><span class=\"fontstyle0\">Chair of Social Geography<\/span><\/li><li><span class=\"fontstyle0\">Chair of Cartography and Geographical Information Systems<\/span><\/li><li><span class=\"fontstyle0\">Chair of Spatial Planning<\/span><\/li><li><span class=\"fontstyle0\">Chair of Regional Geography<\/span><\/li><li><span class=\"fontstyle0\">Chair of Physical Geography<\/span><\/li><\/ul><\/td><\/tr><\/tbody><\/table>\t\t\t\t\t<\/div>\n\t\t\t\t\t\t<\/div>\n\t\t\t\t<\/div>\n\t\t\t\t\t\t<\/div>\n\t\t\t\t\t<\/div>\n\t\t<\/div>\n\t\t\t\t\t\t\t\t<\/div>\n\t\t\t\t\t<\/div>\n\t\t<\/section>\n\t\t\t\t<section class=\"elementor-section elementor-top-section elementor-element elementor-element-21fea7e elementor-section-height-min-height elementor-section-content-middle elementor-section-boxed elementor-section-height-default elementor-section-items-middle\" data-id=\"21fea7e\" data-element_type=\"section\" data-settings=\"{&quot;background_background&quot;:&quot;classic&quot;}\">\n\t\t\t\t\t\t<div class=\"elementor-container elementor-column-gap-default\">\n\t\t\t\t\t\t\t<div class=\"elementor-row\">\n\t\t\t\t\t<div class=\"elementor-column elementor-col-100 elementor-top-column elementor-element elementor-element-989d939\" data-id=\"989d939\" data-element_type=\"column\">\n\t\t\t<div class=\"elementor-column-wrap elementor-element-populated\">\n\t\t\t\t\t\t\t<div class=\"elementor-widget-wrap\">\n\t\t\t\t\t\t<div class=\"elementor-element elementor-element-9faeb75 elementor-widget-divider--view-line elementor-invisible elementor-widget elementor-widget-divider\" data-id=\"9faeb75\" data-element_type=\"widget\" data-settings=\"{&quot;_animation&quot;:&quot;fadeInUp&quot;}\" data-widget_type=\"divider.default\">\n\t\t\t\t<div class=\"elementor-widget-container\">\n\t\t\t\t\t<div class=\"elementor-divider\">\n\t\t\t<span class=\"elementor-divider-separator\">\n\t\t\t\t\t\t<\/span>\n\t\t<\/div>\n\t\t\t\t<\/div>\n\t\t\t\t<\/div>\n\t\t\t\t<div class=\"elementor-element elementor-element-f2b14fb elementor-widget elementor-widget-text-editor\" data-id=\"f2b14fb\" data-element_type=\"widget\" data-widget_type=\"text-editor.default\">\n\t\t\t\t<div class=\"elementor-widget-container\">\n\t\t\t\t\t\t\t\t<div class=\"elementor-text-editor elementor-clearfix\">\n\t\t\t\t<p>The Faculty educates future teachers of mathematics, computer science, physics, chemistry,\nbiology, and geography for work in primary and secondary schools; research scientists for work\nat universities, research institutes and other scientific institutions; professionals for work in the\ngovernment institutions, public sector enterprises, insurance agencies, banks and other financial\norganizations, ICT companies, travel agencies, tourism organizations, etc.<\/p>\t\t\t\t\t<\/div>\n\t\t\t\t\t\t<\/div>\n\t\t\t\t<\/div>\n\t\t\t\t\t\t<\/div>\n\t\t\t\t\t<\/div>\n\t\t<\/div>\n\t\t\t\t\t\t\t\t<\/div>\n\t\t\t\t\t<\/div>\n\t\t<\/section>\n\t\t\t\t\t\t\t\t\t<\/div>\n\t\t\t<\/div>\n\t\t\t\t\t<\/div>\n\t\t","protected":false},"excerpt":{"rendered":"<p>The Faculty of Sciences and Mathematics, with 250 professors, 50 researchers and ca. 1500 students, is an educational and scientific institution that realizes academic study programs and develops scientific research and professional work in all areas of the educational and scientific field of natural and mathematical sciences. \u00a0 The Faculty educates future teachers of mathematics, [&hellip;]<\/p>\n","protected":false},"author":1,"featured_media":0,"parent":0,"menu_order":0,"comment_status":"closed","ping_status":"closed","template":"","meta":{"_editorskit_title_hidden":false,"_editorskit_reading_time":0,"_editorskit_is_block_options_detached":false,"_editorskit_block_options_position":"{}","inline_featured_image":false},"acf":[],"yoast_head":"<!-- This site is optimized with the Yoast SEO plugin v19.7.1 - https:\/\/yoast.com\/wordpress\/plugins\/seo\/ -->\n<title>O Fakultetu | Prirodno-matemati\u010dki fakultet Univerziteta u Ni\u0161u<\/title>\n<meta name=\"description\" content=\"O fakultetu - Prirodno-matemati\u010dki fakultet je obrazovno-nau\u010dna ustanova koja ostvaruje akademske studijske programe i razvija nau\u010dnoistra\u017eiva\u010dki i stru...\" \/>\n<meta name=\"robots\" content=\"index, follow, max-snippet:-1, max-image-preview:large, max-video-preview:-1\" \/>\n<link rel=\"canonical\" href=\"https:\/\/www.pmf.ni.ac.rs\/en\/about-us\/\" \/>\n<meta property=\"og:locale\" content=\"en_US\" \/>\n<meta property=\"og:type\" content=\"article\" \/>\n<meta property=\"og:title\" content=\"O Fakultetu | Prirodno-matemati\u010dki fakultet Univerziteta u Ni\u0161u\" \/>\n<meta property=\"og:description\" content=\"O fakultetu - Prirodno-matemati\u010dki fakultet je obrazovno-nau\u010dna ustanova koja ostvaruje akademske studijske programe i razvija nau\u010dnoistra\u017eiva\u010dki i stru...\" \/>\n<meta property=\"og:url\" content=\"https:\/\/www.pmf.ni.ac.rs\/en\/about-us\/\" \/>\n<meta property=\"og:site_name\" content=\"Prirodno-matemati\u010dki fakultet\" \/>\n<meta property=\"article:publisher\" content=\"https:\/\/www.facebook.com\/Pmf.Nis\" \/>\n<meta property=\"article:modified_time\" content=\"2022-11-18T08:24:10+00:00\" \/>\n<meta property=\"og:image\" content=\"https:\/\/www.pmf.ni.ac.rs\/wp-content\/uploads\/2018\/09\/pmf_facebook_share.jpg\" \/>\n\t<meta property=\"og:image:width\" content=\"1200\" \/>\n\t<meta property=\"og:image:height\" content=\"628\" \/>\n\t<meta property=\"og:image:type\" content=\"image\/jpeg\" \/>\n<meta name=\"twitter:card\" content=\"summary_large_image\" \/>\n<meta name=\"twitter:site\" content=\"@pmfnis\" \/>\n<meta name=\"twitter:label1\" content=\"Est. reading time\" \/>\n\t<meta name=\"twitter:data1\" content=\"2 minutes\" \/>\n<script type=\"application\/ld+json\" class=\"yoast-schema-graph\">{\"@context\":\"https:\/\/schema.org\",\"@graph\":[{\"@type\":\"WebPage\",\"@id\":\"https:\/\/www.pmf.ni.ac.rs\/en\/about-us\/\",\"url\":\"https:\/\/www.pmf.ni.ac.rs\/en\/about-us\/\",\"name\":\"O Fakultetu | Prirodno-matemati\u010dki fakultet Univerziteta u Ni\u0161u\",\"isPartOf\":{\"@id\":\"https:\/\/www.pmf.ni.ac.rs\/en\/#website\"},\"datePublished\":\"2022-10-10T10:09:45+00:00\",\"dateModified\":\"2022-11-18T08:24:10+00:00\",\"description\":\"O fakultetu - Prirodno-matemati\u010dki fakultet je obrazovno-nau\u010dna ustanova koja ostvaruje akademske studijske programe i razvija nau\u010dnoistra\u017eiva\u010dki i stru...\",\"breadcrumb\":{\"@id\":\"https:\/\/www.pmf.ni.ac.rs\/en\/about-us\/#breadcrumb\"},\"inLanguage\":\"en-US\",\"potentialAction\":[{\"@type\":\"ReadAction\",\"target\":[\"https:\/\/www.pmf.ni.ac.rs\/en\/about-us\/\"]}]},{\"@type\":\"BreadcrumbList\",\"@id\":\"https:\/\/www.pmf.ni.ac.rs\/en\/about-us\/#breadcrumb\",\"itemListElement\":[{\"@type\":\"ListItem\",\"position\":1,\"name\":\"Home\",\"item\":\"https:\/\/www.pmf.ni.ac.rs\/en\/\"},{\"@type\":\"ListItem\",\"position\":2,\"name\":\"About us\"}]},{\"@type\":\"WebSite\",\"@id\":\"https:\/\/www.pmf.ni.ac.rs\/en\/#website\",\"url\":\"https:\/\/www.pmf.ni.ac.rs\/en\/\",\"name\":\"Prirodno-matemati\u010dki fakultet\",\"description\":\"Univerzitet u Ni\u0161u\",\"publisher\":{\"@id\":\"https:\/\/www.pmf.ni.ac.rs\/en\/#organization\"},\"potentialAction\":[{\"@type\":\"SearchAction\",\"target\":{\"@type\":\"EntryPoint\",\"urlTemplate\":\"https:\/\/www.pmf.ni.ac.rs\/en\/?s={search_term_string}\"},\"query-input\":\"required name=search_term_string\"}],\"inLanguage\":\"en-US\"},{\"@type\":\"Organization\",\"@id\":\"https:\/\/www.pmf.ni.ac.rs\/en\/#organization\",\"name\":\"Prirodno-matemati\u010dki fakultet\",\"url\":\"https:\/\/www.pmf.ni.ac.rs\/en\/\",\"sameAs\":[\"https:\/\/www.instagram.com\/pmf.nis\/\",\"https:\/\/www.facebook.com\/Pmf.Nis\",\"https:\/\/twitter.com\/pmfnis\"],\"logo\":{\"@type\":\"ImageObject\",\"inLanguage\":\"en-US\",\"@id\":\"https:\/\/www.pmf.ni.ac.rs\/en\/#\/schema\/logo\/image\/\",\"url\":\"https:\/\/www.pmf.ni.ac.rs\/wp-content\/uploads\/2022\/09\/pmf_logo3-eng3-path.svg\",\"contentUrl\":\"https:\/\/www.pmf.ni.ac.rs\/wp-content\/uploads\/2022\/09\/pmf_logo3-eng3-path.svg\",\"width\":480,\"height\":160,\"caption\":\"Prirodno-matemati\u010dki fakultet\"},\"image\":{\"@id\":\"https:\/\/www.pmf.ni.ac.rs\/en\/#\/schema\/logo\/image\/\"}}]}<\/script>\n<!-- \/ Yoast SEO plugin. -->","yoast_head_json":{"title":"O Fakultetu | Prirodno-matemati\u010dki fakultet Univerziteta u Ni\u0161u","description":"O fakultetu - Prirodno-matemati\u010dki fakultet je obrazovno-nau\u010dna ustanova koja ostvaruje akademske studijske programe i razvija nau\u010dnoistra\u017eiva\u010dki i stru...","robots":{"index":"index","follow":"follow","max-snippet":"max-snippet:-1","max-image-preview":"max-image-preview:large","max-video-preview":"max-video-preview:-1"},"canonical":"https:\/\/www.pmf.ni.ac.rs\/en\/about-us\/","og_locale":"en_US","og_type":"article","og_title":"O Fakultetu | Prirodno-matemati\u010dki fakultet Univerziteta u Ni\u0161u","og_description":"O fakultetu - Prirodno-matemati\u010dki fakultet je obrazovno-nau\u010dna ustanova koja ostvaruje akademske studijske programe i razvija nau\u010dnoistra\u017eiva\u010dki i stru...","og_url":"https:\/\/www.pmf.ni.ac.rs\/en\/about-us\/","og_site_name":"Prirodno-matemati\u010dki fakultet","article_publisher":"https:\/\/www.facebook.com\/Pmf.Nis","article_modified_time":"2022-11-18T08:24:10+00:00","og_image":[{"width":1200,"height":628,"url":"https:\/\/www.pmf.ni.ac.rs\/wp-content\/uploads\/2018\/09\/pmf_facebook_share.jpg","type":"image\/jpeg"}],"twitter_card":"summary_large_image","twitter_site":"@pmfnis","twitter_misc":{"Est. reading time":"2 minutes"},"schema":{"@context":"https:\/\/schema.org","@graph":[{"@type":"WebPage","@id":"https:\/\/www.pmf.ni.ac.rs\/en\/about-us\/","url":"https:\/\/www.pmf.ni.ac.rs\/en\/about-us\/","name":"O Fakultetu | Prirodno-matemati\u010dki fakultet Univerziteta u Ni\u0161u","isPartOf":{"@id":"https:\/\/www.pmf.ni.ac.rs\/en\/#website"},"datePublished":"2022-10-10T10:09:45+00:00","dateModified":"2022-11-18T08:24:10+00:00","description":"O fakultetu - Prirodno-matemati\u010dki fakultet je obrazovno-nau\u010dna ustanova koja ostvaruje akademske studijske programe i razvija nau\u010dnoistra\u017eiva\u010dki i stru...","breadcrumb":{"@id":"https:\/\/www.pmf.ni.ac.rs\/en\/about-us\/#breadcrumb"},"inLanguage":"en-US","potentialAction":[{"@type":"ReadAction","target":["https:\/\/www.pmf.ni.ac.rs\/en\/about-us\/"]}]},{"@type":"BreadcrumbList","@id":"https:\/\/www.pmf.ni.ac.rs\/en\/about-us\/#breadcrumb","itemListElement":[{"@type":"ListItem","position":1,"name":"Home","item":"https:\/\/www.pmf.ni.ac.rs\/en\/"},{"@type":"ListItem","position":2,"name":"About us"}]},{"@type":"WebSite","@id":"https:\/\/www.pmf.ni.ac.rs\/en\/#website","url":"https:\/\/www.pmf.ni.ac.rs\/en\/","name":"Prirodno-matemati\u010dki fakultet","description":"Univerzitet u Ni\u0161u","publisher":{"@id":"https:\/\/www.pmf.ni.ac.rs\/en\/#organization"},"potentialAction":[{"@type":"SearchAction","target":{"@type":"EntryPoint","urlTemplate":"https:\/\/www.pmf.ni.ac.rs\/en\/?s={search_term_string}"},"query-input":"required name=search_term_string"}],"inLanguage":"en-US"},{"@type":"Organization","@id":"https:\/\/www.pmf.ni.ac.rs\/en\/#organization","name":"Prirodno-matemati\u010dki fakultet","url":"https:\/\/www.pmf.ni.ac.rs\/en\/","sameAs":["https:\/\/www.instagram.com\/pmf.nis\/","https:\/\/www.facebook.com\/Pmf.Nis","https:\/\/twitter.com\/pmfnis"],"logo":{"@type":"ImageObject","inLanguage":"en-US","@id":"https:\/\/www.pmf.ni.ac.rs\/en\/#\/schema\/logo\/image\/","url":"https:\/\/www.pmf.ni.ac.rs\/wp-content\/uploads\/2022\/09\/pmf_logo3-eng3-path.svg","contentUrl":"https:\/\/www.pmf.ni.ac.rs\/wp-content\/uploads\/2022\/09\/pmf_logo3-eng3-path.svg","width":480,"height":160,"caption":"Prirodno-matemati\u010dki fakultet"},"image":{"@id":"https:\/\/www.pmf.ni.ac.rs\/en\/#\/schema\/logo\/image\/"}}]}},"_links":{"self":[{"href":"https:\/\/www.pmf.ni.ac.rs\/en\/wp-json\/wp\/v2\/pages\/39523"}],"collection":[{"href":"https:\/\/www.pmf.ni.ac.rs\/en\/wp-json\/wp\/v2\/pages"}],"about":[{"href":"https:\/\/www.pmf.ni.ac.rs\/en\/wp-json\/wp\/v2\/types\/page"}],"author":[{"embeddable":true,"href":"https:\/\/www.pmf.ni.ac.rs\/en\/wp-json\/wp\/v2\/users\/1"}],"replies":[{"embeddable":true,"href":"https:\/\/www.pmf.ni.ac.rs\/en\/wp-json\/wp\/v2\/comments?post=39523"}],"version-history":[{"count":0,"href":"https:\/\/www.pmf.ni.ac.rs\/en\/wp-json\/wp\/v2\/pages\/39523\/revisions"}],"wp:attachment":[{"href":"https:\/\/www.pmf.ni.ac.rs\/en\/wp-json\/wp\/v2\/media?parent=39523"}],"curies":[{"name":"wp","href":"https:\/\/api.w.org\/{rel}","templated":true}]}}