{"id":39534,"date":"2022-10-10T11:55:21","date_gmt":"2022-10-10T10:55:21","guid":{"rendered":"https:\/\/www.pmf.ni.ac.rs\/deans-office\/"},"modified":"2022-10-17T09:25:24","modified_gmt":"2022-10-17T08:25:24","slug":"deans-office","status":"publish","type":"page","link":"https:\/\/www.pmf.ni.ac.rs\/en\/deans-office\/","title":{"rendered":"Dean&#8217;s office"},"content":{"rendered":"\t\t<div data-elementor-type=\"wp-page\" data-elementor-id=\"39534\" class=\"elementor elementor-39534 elementor-1770\">\n\t\t\t\t\t\t<div class=\"elementor-inner\">\n\t\t\t\t<div class=\"elementor-section-wrap\">\n\t\t\t\t\t\t\t\t\t<section class=\"elementor-section elementor-top-section elementor-element elementor-element-4f8f8f9 elementor-section-boxed elementor-section-height-default elementor-section-height-default\" data-id=\"4f8f8f9\" data-element_type=\"section\">\n\t\t\t\t\t\t<div class=\"elementor-container elementor-column-gap-default\">\n\t\t\t\t\t\t\t<div class=\"elementor-row\">\n\t\t\t\t\t<div class=\"elementor-column elementor-col-100 elementor-top-column elementor-element elementor-element-9a2748f\" data-id=\"9a2748f\" data-element_type=\"column\">\n\t\t\t<div class=\"elementor-column-wrap elementor-element-populated\">\n\t\t\t\t\t\t\t<div class=\"elementor-widget-wrap\">\n\t\t\t\t\t\t<div class=\"elementor-element elementor-element-2127789 elementor-widget elementor-widget-shortcode\" data-id=\"2127789\" data-element_type=\"widget\" data-widget_type=\"shortcode.default\">\n\t\t\t\t<div class=\"elementor-widget-container\">\n\t\t\t\ufeff<div class='row prof-section'><div class='col-xs-12' style='padding-bottom:20px;'><h4><strong>Dean<\/strong><\/h4><\/div><div class='row prof-section'><\/div><div class='col-md-2 col-sm-5 col-xs-6 prof-image' style='text-align: right;'><img  src='http:\/\/linuxpmf.pmf.ni.ac.rs\/upload\/zaposleni\/slike\/74.jpg' alt='Dr Mi\u0107a Stankovi\u0107' title='Dr Mi\u0107a Stankovi\u0107' class='img-rounded img-responsive'><\/div><div class='col-md-10 col-sm-12 col-xs-12 prof-section'><h5 class='text-bold'>Dr Mi\u0107a Stankovi\u0107<\/h5><p class='prof-funkcija'>Full professor, Department of Mathematics<\/p><div class='prof-separator'><\/div><p><i class='fa fa-phone'><\/i>018\/224-472<\/p><p><i class='fa fa-phone'><\/i>066\/244-472<\/p><i class='fa fa-envelope'><\/i> <a href=''>mica.stankovic@<span style='display:none'>&#98;&#x6f;&#x74;b&#108;&#x6f;&#x63;k&#101;&#x72;&#64;&#104;&#x65;&#x61;r&#116;&#x69;n&#116;&#x65;&#x72;n&#101;&#x74;&#x2e;&#117;&#x6b;<\/span><\/span>pmf.edu.rs<\/a><\/div><\/div><hr><br\/><br\/><div class='row prof-section'><div class='col-xs-12' style='padding-bottom:20px;'><h4><strong>Vice dean for material and financial operations<\/strong><\/h4><\/div><div class='row prof-section'><\/div><div class='col-md-2 col-sm-5 col-xs-6 prof-image' style='text-align: right;'><img  src='http:\/\/linuxpmf.pmf.ni.ac.rs\/upload\/zaposleni\/slike\/z_211.jpg' alt='Dr Zorica Stojanovi\u0107-Radi\u0107' title='Dr Zorica Stojanovi\u0107-Radi\u0107' class='img-rounded img-responsive'><\/div><div class='col-md-10 col-sm-12 col-xs-12 prof-section'><h5 class='text-bold'>Dr Zorica Stojanovi\u0107-Radi\u0107<\/h5><p class='prof-funkcija'>Full professor, Department of Biology with Ecology<\/p><div class='prof-separator'><\/div><p><i class='fa fa-phone'><\/i>018\/224-472<\/p><p><i class='fa fa-phone'><\/i>066\/244-472<\/p><i class='fa fa-envelope'><\/i> <a href=''>zorica.stojanovic-radic@<span style='display:none'>&#x62;o&#x74;&#98;&#x6c;&#111;c&#x6b;e&#x72;&#64;&#x68;&#101;a&#x72;&#116;&#x69;&#110;t&#x65;r&#x6e;&#101;&#x74;&#46;u&#x6b;<\/span><\/span>pmf.edu.rs<\/a><\/div><\/div><hr><br\/><br\/><div class='row prof-section'><div class='col-xs-12' style='padding-bottom:20px;'><h4><strong>Vice Dean for accademic affairs<\/strong><\/h4><\/div><div class='row prof-section'><\/div><div class='col-md-2 col-sm-5 col-xs-6 prof-image' style='text-align: right;'><img  src='http:\/\/linuxpmf.pmf.ni.ac.rs\/upload\/zaposleni\/slike\/92.jpg' alt='Dr Tatjana An\u0111elkovi\u0107' title='Dr Tatjana An\u0111elkovi\u0107' class='img-rounded img-responsive'><\/div><div class='col-md-10 col-sm-12 col-xs-12 prof-section'><h5 class='text-bold'>Dr Tatjana An\u0111elkovi\u0107<\/h5><p class='prof-funkcija'>Full professor, Department of Chemistry<\/p><div class='prof-separator'><\/div><p><i class='fa fa-phone'><\/i>018\/224-472<\/p><p><i class='fa fa-phone'><\/i>066\/244-472<\/p><i class='fa fa-envelope'><\/i> <a href=''>tatjana.andjelkovic@<span style='display:none'>&#x62;&#111;&#116;b&#x6c;&#x6f;&#99;k&#x65;&#x72;&#64;he&#x61;&#114;&#116;i&#x6e;&#x74;&#101;r&#x6e;&#x65;&#116;&#46;u&#x6b;<\/span><\/span>outlook.com<\/a><p><i class='fa fa-globe'><\/i> <a target='_blank' href='http:\/\/www1.pmf.ni.ac.rs\/pmf\/licne_prezentacije\/92\/cv.php'>CV<\/a><\/p><\/div><\/div><hr><br\/><br\/><div class='row prof-section'><div class='col-xs-12' style='padding-bottom:20px;'><h4><strong>Vice Dean for Science and Scientific Research<\/strong><\/h4><\/div><div class='row prof-section'><\/div><div class='col-md-2 col-sm-5 col-xs-6 prof-image' style='text-align: right;'><img  src='http:\/\/linuxpmf.pmf.ni.ac.rs\/upload\/zaposleni\/slike\/418.jpg' alt='Dr Stefan Stanimirovi\u0107' title='Dr Stefan Stanimirovi\u0107' class='img-rounded img-responsive'><\/div><div class='col-md-10 col-sm-12 col-xs-12 prof-section'><h5 class='text-bold'>Dr Stefan Stanimirovi\u0107<\/h5><p class='prof-funkcija'>Associate professor, Department of Computer Science<\/p><div class='prof-separator'><\/div><p><i class='fa fa-phone'><\/i>018\/224-472<\/p><p><i class='fa fa-phone'><\/i>066\/244-472<\/p><i class='fa fa-envelope'><\/i> <a href=''>stefan.stanimirovic@<span style='display:none'>&#x62;&#111;&#116;b&#x6c;&#x6f;&#99;k&#x65;&#x72;&#64;h&#x65;&#x61;&#114;t&#x69;&#x6e;&#116;e&#x72;&#x6e;&#101;t&#x2e;&#x75;&#107;<\/span><\/span>pmf.edu.rs<\/a><\/div><\/div><hr><br\/><br\/><div class='row prof-section'><div class='col-xs-12' style='padding-bottom:20px;'><h4><strong>Vice Dean for Quality Assurance<\/strong><\/h4><\/div><div class='row prof-section'><\/div><div class='col-md-2 col-sm-5 col-xs-6 prof-image' style='text-align: right;'><img  src='http:\/\/linuxpmf.pmf.ni.ac.rs\/upload\/zaposleni\/slike\/269.jpg' alt='Dr Danijela Nikoli\u0107' title='Dr Danijela Nikoli\u0107' class='img-rounded img-responsive'><\/div><div class='col-md-10 col-sm-12 col-xs-12 prof-section'><h5 class='text-bold'>Dr Danijela Nikoli\u0107<\/h5><p class='prof-funkcija'>Full professor, Department of Biology with Ecology<\/p><div class='prof-separator'><\/div><p><i class='fa fa-phone'><\/i>018\/224-472<\/p><p><i class='fa fa-phone'><\/i>066\/244-472<\/p><i class='fa fa-envelope'><\/i> <a href=''>danid@<span style='display:none'>b&#111;&#116;&#x62;&#x6c;&#x6f;&#x63;k&#101;&#114;&#64;&#x68;&#x65;&#x61;rt&#105;&#110;&#x74;&#x65;&#x72;ne&#116;&#46;&#x75;&#x6b;<\/span><\/span>pmf.ni.ac.rs<\/a><\/div><\/div><hr><br\/><br\/><div class='row prof-section'><div class='col-xs-12' style='padding-bottom:20px;'><h4><strong>Vice Dean for Spatial Development<\/strong><\/h4><\/div><div class='row prof-section'><\/div><div class='col-md-2 col-sm-5 col-xs-6 prof-image' style='text-align: right;'><img  src='http:\/\/linuxpmf.pmf.ni.ac.rs\/upload\/zaposleni\/slike\/z_115.jpg' alt='Dr Sa\u0161a Goci\u0107' title='Dr Sa\u0161a Goci\u0107' class='img-rounded img-responsive'><\/div><div class='col-md-10 col-sm-12 col-xs-12 prof-section'><h5 class='text-bold'>Dr Sa\u0161a Goci\u0107<\/h5><p class='prof-funkcija'>Full professor, Department of Physics<\/p><div class='prof-separator'><\/div><p><i class='fa fa-phone'><\/i>018\/224-472<\/p><p><i class='fa fa-phone'><\/i>066\/244-472<\/p><i class='fa fa-envelope'><\/i> <a href=''>sasa.gocic@<span style='display:none'>&#x62;&#x6f;&#x74;&#x62;&#x6c;&#x6f;&#x63;&#x6b;&#x65;&#x72;&#x40;&#x68;&#x65;&#x61;&#x72;&#x74;&#x69;&#x6e;&#x74;&#x65;&#x72;&#x6e;&#101;&#116;&#46;&#117;&#107;<\/span><\/span>pmf.edu.rs<\/a><\/div><\/div><hr><br\/><br\/>\t\t<div class=\"elementor-shortcode\"><\/div>\n\t\t\t\t<\/div>\n\t\t\t\t<\/div>\n\t\t\t\t\t\t<\/div>\n\t\t\t\t\t<\/div>\n\t\t<\/div>\n\t\t\t\t\t\t\t\t<\/div>\n\t\t\t\t\t<\/div>\n\t\t<\/section>\n\t\t\t\t\t\t\t\t\t<\/div>\n\t\t\t<\/div>\n\t\t\t\t\t<\/div>\n\t\t","protected":false},"excerpt":{"rendered":"","protected":false},"author":1,"featured_media":0,"parent":0,"menu_order":0,"comment_status":"closed","ping_status":"closed","template":"","meta":{"_editorskit_title_hidden":false,"_editorskit_reading_time":0,"_editorskit_is_block_options_detached":false,"_editorskit_block_options_position":"{}","inline_featured_image":false},"acf":[],"yoast_head":"<!-- This site is optimized with the Yoast SEO plugin v19.7.1 - https:\/\/yoast.com\/wordpress\/plugins\/seo\/ -->\n<title>Dean&#039;s office | Prirodno-matemati\u010dki fakultet<\/title>\n<meta name=\"robots\" content=\"index, follow, max-snippet:-1, max-image-preview:large, max-video-preview:-1\" \/>\n<link rel=\"canonical\" href=\"https:\/\/www.pmf.ni.ac.rs\/en\/deans-office\/\" \/>\n<meta property=\"og:locale\" content=\"en_US\" \/>\n<meta property=\"og:type\" content=\"article\" \/>\n<meta property=\"og:title\" content=\"Dean&#039;s office | Prirodno-matemati\u010dki fakultet\" \/>\n<meta property=\"og:url\" content=\"https:\/\/www.pmf.ni.ac.rs\/en\/deans-office\/\" \/>\n<meta property=\"og:site_name\" content=\"Prirodno-matemati\u010dki fakultet\" \/>\n<meta property=\"article:publisher\" content=\"https:\/\/www.facebook.com\/Pmf.Nis\" \/>\n<meta property=\"article:modified_time\" content=\"2022-10-17T08:25:24+00:00\" \/>\n<meta property=\"og:image\" content=\"https:\/\/www.pmf.ni.ac.rs\/wp-content\/uploads\/2018\/09\/pmf_facebook_share.jpg\" \/>\n\t<meta property=\"og:image:width\" content=\"1200\" \/>\n\t<meta property=\"og:image:height\" content=\"628\" \/>\n\t<meta property=\"og:image:type\" content=\"image\/jpeg\" \/>\n<meta name=\"twitter:card\" content=\"summary_large_image\" \/>\n<meta name=\"twitter:site\" content=\"@pmfnis\" \/>\n<script type=\"application\/ld+json\" class=\"yoast-schema-graph\">{\"@context\":\"https:\/\/schema.org\",\"@graph\":[{\"@type\":\"WebPage\",\"@id\":\"https:\/\/www.pmf.ni.ac.rs\/en\/deans-office\/\",\"url\":\"https:\/\/www.pmf.ni.ac.rs\/en\/deans-office\/\",\"name\":\"Dean's office | Prirodno-matemati\u010dki fakultet\",\"isPartOf\":{\"@id\":\"https:\/\/www.pmf.ni.ac.rs\/en\/#website\"},\"datePublished\":\"2022-10-10T10:55:21+00:00\",\"dateModified\":\"2022-10-17T08:25:24+00:00\",\"breadcrumb\":{\"@id\":\"https:\/\/www.pmf.ni.ac.rs\/en\/deans-office\/#breadcrumb\"},\"inLanguage\":\"en-US\",\"potentialAction\":[{\"@type\":\"ReadAction\",\"target\":[\"https:\/\/www.pmf.ni.ac.rs\/en\/deans-office\/\"]}]},{\"@type\":\"BreadcrumbList\",\"@id\":\"https:\/\/www.pmf.ni.ac.rs\/en\/deans-office\/#breadcrumb\",\"itemListElement\":[{\"@type\":\"ListItem\",\"position\":1,\"name\":\"Home\",\"item\":\"https:\/\/www.pmf.ni.ac.rs\/en\/\"},{\"@type\":\"ListItem\",\"position\":2,\"name\":\"Dean&#8217;s office\"}]},{\"@type\":\"WebSite\",\"@id\":\"https:\/\/www.pmf.ni.ac.rs\/en\/#website\",\"url\":\"https:\/\/www.pmf.ni.ac.rs\/en\/\",\"name\":\"Prirodno-matemati\u010dki fakultet\",\"description\":\"Univerzitet u Ni\u0161u\",\"publisher\":{\"@id\":\"https:\/\/www.pmf.ni.ac.rs\/en\/#organization\"},\"potentialAction\":[{\"@type\":\"SearchAction\",\"target\":{\"@type\":\"EntryPoint\",\"urlTemplate\":\"https:\/\/www.pmf.ni.ac.rs\/en\/?s={search_term_string}\"},\"query-input\":\"required name=search_term_string\"}],\"inLanguage\":\"en-US\"},{\"@type\":\"Organization\",\"@id\":\"https:\/\/www.pmf.ni.ac.rs\/en\/#organization\",\"name\":\"Prirodno-matemati\u010dki fakultet\",\"url\":\"https:\/\/www.pmf.ni.ac.rs\/en\/\",\"sameAs\":[\"https:\/\/www.instagram.com\/pmf.nis\/\",\"https:\/\/www.facebook.com\/Pmf.Nis\",\"https:\/\/twitter.com\/pmfnis\"],\"logo\":{\"@type\":\"ImageObject\",\"inLanguage\":\"en-US\",\"@id\":\"https:\/\/www.pmf.ni.ac.rs\/en\/#\/schema\/logo\/image\/\",\"url\":\"https:\/\/www.pmf.ni.ac.rs\/wp-content\/uploads\/2022\/09\/pmf_logo3-eng3-path.svg\",\"contentUrl\":\"https:\/\/www.pmf.ni.ac.rs\/wp-content\/uploads\/2022\/09\/pmf_logo3-eng3-path.svg\",\"width\":480,\"height\":160,\"caption\":\"Prirodno-matemati\u010dki fakultet\"},\"image\":{\"@id\":\"https:\/\/www.pmf.ni.ac.rs\/en\/#\/schema\/logo\/image\/\"}}]}<\/script>\n<!-- \/ Yoast SEO plugin. -->","yoast_head_json":{"title":"Dean's office | Prirodno-matemati\u010dki fakultet","robots":{"index":"index","follow":"follow","max-snippet":"max-snippet:-1","max-image-preview":"max-image-preview:large","max-video-preview":"max-video-preview:-1"},"canonical":"https:\/\/www.pmf.ni.ac.rs\/en\/deans-office\/","og_locale":"en_US","og_type":"article","og_title":"Dean's office | Prirodno-matemati\u010dki fakultet","og_url":"https:\/\/www.pmf.ni.ac.rs\/en\/deans-office\/","og_site_name":"Prirodno-matemati\u010dki fakultet","article_publisher":"https:\/\/www.facebook.com\/Pmf.Nis","article_modified_time":"2022-10-17T08:25:24+00:00","og_image":[{"width":1200,"height":628,"url":"https:\/\/www.pmf.ni.ac.rs\/wp-content\/uploads\/2018\/09\/pmf_facebook_share.jpg","type":"image\/jpeg"}],"twitter_card":"summary_large_image","twitter_site":"@pmfnis","schema":{"@context":"https:\/\/schema.org","@graph":[{"@type":"WebPage","@id":"https:\/\/www.pmf.ni.ac.rs\/en\/deans-office\/","url":"https:\/\/www.pmf.ni.ac.rs\/en\/deans-office\/","name":"Dean's office | Prirodno-matemati\u010dki fakultet","isPartOf":{"@id":"https:\/\/www.pmf.ni.ac.rs\/en\/#website"},"datePublished":"2022-10-10T10:55:21+00:00","dateModified":"2022-10-17T08:25:24+00:00","breadcrumb":{"@id":"https:\/\/www.pmf.ni.ac.rs\/en\/deans-office\/#breadcrumb"},"inLanguage":"en-US","potentialAction":[{"@type":"ReadAction","target":["https:\/\/www.pmf.ni.ac.rs\/en\/deans-office\/"]}]},{"@type":"BreadcrumbList","@id":"https:\/\/www.pmf.ni.ac.rs\/en\/deans-office\/#breadcrumb","itemListElement":[{"@type":"ListItem","position":1,"name":"Home","item":"https:\/\/www.pmf.ni.ac.rs\/en\/"},{"@type":"ListItem","position":2,"name":"Dean&#8217;s office"}]},{"@type":"WebSite","@id":"https:\/\/www.pmf.ni.ac.rs\/en\/#website","url":"https:\/\/www.pmf.ni.ac.rs\/en\/","name":"Prirodno-matemati\u010dki fakultet","description":"Univerzitet u Ni\u0161u","publisher":{"@id":"https:\/\/www.pmf.ni.ac.rs\/en\/#organization"},"potentialAction":[{"@type":"SearchAction","target":{"@type":"EntryPoint","urlTemplate":"https:\/\/www.pmf.ni.ac.rs\/en\/?s={search_term_string}"},"query-input":"required name=search_term_string"}],"inLanguage":"en-US"},{"@type":"Organization","@id":"https:\/\/www.pmf.ni.ac.rs\/en\/#organization","name":"Prirodno-matemati\u010dki fakultet","url":"https:\/\/www.pmf.ni.ac.rs\/en\/","sameAs":["https:\/\/www.instagram.com\/pmf.nis\/","https:\/\/www.facebook.com\/Pmf.Nis","https:\/\/twitter.com\/pmfnis"],"logo":{"@type":"ImageObject","inLanguage":"en-US","@id":"https:\/\/www.pmf.ni.ac.rs\/en\/#\/schema\/logo\/image\/","url":"https:\/\/www.pmf.ni.ac.rs\/wp-content\/uploads\/2022\/09\/pmf_logo3-eng3-path.svg","contentUrl":"https:\/\/www.pmf.ni.ac.rs\/wp-content\/uploads\/2022\/09\/pmf_logo3-eng3-path.svg","width":480,"height":160,"caption":"Prirodno-matemati\u010dki fakultet"},"image":{"@id":"https:\/\/www.pmf.ni.ac.rs\/en\/#\/schema\/logo\/image\/"}}]}},"_links":{"self":[{"href":"https:\/\/www.pmf.ni.ac.rs\/en\/wp-json\/wp\/v2\/pages\/39534"}],"collection":[{"href":"https:\/\/www.pmf.ni.ac.rs\/en\/wp-json\/wp\/v2\/pages"}],"about":[{"href":"https:\/\/www.pmf.ni.ac.rs\/en\/wp-json\/wp\/v2\/types\/page"}],"author":[{"embeddable":true,"href":"https:\/\/www.pmf.ni.ac.rs\/en\/wp-json\/wp\/v2\/users\/1"}],"replies":[{"embeddable":true,"href":"https:\/\/www.pmf.ni.ac.rs\/en\/wp-json\/wp\/v2\/comments?post=39534"}],"version-history":[{"count":0,"href":"https:\/\/www.pmf.ni.ac.rs\/en\/wp-json\/wp\/v2\/pages\/39534\/revisions"}],"wp:attachment":[{"href":"https:\/\/www.pmf.ni.ac.rs\/en\/wp-json\/wp\/v2\/media?parent=39534"}],"curies":[{"name":"wp","href":"https:\/\/api.w.org\/{rel}","templated":true}]}}