{"id":40122,"date":"2022-11-02T11:17:36","date_gmt":"2022-11-02T10:17:36","guid":{"rendered":"https:\/\/www.pmf.ni.ac.rs\/teachers-and-associates-at-the-department-of-physics\/"},"modified":"2022-11-03T10:56:46","modified_gmt":"2022-11-03T09:56:46","slug":"teachers-and-associates-at-the-department-of-physics","status":"publish","type":"page","link":"https:\/\/www.pmf.ni.ac.rs\/en\/teachers-and-associates-at-the-department-of-physics\/","title":{"rendered":"Teachers and associates at the Department of Physics"},"content":{"rendered":"\t\t<div data-elementor-type=\"wp-page\" data-elementor-id=\"40122\" class=\"elementor elementor-40122 elementor-384 elementor-bc-flex-widget\">\n\t\t\t\t\t\t<div class=\"elementor-inner\">\n\t\t\t\t<div class=\"elementor-section-wrap\">\n\t\t\t\t\t\t\t\t\t<section class=\"elementor-section elementor-top-section elementor-element elementor-element-1d422451 elementor-section-boxed elementor-section-height-default elementor-section-height-default\" data-id=\"1d422451\" data-element_type=\"section\">\n\t\t\t\t\t\t<div class=\"elementor-container elementor-column-gap-default\">\n\t\t\t\t\t\t\t<div class=\"elementor-row\">\n\t\t\t\t\t<div class=\"elementor-column elementor-col-100 elementor-top-column elementor-element elementor-element-e9a105f\" data-id=\"e9a105f\" data-element_type=\"column\">\n\t\t\t<div class=\"elementor-column-wrap elementor-element-populated\">\n\t\t\t\t\t\t\t<div class=\"elementor-widget-wrap\">\n\t\t\t\t\t\t<div class=\"elementor-element elementor-element-61197259 elementor-widget elementor-widget-text-editor\" data-id=\"61197259\" data-element_type=\"widget\" data-widget_type=\"text-editor.default\">\n\t\t\t\t<div class=\"elementor-widget-container\">\n\t\t\t\t\t\t\t\t<div class=\"elementor-text-editor elementor-clearfix\">\n\t\t\t\t<p>\ufeff<div class='row prof-section'>\r\n<div class='col-md-6 col-sm-12' style='text-align: center; min-height:300px; margin-bottom:20px;'>\r\n<h2 style='margin-bottom:40px;'><strong>Manager<\/strong><\/h2><div class='osoblje-image-container-j' style='background: transparent url(http:\/\/linuxpmf.pmf.ni.ac.rs\/upload\/zaposleni\/slike\/z_318.jpg) center center no-repeat;'><\/div><a href='\/en\/teachers-and-associates\/?idz=318' class='no-style'><h3>Dr Milan D. Milo\u0161evi\u0107<\/h3><\/a><p class='prof-funkcija'>Assistant professor<\/p><\/div><div class='col-md-6 col-sm-12' style='text-align: center; min-height:300px; margin-bottom:20px;'>\r\n<h2 style='margin-bottom:40px;'><strong>Secretary<\/strong><\/h2><div class='osoblje-image-container-j' style='background: rgb(175,164,180);'><span class='osoblje-inicijali'>S\u0110<\/span><\/div><a href='\/en\/teachers-and-associates\/?idz=2069' class='no-style'><h3>Stefan N. \u0110or\u0111evi\u0107<\/h3><\/a><p class='prof-funkcija'>Teaching assistant<\/p><\/div><\/div><hr><div class='row prof-section'><h2 style='text-align: center; margin-bottom:60px;'><strong>Full-time employees<\/strong><\/h2><div class='col-md-3 col-sm-6 col-xs-12' style='text-align: center; min-height:300px; margin-bottom:20px;'><div class='osoblje-image-container-j' style='background: transparent url(http:\/\/linuxpmf.pmf.ni.ac.rs\/upload\/zaposleni\/slike\/49.jpg) center center no-repeat;'><\/div><a href='\/en\/teachers-and-associates\/?idz=49' class='no-style'><h5>Dr Ivan D. Man\u010dev<\/h5><\/a><p class='prof-funkcija'>Full professor<\/p><\/div><div class='col-md-3 col-sm-6 col-xs-12' style='text-align: center; min-height:300px; margin-bottom:20px;'><div class='osoblje-image-container-j' style='background: rgb(165,161,180);'><span class='osoblje-inicijali'>VM<\/span><\/div><a href='\/en\/teachers-and-associates\/?idz=50' class='no-style'><h5>Dr Vidosav Lj. Markovi\u0107<\/h5><\/a><p class='prof-funkcija'>Full professor<\/p><\/div><div class='col-md-3 col-sm-6 col-xs-12' style='text-align: center; min-height:300px; margin-bottom:20px;'><div class='osoblje-image-container-j' style='background: transparent url(http:\/\/linuxpmf.pmf.ni.ac.rs\/upload\/zaposleni\/slike\/67.jpg) center center no-repeat;'><\/div><a href='\/en\/teachers-and-associates\/?idz=67' class='no-style'><h5>Dr Goran S. \u0110or\u0111evi\u0107<\/h5><\/a><p class='prof-funkcija'>Full professor<\/p><\/div><div class='col-md-3 col-sm-6 col-xs-12' style='text-align: center; min-height:300px; margin-bottom:20px;'><div class='osoblje-image-container-j' style='background: rgb(151,143,180);'><span class='osoblje-inicijali'>LK<\/span><\/div><a href='\/en\/teachers-and-associates\/?idz=83' class='no-style'><h5>Dr Ljiljana T. Kosti\u0107<\/h5><\/a><p class='prof-funkcija'>Full professor<\/p><\/div><div class='col-md-3 col-sm-6 col-xs-12' style='text-align: center; min-height:300px; margin-bottom:20px;'><div class='osoblje-image-container-j' style='background: transparent url(http:\/\/linuxpmf.pmf.ni.ac.rs\/upload\/zaposleni\/slike\/78.jpg) center center no-repeat;'><\/div><a href='\/en\/teachers-and-associates\/?idz=78' class='no-style'><h5>Dr Ljubi\u0161a D. Ne\u0161i\u0107<\/h5><\/a><p class='prof-funkcija'>Full professor<\/p><\/div><div class='col-md-3 col-sm-6 col-xs-12' style='text-align: center; min-height:300px; margin-bottom:20px;'><div class='osoblje-image-container-j' style='background: rgb(160,162,180);'><span class='osoblje-inicijali'>LS<\/span><\/div><a href='\/en\/teachers-and-associates\/?idz=69' class='no-style'><h5>Dr Ljiljana T. Stevanovi\u0107<\/h5><\/a><p class='prof-funkcija'>Full professor<\/p><\/div><div class='col-md-3 col-sm-6 col-xs-12' style='text-align: center; min-height:300px; margin-bottom:20px;'><div class='osoblje-image-container-j' style='background: transparent url(http:\/\/linuxpmf.pmf.ni.ac.rs\/upload\/zaposleni\/slike\/z_115.jpg) center center no-repeat;'><\/div><a href='\/en\/teachers-and-associates\/?idz=115' class='no-style'><h5>Dr Sa\u0161a R. Goci\u0107<\/h5><\/a><p class='prof-funkcija'>Full professor<\/p><\/div><div class='col-md-3 col-sm-6 col-xs-12' style='text-align: center; min-height:300px; margin-bottom:20px;'><div class='osoblje-image-container-j' style='background: rgb(161,145,180);'><span class='osoblje-inicijali'>JJ<\/span><\/div><a href='\/en\/teachers-and-associates\/?idz=163' class='no-style'><h5>Dr Jasmina M. Jekni\u0107-Dugi\u0107<\/h5><\/a><p class='prof-funkcija'>Full professor<\/p><\/div><div class='col-md-3 col-sm-6 col-xs-12' style='text-align: center; min-height:300px; margin-bottom:20px;'><div class='osoblje-image-container-j' style='background: rgb(170,145,180);'><span class='osoblje-inicijali'>BS<\/span><\/div><a href='\/en\/teachers-and-associates\/?idz=168' class='no-style'><h5>Dr Biljana M. Samard\u017ei\u0107<\/h5><\/a><p class='prof-funkcija'>Full professor<\/p><\/div><div class='col-md-3 col-sm-6 col-xs-12' style='text-align: center; min-height:300px; margin-bottom:20px;'><div class='osoblje-image-container-j' style='background: rgb(174,159,180);'><span class='osoblje-inicijali'>SS<\/span><\/div><a href='\/en\/teachers-and-associates\/?idz=150' class='no-style'><h5>Dr Suzana N. Stamenkovi\u0107<\/h5><\/a><p class='prof-funkcija'>Full professor<\/p><\/div><div class='col-md-3 col-sm-6 col-xs-12' style='text-align: center; min-height:300px; margin-bottom:20px;'><div class='osoblje-image-container-j' style='background: transparent url(http:\/\/linuxpmf.pmf.ni.ac.rs\/upload\/zaposleni\/slike\/179.jpg) center center no-repeat;'><\/div><a href='\/en\/teachers-and-associates\/?idz=179' class='no-style'><h5>Dr Ana M. Man\u010di\u0107<\/h5><\/a><p class='prof-funkcija'>Full professor<\/p><\/div><div class='col-md-3 col-sm-6 col-xs-12' style='text-align: center; min-height:300px; margin-bottom:20px;'><div class='osoblje-image-container-j' style='background: transparent url(http:\/\/linuxpmf.pmf.ni.ac.rs\/upload\/zaposleni\/slike\/280.jpg) center center no-repeat;'><\/div><a href='\/en\/teachers-and-associates\/?idz=280' class='no-style'><h5>Dr Nenad Lj. Milojevi\u0107<\/h5><\/a><p class='prof-funkcija'>Full professor<\/p><\/div><div class='col-md-3 col-sm-6 col-xs-12' style='text-align: center; min-height:300px; margin-bottom:20px;'><div class='osoblje-image-container-j' style='background: transparent url(http:\/\/linuxpmf.pmf.ni.ac.rs\/upload\/zaposleni\/slike\/63.bmp) center center no-repeat;'><\/div><a href='\/en\/teachers-and-associates\/?idz=63' class='no-style'><h5>Dr Vesna M. Mani\u0107<\/h5><\/a><p class='prof-funkcija'>Associate professor<\/p><\/div><div class='col-md-3 col-sm-6 col-xs-12' style='text-align: center; min-height:300px; margin-bottom:20px;'><div class='osoblje-image-container-j' style='background: rgb(156,152,180);'><span class='osoblje-inicijali'>DA<\/span><\/div><a href='\/en\/teachers-and-associates\/?idz=155' class='no-style'><h5>Dr Dejan S. Aleksi\u0107<\/h5><\/a><p class='prof-funkcija'>Associate professor<\/p><\/div><div class='col-md-3 col-sm-6 col-xs-12' style='text-align: center; min-height:300px; margin-bottom:20px;'><div class='osoblje-image-container-j' style='background: rgb(173,144,180);'><span class='osoblje-inicijali'>DD<\/span><\/div><a href='\/en\/teachers-and-associates\/?idz=142' class='no-style'><h5>Dr Dragoljub D. Dimitrijevi\u0107<\/h5><\/a><p class='prof-funkcija'>Associate professor<\/p><\/div><div class='col-md-3 col-sm-6 col-xs-12' style='text-align: center; min-height:300px; margin-bottom:20px;'><div class='osoblje-image-container-j' style='background: transparent url(http:\/\/linuxpmf.pmf.ni.ac.rs\/upload\/zaposleni\/slike\/z_3566.jpg) center center no-repeat;'><\/div><a href='\/en\/teachers-and-associates\/?idz=3566' class='no-style'><h5>Dr Vladan Lj. Pavlovi\u0107<\/h5><\/a><p class='prof-funkcija'>Associate professor<\/p><\/div><div class='col-md-3 col-sm-6 col-xs-12' style='text-align: center; min-height:300px; margin-bottom:20px;'><div class='osoblje-image-container-j' style='background: transparent url(http:\/\/linuxpmf.pmf.ni.ac.rs\/upload\/zaposleni\/slike\/z_116.jpg) center center no-repeat;'><\/div><a href='\/en\/teachers-and-associates\/?idz=116' class='no-style'><h5>Dr Dejan R. Dimitrijevi\u0107<\/h5><\/a><p class='prof-funkcija'>Assistant professor<\/p><\/div><div class='col-md-3 col-sm-6 col-xs-12' style='text-align: center; min-height:300px; margin-bottom:20px;'><div class='osoblje-image-container-j' style='background: transparent url(http:\/\/linuxpmf.pmf.ni.ac.rs\/upload\/zaposleni\/slike\/237.jpg) center center no-repeat;'><\/div><a href='\/en\/teachers-and-associates\/?idz=237' class='no-style'><h5>Dr Lana S. Panti\u0107-Ran\u0111elovi\u0107<\/h5><\/a><p class='prof-funkcija'>Assistant professor<\/p><\/div><div class='col-md-3 col-sm-6 col-xs-12' style='text-align: center; min-height:300px; margin-bottom:20px;'><div class='osoblje-image-container-j' style='background: transparent url(http:\/\/linuxpmf.pmf.ni.ac.rs\/upload\/zaposleni\/slike\/z_318.jpg) center center no-repeat;'><\/div><a href='\/en\/teachers-and-associates\/?idz=318' class='no-style'><h5>Dr Milan D. Milo\u0161evi\u0107<\/h5><\/a><p class='prof-funkcija'>Assistant professor<\/p><\/div><div class='col-md-3 col-sm-6 col-xs-12' style='text-align: center; min-height:300px; margin-bottom:20px;'><div class='osoblje-image-container-j' style='background: transparent url(http:\/\/linuxpmf.pmf.ni.ac.rs\/upload\/zaposleni\/slike\/z_417.jpg) center center no-repeat;'><\/div><a href='\/en\/teachers-and-associates\/?idz=417' class='no-style'><h5>Dr Lazar G. Radenkovi\u0107<\/h5><\/a><p class='prof-funkcija'>Assistant professor<\/p><\/div><div class='col-md-3 col-sm-6 col-xs-12' style='text-align: center; min-height:300px; margin-bottom:20px;'><div class='osoblje-image-container-j' style='background: transparent url(http:\/\/linuxpmf.pmf.ni.ac.rs\/upload\/zaposleni\/slike\/z_347.jpg) center center no-repeat;'><\/div><a href='\/en\/teachers-and-associates\/?idz=347' class='no-style'><h5>Dr \u017deljko J. Mladenovi\u0107<\/h5><\/a><p class='prof-funkcija'>Assistant professor<\/p><\/div><div class='col-md-3 col-sm-6 col-xs-12' style='text-align: center; min-height:300px; margin-bottom:20px;'><div class='osoblje-image-container-j' style='background: transparent url(http:\/\/linuxpmf.pmf.ni.ac.rs\/upload\/zaposleni\/slike\/z_707.jpg) center center no-repeat;'><\/div><a href='\/en\/teachers-and-associates\/?idz=707' class='no-style'><h5>Dr Danilo \u017d. Deliba\u0161i\u0107<\/h5><\/a><p class='prof-funkcija'>Assistant professor<\/p><\/div><div class='col-md-3 col-sm-6 col-xs-12' style='text-align: center; min-height:300px; margin-bottom:20px;'><div class='osoblje-image-container-j' style='background: rgb(168,143,180);'><span class='osoblje-inicijali'>JD<\/span><\/div><a href='\/en\/teachers-and-associates\/?idz=424' class='no-style'><h5>Dr Jelena S. Deliba\u0161i\u0107<\/h5><\/a><p class='prof-funkcija'>Assistant professor<\/p><\/div><div class='col-md-3 col-sm-6 col-xs-12' style='text-align: center; min-height:300px; margin-bottom:20px;'><div class='osoblje-image-container-j' style='background: rgb(174,142,180);'><span class='osoblje-inicijali'>S\u0110<\/span><\/div><a href='\/en\/teachers-and-associates\/?idz=2069' class='no-style'><h5>Stefan N. \u0110or\u0111evi\u0107<\/h5><\/a><p class='prof-funkcija'>Teaching assistant<\/p><\/div><div class='col-md-3 col-sm-6 col-xs-12' style='text-align: center; min-height:300px; margin-bottom:20px;'><div class='osoblje-image-container-j' style='background: rgb(164,158,180);'><span class='osoblje-inicijali'>MM<\/span><\/div><a href='\/en\/teachers-and-associates\/?idz=1118' class='no-style'><h5>Marko D. Miladinovi\u0107<\/h5><\/a><p class='prof-funkcija'>Junior teaching assistant<\/p><\/div><h2 style='text-align: center; margin-bottom:60px;'><strong>Engaged in supplementary work<\/strong><\/h2><div class='col-md-3 col-sm-6 col-xs-12' style='text-align: center; min-height:300px; margin-bottom:20px;'><div class='osoblje-image-container-j' style='background: rgb(159,145,180);'><span class='osoblje-inicijali'>G\u0110<\/span><\/div><a href='\/en\/teachers-and-associates\/?idz=1077' class='no-style'><h5>Dr Gordana D. \u0110igi\u0107<\/h5><\/a><p class='prof-funkcija'>Associate professor<\/p><\/div><\/div><\/p>\t\t\t\t\t<\/div>\n\t\t\t\t\t\t<\/div>\n\t\t\t\t<\/div>\n\t\t\t\t\t\t<\/div>\n\t\t\t\t\t<\/div>\n\t\t<\/div>\n\t\t\t\t\t\t\t\t<\/div>\n\t\t\t\t\t<\/div>\n\t\t<\/section>\n\t\t\t\t\t\t\t\t\t<\/div>\n\t\t\t<\/div>\n\t\t\t\t\t<\/div>\n\t\t","protected":false},"excerpt":{"rendered":"","protected":false},"author":1,"featured_media":0,"parent":0,"menu_order":0,"comment_status":"closed","ping_status":"closed","template":"","meta":{"_editorskit_title_hidden":false,"_editorskit_reading_time":0,"_editorskit_is_block_options_detached":false,"_editorskit_block_options_position":"{}","inline_featured_image":false},"acf":[],"yoast_head":"<!-- This site is optimized with the Yoast SEO plugin v19.7.1 - https:\/\/yoast.com\/wordpress\/plugins\/seo\/ -->\n<title>Teachers and associates at the Department of Physics | Prirodno-matemati\u010dki fakultet<\/title>\n<meta name=\"robots\" content=\"index, follow, max-snippet:-1, max-image-preview:large, max-video-preview:-1\" \/>\n<link rel=\"canonical\" href=\"https:\/\/www.pmf.ni.ac.rs\/en\/teachers-and-associates-at-the-department-of-physics\/\" \/>\n<meta property=\"og:locale\" content=\"en_US\" \/>\n<meta property=\"og:type\" content=\"article\" \/>\n<meta property=\"og:title\" content=\"Teachers and associates at the Department of Physics | Prirodno-matemati\u010dki fakultet\" \/>\n<meta property=\"og:url\" content=\"https:\/\/www.pmf.ni.ac.rs\/en\/teachers-and-associates-at-the-department-of-physics\/\" \/>\n<meta property=\"og:site_name\" content=\"Prirodno-matemati\u010dki fakultet\" \/>\n<meta property=\"article:publisher\" content=\"https:\/\/www.facebook.com\/Pmf.Nis\" \/>\n<meta property=\"article:modified_time\" content=\"2022-11-03T09:56:46+00:00\" \/>\n<meta property=\"og:image\" content=\"https:\/\/www.pmf.ni.ac.rs\/wp-content\/uploads\/2018\/09\/pmf_facebook_share.jpg\" \/>\n\t<meta property=\"og:image:width\" content=\"1200\" \/>\n\t<meta property=\"og:image:height\" content=\"628\" \/>\n\t<meta property=\"og:image:type\" content=\"image\/jpeg\" \/>\n<meta name=\"twitter:card\" content=\"summary_large_image\" \/>\n<meta name=\"twitter:site\" content=\"@pmfnis\" \/>\n<script type=\"application\/ld+json\" class=\"yoast-schema-graph\">{\"@context\":\"https:\/\/schema.org\",\"@graph\":[{\"@type\":\"WebPage\",\"@id\":\"https:\/\/www.pmf.ni.ac.rs\/en\/teachers-and-associates-at-the-department-of-physics\/\",\"url\":\"https:\/\/www.pmf.ni.ac.rs\/en\/teachers-and-associates-at-the-department-of-physics\/\",\"name\":\"Teachers and associates at the Department of Physics | Prirodno-matemati\u010dki fakultet\",\"isPartOf\":{\"@id\":\"https:\/\/www.pmf.ni.ac.rs\/en\/#website\"},\"datePublished\":\"2022-11-02T10:17:36+00:00\",\"dateModified\":\"2022-11-03T09:56:46+00:00\",\"breadcrumb\":{\"@id\":\"https:\/\/www.pmf.ni.ac.rs\/en\/teachers-and-associates-at-the-department-of-physics\/#breadcrumb\"},\"inLanguage\":\"en-US\",\"potentialAction\":[{\"@type\":\"ReadAction\",\"target\":[\"https:\/\/www.pmf.ni.ac.rs\/en\/teachers-and-associates-at-the-department-of-physics\/\"]}]},{\"@type\":\"BreadcrumbList\",\"@id\":\"https:\/\/www.pmf.ni.ac.rs\/en\/teachers-and-associates-at-the-department-of-physics\/#breadcrumb\",\"itemListElement\":[{\"@type\":\"ListItem\",\"position\":1,\"name\":\"Home\",\"item\":\"https:\/\/www.pmf.ni.ac.rs\/en\/\"},{\"@type\":\"ListItem\",\"position\":2,\"name\":\"Teachers and associates at the Department of Physics\"}]},{\"@type\":\"WebSite\",\"@id\":\"https:\/\/www.pmf.ni.ac.rs\/en\/#website\",\"url\":\"https:\/\/www.pmf.ni.ac.rs\/en\/\",\"name\":\"Prirodno-matemati\u010dki fakultet\",\"description\":\"Univerzitet u Ni\u0161u\",\"publisher\":{\"@id\":\"https:\/\/www.pmf.ni.ac.rs\/en\/#organization\"},\"potentialAction\":[{\"@type\":\"SearchAction\",\"target\":{\"@type\":\"EntryPoint\",\"urlTemplate\":\"https:\/\/www.pmf.ni.ac.rs\/en\/?s={search_term_string}\"},\"query-input\":\"required name=search_term_string\"}],\"inLanguage\":\"en-US\"},{\"@type\":\"Organization\",\"@id\":\"https:\/\/www.pmf.ni.ac.rs\/en\/#organization\",\"name\":\"Prirodno-matemati\u010dki fakultet\",\"url\":\"https:\/\/www.pmf.ni.ac.rs\/en\/\",\"sameAs\":[\"https:\/\/www.instagram.com\/pmf.nis\/\",\"https:\/\/www.facebook.com\/Pmf.Nis\",\"https:\/\/twitter.com\/pmfnis\"],\"logo\":{\"@type\":\"ImageObject\",\"inLanguage\":\"en-US\",\"@id\":\"https:\/\/www.pmf.ni.ac.rs\/en\/#\/schema\/logo\/image\/\",\"url\":\"https:\/\/www.pmf.ni.ac.rs\/wp-content\/uploads\/2022\/09\/pmf_logo3-eng3-path.svg\",\"contentUrl\":\"https:\/\/www.pmf.ni.ac.rs\/wp-content\/uploads\/2022\/09\/pmf_logo3-eng3-path.svg\",\"width\":480,\"height\":160,\"caption\":\"Prirodno-matemati\u010dki fakultet\"},\"image\":{\"@id\":\"https:\/\/www.pmf.ni.ac.rs\/en\/#\/schema\/logo\/image\/\"}}]}<\/script>\n<!-- \/ Yoast SEO plugin. -->","yoast_head_json":{"title":"Teachers and associates at the Department of Physics | Prirodno-matemati\u010dki fakultet","robots":{"index":"index","follow":"follow","max-snippet":"max-snippet:-1","max-image-preview":"max-image-preview:large","max-video-preview":"max-video-preview:-1"},"canonical":"https:\/\/www.pmf.ni.ac.rs\/en\/teachers-and-associates-at-the-department-of-physics\/","og_locale":"en_US","og_type":"article","og_title":"Teachers and associates at the Department of Physics | Prirodno-matemati\u010dki fakultet","og_url":"https:\/\/www.pmf.ni.ac.rs\/en\/teachers-and-associates-at-the-department-of-physics\/","og_site_name":"Prirodno-matemati\u010dki fakultet","article_publisher":"https:\/\/www.facebook.com\/Pmf.Nis","article_modified_time":"2022-11-03T09:56:46+00:00","og_image":[{"width":1200,"height":628,"url":"https:\/\/www.pmf.ni.ac.rs\/wp-content\/uploads\/2018\/09\/pmf_facebook_share.jpg","type":"image\/jpeg"}],"twitter_card":"summary_large_image","twitter_site":"@pmfnis","schema":{"@context":"https:\/\/schema.org","@graph":[{"@type":"WebPage","@id":"https:\/\/www.pmf.ni.ac.rs\/en\/teachers-and-associates-at-the-department-of-physics\/","url":"https:\/\/www.pmf.ni.ac.rs\/en\/teachers-and-associates-at-the-department-of-physics\/","name":"Teachers and associates at the Department of Physics | Prirodno-matemati\u010dki fakultet","isPartOf":{"@id":"https:\/\/www.pmf.ni.ac.rs\/en\/#website"},"datePublished":"2022-11-02T10:17:36+00:00","dateModified":"2022-11-03T09:56:46+00:00","breadcrumb":{"@id":"https:\/\/www.pmf.ni.ac.rs\/en\/teachers-and-associates-at-the-department-of-physics\/#breadcrumb"},"inLanguage":"en-US","potentialAction":[{"@type":"ReadAction","target":["https:\/\/www.pmf.ni.ac.rs\/en\/teachers-and-associates-at-the-department-of-physics\/"]}]},{"@type":"BreadcrumbList","@id":"https:\/\/www.pmf.ni.ac.rs\/en\/teachers-and-associates-at-the-department-of-physics\/#breadcrumb","itemListElement":[{"@type":"ListItem","position":1,"name":"Home","item":"https:\/\/www.pmf.ni.ac.rs\/en\/"},{"@type":"ListItem","position":2,"name":"Teachers and associates at the Department of Physics"}]},{"@type":"WebSite","@id":"https:\/\/www.pmf.ni.ac.rs\/en\/#website","url":"https:\/\/www.pmf.ni.ac.rs\/en\/","name":"Prirodno-matemati\u010dki fakultet","description":"Univerzitet u Ni\u0161u","publisher":{"@id":"https:\/\/www.pmf.ni.ac.rs\/en\/#organization"},"potentialAction":[{"@type":"SearchAction","target":{"@type":"EntryPoint","urlTemplate":"https:\/\/www.pmf.ni.ac.rs\/en\/?s={search_term_string}"},"query-input":"required name=search_term_string"}],"inLanguage":"en-US"},{"@type":"Organization","@id":"https:\/\/www.pmf.ni.ac.rs\/en\/#organization","name":"Prirodno-matemati\u010dki fakultet","url":"https:\/\/www.pmf.ni.ac.rs\/en\/","sameAs":["https:\/\/www.instagram.com\/pmf.nis\/","https:\/\/www.facebook.com\/Pmf.Nis","https:\/\/twitter.com\/pmfnis"],"logo":{"@type":"ImageObject","inLanguage":"en-US","@id":"https:\/\/www.pmf.ni.ac.rs\/en\/#\/schema\/logo\/image\/","url":"https:\/\/www.pmf.ni.ac.rs\/wp-content\/uploads\/2022\/09\/pmf_logo3-eng3-path.svg","contentUrl":"https:\/\/www.pmf.ni.ac.rs\/wp-content\/uploads\/2022\/09\/pmf_logo3-eng3-path.svg","width":480,"height":160,"caption":"Prirodno-matemati\u010dki fakultet"},"image":{"@id":"https:\/\/www.pmf.ni.ac.rs\/en\/#\/schema\/logo\/image\/"}}]}},"_links":{"self":[{"href":"https:\/\/www.pmf.ni.ac.rs\/en\/wp-json\/wp\/v2\/pages\/40122"}],"collection":[{"href":"https:\/\/www.pmf.ni.ac.rs\/en\/wp-json\/wp\/v2\/pages"}],"about":[{"href":"https:\/\/www.pmf.ni.ac.rs\/en\/wp-json\/wp\/v2\/types\/page"}],"author":[{"embeddable":true,"href":"https:\/\/www.pmf.ni.ac.rs\/en\/wp-json\/wp\/v2\/users\/1"}],"replies":[{"embeddable":true,"href":"https:\/\/www.pmf.ni.ac.rs\/en\/wp-json\/wp\/v2\/comments?post=40122"}],"version-history":[{"count":0,"href":"https:\/\/www.pmf.ni.ac.rs\/en\/wp-json\/wp\/v2\/pages\/40122\/revisions"}],"wp:attachment":[{"href":"https:\/\/www.pmf.ni.ac.rs\/en\/wp-json\/wp\/v2\/media?parent=40122"}],"curies":[{"name":"wp","href":"https:\/\/api.w.org\/{rel}","templated":true}]}}