{"id":40123,"date":"2022-11-02T11:18:15","date_gmt":"2022-11-02T10:18:15","guid":{"rendered":"https:\/\/www.pmf.ni.ac.rs\/teachers-and-associates-at-the-department-of-biology\/"},"modified":"2022-12-27T08:47:11","modified_gmt":"2022-12-27T07:47:11","slug":"teachers-and-associates-at-the-department-of-biology","status":"publish","type":"page","link":"https:\/\/www.pmf.ni.ac.rs\/en\/teachers-and-associates-at-the-department-of-biology\/","title":{"rendered":"Teachers and associates at the Department of Biology and ecology"},"content":{"rendered":"\ufeff<div class='row prof-section'>\r\n<div class='col-md-6 col-sm-12' style='text-align: center; min-height:300px; margin-bottom:20px;'>\r\n<h2 style='margin-bottom:40px;'><strong>Manager<\/strong><\/h2><div class='osoblje-image-container-j' style='background: transparent url(http:\/\/linuxpmf.pmf.ni.ac.rs\/upload\/zaposleni\/slike\/z_228.jpg) center center no-repeat;'><\/div><a href='\/en\/teachers-and-associates\/?idz=228' class='no-style'><h3>Dr Slavi\u0161a M. Stamenkovi\u0107<\/h3><\/a><p class='prof-funkcija'>Full professor<\/p><\/div><div class='col-md-6 col-sm-12' style='text-align: center; min-height:300px; margin-bottom:20px;'>\r\n<h2 style='margin-bottom:40px;'><strong>Secretary<\/strong><\/h2><div class='osoblje-image-container-j' style='background: transparent url(http:\/\/linuxpmf.pmf.ni.ac.rs\/pmfenterprise\/slike\/z_1108.jpg) center center no-repeat;'><\/div><a href='\/en\/teachers-and-associates\/?idz=1108' class='no-style'><h3>Branko N. Joti\u0107<\/h3><\/a><p class='prof-funkcija'>Teaching assistant<\/p><\/div><\/div><hr><div class='row prof-section'><h2 style='text-align: center; margin-bottom:60px;'><strong>Full-time employees<\/strong><\/h2><div class='col-md-3 col-sm-6 col-xs-12' style='text-align: center; min-height:300px; margin-bottom:20px;'><div class='osoblje-image-container-j' style='background: transparent url(http:\/\/linuxpmf.pmf.ni.ac.rs\/upload\/zaposleni\/slike\/z_228.jpg) center center no-repeat;'><\/div><a href='\/en\/teachers-and-associates\/?idz=228' class='no-style'><h5>Dr Slavi\u0161a M. Stamenkovi\u0107<\/h5><\/a><p class='prof-funkcija'>Full professor<\/p><\/div><div class='col-md-3 col-sm-6 col-xs-12' style='text-align: center; min-height:300px; margin-bottom:20px;'><div class='osoblje-image-container-j' style='background: transparent url(http:\/\/linuxpmf.pmf.ni.ac.rs\/upload\/zaposleni\/slike\/261.jpg) center center no-repeat;'><\/div><a href='\/en\/teachers-and-associates\/?idz=261' class='no-style'><h5>Dr Dragana D. Stoji\u010di\u0107<\/h5><\/a><p class='prof-funkcija'>Full professor<\/p><\/div><div class='col-md-3 col-sm-6 col-xs-12' style='text-align: center; min-height:300px; margin-bottom:20px;'><div class='osoblje-image-container-j' style='background: transparent url(http:\/\/linuxpmf.pmf.ni.ac.rs\/upload\/zaposleni\/slike\/257.jpg) center center no-repeat;'><\/div><a href='\/en\/teachers-and-associates\/?idz=257' class='no-style'><h5>Dr Vladimir A. \u017diki\u0107<\/h5><\/a><p class='prof-funkcija'>Full professor<\/p><\/div><div class='col-md-3 col-sm-6 col-xs-12' style='text-align: center; min-height:300px; margin-bottom:20px;'><div class='osoblje-image-container-j' style='background: transparent url(http:\/\/linuxpmf.pmf.ni.ac.rs\/upload\/zaposleni\/slike\/z_180.jpg) center center no-repeat;'><\/div><a href='\/en\/teachers-and-associates\/?idz=180' class='no-style'><h5>Dr Marina \u017d. Ju\u0161kovi\u0107<\/h5><\/a><p class='prof-funkcija'>Full professor<\/p><\/div><div class='col-md-3 col-sm-6 col-xs-12' style='text-align: center; min-height:300px; margin-bottom:20px;'><div class='osoblje-image-container-j' style='background: transparent url(http:\/\/linuxpmf.pmf.ni.ac.rs\/upload\/zaposleni\/slike\/162.jpg) center center no-repeat;'><\/div><a href='\/en\/teachers-and-associates\/?idz=162' class='no-style'><h5>Dr Tatjana Lj. Mitrovi\u0107<\/h5><\/a><p class='prof-funkcija'>Full professor<\/p><\/div><div class='col-md-3 col-sm-6 col-xs-12' style='text-align: center; min-height:300px; margin-bottom:20px;'><div class='osoblje-image-container-j' style='background: transparent url(http:\/\/linuxpmf.pmf.ni.ac.rs\/upload\/zaposleni\/slike\/154.jpg) center center no-repeat;'><\/div><a href='\/en\/teachers-and-associates\/?idz=154' class='no-style'><h5>Dr Tatjana M. Mihajilov-Krstev<\/h5><\/a><p class='prof-funkcija'>Full professor<\/p><\/div><div class='col-md-3 col-sm-6 col-xs-12' style='text-align: center; min-height:300px; margin-bottom:20px;'><div class='osoblje-image-container-j' style='background: rgb(175,140,180);'><span class='osoblje-inicijali'>BZ<\/span><\/div><a href='\/en\/teachers-and-associates\/?idz=202' class='no-style'><h5>Dr Bojan K. Zlatkovi\u0107<\/h5><\/a><p class='prof-funkcija'>Full professor<\/p><\/div><div class='col-md-3 col-sm-6 col-xs-12' style='text-align: center; min-height:300px; margin-bottom:20px;'><div class='osoblje-image-container-j' style='background: transparent url(http:\/\/linuxpmf.pmf.ni.ac.rs\/upload\/zaposleni\/slike\/164.jpg) center center no-repeat;'><\/div><a href='\/en\/teachers-and-associates\/?idz=164' class='no-style'><h5>Dr Perica J. Vasiljevi\u0107<\/h5><\/a><p class='prof-funkcija'>Full professor<\/p><\/div><div class='col-md-3 col-sm-6 col-xs-12' style='text-align: center; min-height:300px; margin-bottom:20px;'><div class='osoblje-image-container-j' style='background: transparent url(http:\/\/linuxpmf.pmf.ni.ac.rs\/upload\/zaposleni\/slike\/632.jpg) center center no-repeat;'><\/div><a href='\/en\/teachers-and-associates\/?idz=632' class='no-style'><h5>Dr Nata\u0161a Jokovi\u0107<\/h5><\/a><p class='prof-funkcija'>Full professor<\/p><\/div><div class='col-md-3 col-sm-6 col-xs-12' style='text-align: center; min-height:300px; margin-bottom:20px;'><div class='osoblje-image-container-j' style='background: rgb(166,164,180);'><span class='osoblje-inicijali'>AS<\/span><\/div><a href='\/en\/teachers-and-associates\/?idz=189' class='no-style'><h5>Dr Ana V. Savi\u0107<\/h5><\/a><p class='prof-funkcija'>Full professor<\/p><\/div><div class='col-md-3 col-sm-6 col-xs-12' style='text-align: center; min-height:300px; margin-bottom:20px;'><div class='osoblje-image-container-j' style='background: transparent url(http:\/\/linuxpmf.pmf.ni.ac.rs\/upload\/zaposleni\/slike\/z_211.jpg) center center no-repeat;'><\/div><a href='\/en\/teachers-and-associates\/?idz=211' class='no-style'><h5>Dr Zorica Z. Stojanovi\u0107-Radi\u0107<\/h5><\/a><p class='prof-funkcija'>Full professor<\/p><\/div><div class='col-md-3 col-sm-6 col-xs-12' style='text-align: center; min-height:300px; margin-bottom:20px;'><div class='osoblje-image-container-j' style='background: rgb(154,142,180);'><span class='osoblje-inicijali'>ZM<\/span><\/div><a href='\/en\/teachers-and-associates\/?idz=277' class='no-style'><h5>Dr Zorica S. Miti\u0107<\/h5><\/a><p class='prof-funkcija'>Full professor<\/p><\/div><div class='col-md-3 col-sm-6 col-xs-12' style='text-align: center; min-height:300px; margin-bottom:20px;'><div class='osoblje-image-container-j' style='background: transparent url(http:\/\/linuxpmf.pmf.ni.ac.rs\/upload\/zaposleni\/slike\/269.jpg) center center no-repeat;'><\/div><a href='\/en\/teachers-and-associates\/?idz=269' class='no-style'><h5>Dr Danijela S. Nikoli\u0107<\/h5><\/a><p class='prof-funkcija'>Full professor<\/p><\/div><div class='col-md-3 col-sm-6 col-xs-12' style='text-align: center; min-height:300px; margin-bottom:20px;'><div class='osoblje-image-container-j' style='background: transparent url(http:\/\/linuxpmf.pmf.ni.ac.rs\/upload\/zaposleni\/slike\/305.jpg) center center no-repeat;'><\/div><a href='\/en\/teachers-and-associates\/?idz=305' class='no-style'><h5>Dr Milica S. Stojkovi\u0107-Piperac<\/h5><\/a><p class='prof-funkcija'>Full professor<\/p><\/div><div class='col-md-3 col-sm-6 col-xs-12' style='text-align: center; min-height:300px; margin-bottom:20px;'><div class='osoblje-image-container-j' style='background: transparent url(http:\/\/linuxpmf.pmf.ni.ac.rs\/upload\/zaposleni\/slike\/z_276.jpg) center center no-repeat;'><\/div><a href='\/en\/teachers-and-associates\/?idz=276' class='no-style'><h5>Dr \u0110ura\u0111 D. Milo\u0161evi\u0107<\/h5><\/a><p class='prof-funkcija'>Full professor<\/p><\/div><div class='col-md-3 col-sm-6 col-xs-12' style='text-align: center; min-height:300px; margin-bottom:20px;'><div class='osoblje-image-container-j' style='background: transparent url(http:\/\/linuxpmf.pmf.ni.ac.rs\/upload\/zaposleni\/slike\/190.jpg) center center no-repeat;'><\/div><a href='\/en\/teachers-and-associates\/?idz=190' class='no-style'><h5>Dr Ljubi\u0161a B. \u0110or\u0111evi\u0107<\/h5><\/a><p class='prof-funkcija'>Associate professor<\/p><\/div><div class='col-md-3 col-sm-6 col-xs-12' style='text-align: center; min-height:300px; margin-bottom:20px;'><div class='osoblje-image-container-j' style='background: rgb(152,165,180);'><span class='osoblje-inicijali'>ST<\/span><\/div><a href='\/en\/teachers-and-associates\/?idz=181' class='no-style'><h5>Dr Svetlana M. To\u0161i\u0107<\/h5><\/a><p class='prof-funkcija'>Associate professor<\/p><\/div><div class='col-md-3 col-sm-6 col-xs-12' style='text-align: center; min-height:300px; margin-bottom:20px;'><div class='osoblje-image-container-j' style='background: transparent url(http:\/\/linuxpmf.pmf.ni.ac.rs\/upload\/zaposleni\/slike\/298.jpg) center center no-repeat;'><\/div><a href='\/en\/teachers-and-associates\/?idz=298' class='no-style'><h5>Dr Sa\u0161a S. Stankovi\u0107<\/h5><\/a><p class='prof-funkcija'>Associate professor<\/p><\/div><div class='col-md-3 col-sm-6 col-xs-12' style='text-align: center; min-height:300px; margin-bottom:20px;'><div class='osoblje-image-container-j' style='background: transparent url(http:\/\/linuxpmf.pmf.ni.ac.rs\/upload\/zaposleni\/slike\/275.jpg) center center no-repeat;'><\/div><a href='\/en\/teachers-and-associates\/?idz=275' class='no-style'><h5>Dr Jelena S. Vitorovi\u0107<\/h5><\/a><p class='prof-funkcija'>Associate professor<\/p><\/div><div class='col-md-3 col-sm-6 col-xs-12' style='text-align: center; min-height:300px; margin-bottom:20px;'><div class='osoblje-image-container-j' style='background: transparent url(http:\/\/linuxpmf.pmf.ni.ac.rs\/upload\/zaposleni\/slike\/270.jpg) center center no-repeat;'><\/div><a href='\/en\/teachers-and-associates\/?idz=270' class='no-style'><h5>Dr Marijana M. Ili\u0107 Milo\u0161evi\u0107<\/h5><\/a><p class='prof-funkcija'>Associate professor<\/p><\/div><div class='col-md-3 col-sm-6 col-xs-12' style='text-align: center; min-height:300px; margin-bottom:20px;'><div class='osoblje-image-container-j' style='background: transparent url(http:\/\/linuxpmf.pmf.ni.ac.rs\/upload\/zaposleni\/slike\/z_297.jpg) center center no-repeat;'><\/div><a href='\/en\/teachers-and-associates\/?idz=297' class='no-style'><h5>Dr Vladimir J. Cvetkovi\u0107<\/h5><\/a><p class='prof-funkcija'>Associate professor<\/p><\/div><div class='col-md-3 col-sm-6 col-xs-12' style='text-align: center; min-height:300px; margin-bottom:20px;'><div class='osoblje-image-container-j' style='background: rgb(153,162,180);'><span class='osoblje-inicijali'>DJ<\/span><\/div><a href='\/en\/teachers-and-associates\/?idz=390' class='no-style'><h5>Dr Dragana D. Jena\u010dkovi\u0107 Goci\u0107<\/h5><\/a><p class='prof-funkcija'>Associate professor<\/p><\/div><div class='col-md-3 col-sm-6 col-xs-12' style='text-align: center; min-height:300px; margin-bottom:20px;'><div class='osoblje-image-container-j' style='background: transparent url(http:\/\/linuxpmf.pmf.ni.ac.rs\/upload\/zaposleni\/slike\/210.jpg) center center no-repeat;'><\/div><a href='\/en\/teachers-and-associates\/?idz=210' class='no-style'><h5>Dr Dragana M. Stojadinovi\u0107<\/h5><\/a><p class='prof-funkcija'>Assistant professor<\/p><\/div><div class='col-md-3 col-sm-6 col-xs-12' style='text-align: center; min-height:300px; margin-bottom:20px;'><div class='osoblje-image-container-j' style='background: transparent url(http:\/\/linuxpmf.pmf.ni.ac.rs\/upload\/zaposleni\/slike\/419.jpg) center center no-repeat;'><\/div><a href='\/en\/teachers-and-associates\/?idz=419' class='no-style'><h5>Dr Nikola Stankovi\u0107<\/h5><\/a><p class='prof-funkcija'>Assistant professor<\/p><\/div><div class='col-md-3 col-sm-6 col-xs-12' style='text-align: center; min-height:300px; margin-bottom:20px;'><div class='osoblje-image-container-j' style='background: transparent url(http:\/\/linuxpmf.pmf.ni.ac.rs\/upload\/zaposleni\/slike\/z_835.jpg) center center no-repeat;'><\/div><a href='\/en\/teachers-and-associates\/?idz=835' class='no-style'><h5>Dr Vi\u0161nja Madi\u0107<\/h5><\/a><p class='prof-funkcija'>Assistant professor<\/p><\/div><div class='col-md-3 col-sm-6 col-xs-12' style='text-align: center; min-height:300px; margin-bottom:20px;'><div class='osoblje-image-container-j' style='background: transparent url(http:\/\/linuxpmf.pmf.ni.ac.rs\/upload\/zaposleni\/slike\/z_725.jpg) center center no-repeat;'><\/div><a href='\/en\/teachers-and-associates\/?idz=725' class='no-style'><h5>Dr Nikola M. Jovanovi\u0107<\/h5><\/a><p class='prof-funkcija'>Assistant professor<\/p><\/div><div class='col-md-3 col-sm-6 col-xs-12' style='text-align: center; min-height:300px; margin-bottom:20px;'><div class='osoblje-image-container-j' style='background: transparent url(http:\/\/linuxpmf.pmf.ni.ac.rs\/upload\/zaposleni\/slike\/z_1108.jpg) center center no-repeat;'><\/div><a href='\/en\/teachers-and-associates\/?idz=1108' class='no-style'><h5>Branko N. Joti\u0107<\/h5><\/a><p class='prof-funkcija'>Teaching assistant<\/p><\/div><h2 style='text-align: center; margin-bottom:60px;'><strong>Engaged in supplementary work<\/strong><\/h2><div class='col-md-3 col-sm-6 col-xs-12' style='text-align: center; min-height:300px; margin-bottom:20px;'><div class='osoblje-image-container-j' style='background: transparent url(http:\/\/linuxpmf.pmf.ni.ac.rs\/upload\/zaposleni\/slike\/253.jpg) center center no-repeat;'><\/div><a href='\/en\/teachers-and-associates\/?idz=253' class='no-style'><h5>Dr Jelka M. Crnobrnja-Isailovi\u0107<\/h5><\/a><p class='prof-funkcija'>Full professor<\/p><\/div><div class='col-md-3 col-sm-6 col-xs-12' style='text-align: center; min-height:300px; margin-bottom:20px;'><div class='osoblje-image-container-j' style='background: rgb(171,163,180);'><span class='osoblje-inicijali'>LR<\/span><\/div><a href='\/en\/teachers-and-associates\/?idz=2040' class='no-style'><h5>Dr Ljupko Rundi\u0107<\/h5><\/a><p class='prof-funkcija'>Full professor<\/p><\/div><\/div>\n","protected":false},"excerpt":{"rendered":"","protected":false},"author":1,"featured_media":0,"parent":0,"menu_order":0,"comment_status":"closed","ping_status":"closed","template":"","meta":{"_editorskit_title_hidden":false,"_editorskit_reading_time":0,"_editorskit_is_block_options_detached":false,"_editorskit_block_options_position":"{}","inline_featured_image":false},"acf":[],"yoast_head":"<!-- This site is optimized with the Yoast SEO plugin v19.7.1 - https:\/\/yoast.com\/wordpress\/plugins\/seo\/ -->\n<title>Teachers and associates at the Department of Biology and ecology | Prirodno-matemati\u010dki fakultet<\/title>\n<meta name=\"robots\" content=\"index, follow, max-snippet:-1, max-image-preview:large, max-video-preview:-1\" \/>\n<link rel=\"canonical\" href=\"https:\/\/www.pmf.ni.ac.rs\/en\/teachers-and-associates-at-the-department-of-biology\/\" \/>\n<meta property=\"og:locale\" content=\"en_US\" \/>\n<meta property=\"og:type\" content=\"article\" \/>\n<meta property=\"og:title\" content=\"Teachers and associates at the Department of Biology and ecology | Prirodno-matemati\u010dki fakultet\" \/>\n<meta property=\"og:url\" content=\"https:\/\/www.pmf.ni.ac.rs\/en\/teachers-and-associates-at-the-department-of-biology\/\" \/>\n<meta property=\"og:site_name\" content=\"Prirodno-matemati\u010dki fakultet\" \/>\n<meta property=\"article:publisher\" content=\"https:\/\/www.facebook.com\/Pmf.Nis\" \/>\n<meta property=\"article:modified_time\" content=\"2022-12-27T07:47:11+00:00\" \/>\n<meta property=\"og:image\" content=\"https:\/\/www.pmf.ni.ac.rs\/wp-content\/uploads\/2018\/09\/pmf_facebook_share.jpg\" \/>\n\t<meta property=\"og:image:width\" content=\"1200\" \/>\n\t<meta property=\"og:image:height\" content=\"628\" \/>\n\t<meta property=\"og:image:type\" content=\"image\/jpeg\" \/>\n<meta name=\"twitter:card\" content=\"summary_large_image\" \/>\n<meta name=\"twitter:site\" content=\"@pmfnis\" \/>\n<script type=\"application\/ld+json\" class=\"yoast-schema-graph\">{\"@context\":\"https:\/\/schema.org\",\"@graph\":[{\"@type\":\"WebPage\",\"@id\":\"https:\/\/www.pmf.ni.ac.rs\/en\/teachers-and-associates-at-the-department-of-biology\/\",\"url\":\"https:\/\/www.pmf.ni.ac.rs\/en\/teachers-and-associates-at-the-department-of-biology\/\",\"name\":\"Teachers and associates at the Department of Biology and ecology | Prirodno-matemati\u010dki fakultet\",\"isPartOf\":{\"@id\":\"https:\/\/www.pmf.ni.ac.rs\/en\/#website\"},\"datePublished\":\"2022-11-02T10:18:15+00:00\",\"dateModified\":\"2022-12-27T07:47:11+00:00\",\"breadcrumb\":{\"@id\":\"https:\/\/www.pmf.ni.ac.rs\/en\/teachers-and-associates-at-the-department-of-biology\/#breadcrumb\"},\"inLanguage\":\"en-US\",\"potentialAction\":[{\"@type\":\"ReadAction\",\"target\":[\"https:\/\/www.pmf.ni.ac.rs\/en\/teachers-and-associates-at-the-department-of-biology\/\"]}]},{\"@type\":\"BreadcrumbList\",\"@id\":\"https:\/\/www.pmf.ni.ac.rs\/en\/teachers-and-associates-at-the-department-of-biology\/#breadcrumb\",\"itemListElement\":[{\"@type\":\"ListItem\",\"position\":1,\"name\":\"Home\",\"item\":\"https:\/\/www.pmf.ni.ac.rs\/en\/\"},{\"@type\":\"ListItem\",\"position\":2,\"name\":\"Teachers and associates at the Department of Biology and ecology\"}]},{\"@type\":\"WebSite\",\"@id\":\"https:\/\/www.pmf.ni.ac.rs\/en\/#website\",\"url\":\"https:\/\/www.pmf.ni.ac.rs\/en\/\",\"name\":\"Prirodno-matemati\u010dki fakultet\",\"description\":\"Univerzitet u Ni\u0161u\",\"publisher\":{\"@id\":\"https:\/\/www.pmf.ni.ac.rs\/en\/#organization\"},\"potentialAction\":[{\"@type\":\"SearchAction\",\"target\":{\"@type\":\"EntryPoint\",\"urlTemplate\":\"https:\/\/www.pmf.ni.ac.rs\/en\/?s={search_term_string}\"},\"query-input\":\"required name=search_term_string\"}],\"inLanguage\":\"en-US\"},{\"@type\":\"Organization\",\"@id\":\"https:\/\/www.pmf.ni.ac.rs\/en\/#organization\",\"name\":\"Prirodno-matemati\u010dki fakultet\",\"url\":\"https:\/\/www.pmf.ni.ac.rs\/en\/\",\"sameAs\":[\"https:\/\/www.instagram.com\/pmf.nis\/\",\"https:\/\/www.facebook.com\/Pmf.Nis\",\"https:\/\/twitter.com\/pmfnis\"],\"logo\":{\"@type\":\"ImageObject\",\"inLanguage\":\"en-US\",\"@id\":\"https:\/\/www.pmf.ni.ac.rs\/en\/#\/schema\/logo\/image\/\",\"url\":\"https:\/\/www.pmf.ni.ac.rs\/wp-content\/uploads\/2022\/09\/pmf_logo3-eng3-path.svg\",\"contentUrl\":\"https:\/\/www.pmf.ni.ac.rs\/wp-content\/uploads\/2022\/09\/pmf_logo3-eng3-path.svg\",\"width\":480,\"height\":160,\"caption\":\"Prirodno-matemati\u010dki fakultet\"},\"image\":{\"@id\":\"https:\/\/www.pmf.ni.ac.rs\/en\/#\/schema\/logo\/image\/\"}}]}<\/script>\n<!-- \/ Yoast SEO plugin. -->","yoast_head_json":{"title":"Teachers and associates at the Department of Biology and ecology | Prirodno-matemati\u010dki fakultet","robots":{"index":"index","follow":"follow","max-snippet":"max-snippet:-1","max-image-preview":"max-image-preview:large","max-video-preview":"max-video-preview:-1"},"canonical":"https:\/\/www.pmf.ni.ac.rs\/en\/teachers-and-associates-at-the-department-of-biology\/","og_locale":"en_US","og_type":"article","og_title":"Teachers and associates at the Department of Biology and ecology | Prirodno-matemati\u010dki fakultet","og_url":"https:\/\/www.pmf.ni.ac.rs\/en\/teachers-and-associates-at-the-department-of-biology\/","og_site_name":"Prirodno-matemati\u010dki fakultet","article_publisher":"https:\/\/www.facebook.com\/Pmf.Nis","article_modified_time":"2022-12-27T07:47:11+00:00","og_image":[{"width":1200,"height":628,"url":"https:\/\/www.pmf.ni.ac.rs\/wp-content\/uploads\/2018\/09\/pmf_facebook_share.jpg","type":"image\/jpeg"}],"twitter_card":"summary_large_image","twitter_site":"@pmfnis","schema":{"@context":"https:\/\/schema.org","@graph":[{"@type":"WebPage","@id":"https:\/\/www.pmf.ni.ac.rs\/en\/teachers-and-associates-at-the-department-of-biology\/","url":"https:\/\/www.pmf.ni.ac.rs\/en\/teachers-and-associates-at-the-department-of-biology\/","name":"Teachers and associates at the Department of Biology and ecology | Prirodno-matemati\u010dki fakultet","isPartOf":{"@id":"https:\/\/www.pmf.ni.ac.rs\/en\/#website"},"datePublished":"2022-11-02T10:18:15+00:00","dateModified":"2022-12-27T07:47:11+00:00","breadcrumb":{"@id":"https:\/\/www.pmf.ni.ac.rs\/en\/teachers-and-associates-at-the-department-of-biology\/#breadcrumb"},"inLanguage":"en-US","potentialAction":[{"@type":"ReadAction","target":["https:\/\/www.pmf.ni.ac.rs\/en\/teachers-and-associates-at-the-department-of-biology\/"]}]},{"@type":"BreadcrumbList","@id":"https:\/\/www.pmf.ni.ac.rs\/en\/teachers-and-associates-at-the-department-of-biology\/#breadcrumb","itemListElement":[{"@type":"ListItem","position":1,"name":"Home","item":"https:\/\/www.pmf.ni.ac.rs\/en\/"},{"@type":"ListItem","position":2,"name":"Teachers and associates at the Department of Biology and ecology"}]},{"@type":"WebSite","@id":"https:\/\/www.pmf.ni.ac.rs\/en\/#website","url":"https:\/\/www.pmf.ni.ac.rs\/en\/","name":"Prirodno-matemati\u010dki fakultet","description":"Univerzitet u Ni\u0161u","publisher":{"@id":"https:\/\/www.pmf.ni.ac.rs\/en\/#organization"},"potentialAction":[{"@type":"SearchAction","target":{"@type":"EntryPoint","urlTemplate":"https:\/\/www.pmf.ni.ac.rs\/en\/?s={search_term_string}"},"query-input":"required name=search_term_string"}],"inLanguage":"en-US"},{"@type":"Organization","@id":"https:\/\/www.pmf.ni.ac.rs\/en\/#organization","name":"Prirodno-matemati\u010dki fakultet","url":"https:\/\/www.pmf.ni.ac.rs\/en\/","sameAs":["https:\/\/www.instagram.com\/pmf.nis\/","https:\/\/www.facebook.com\/Pmf.Nis","https:\/\/twitter.com\/pmfnis"],"logo":{"@type":"ImageObject","inLanguage":"en-US","@id":"https:\/\/www.pmf.ni.ac.rs\/en\/#\/schema\/logo\/image\/","url":"https:\/\/www.pmf.ni.ac.rs\/wp-content\/uploads\/2022\/09\/pmf_logo3-eng3-path.svg","contentUrl":"https:\/\/www.pmf.ni.ac.rs\/wp-content\/uploads\/2022\/09\/pmf_logo3-eng3-path.svg","width":480,"height":160,"caption":"Prirodno-matemati\u010dki fakultet"},"image":{"@id":"https:\/\/www.pmf.ni.ac.rs\/en\/#\/schema\/logo\/image\/"}}]}},"_links":{"self":[{"href":"https:\/\/www.pmf.ni.ac.rs\/en\/wp-json\/wp\/v2\/pages\/40123"}],"collection":[{"href":"https:\/\/www.pmf.ni.ac.rs\/en\/wp-json\/wp\/v2\/pages"}],"about":[{"href":"https:\/\/www.pmf.ni.ac.rs\/en\/wp-json\/wp\/v2\/types\/page"}],"author":[{"embeddable":true,"href":"https:\/\/www.pmf.ni.ac.rs\/en\/wp-json\/wp\/v2\/users\/1"}],"replies":[{"embeddable":true,"href":"https:\/\/www.pmf.ni.ac.rs\/en\/wp-json\/wp\/v2\/comments?post=40123"}],"version-history":[{"count":0,"href":"https:\/\/www.pmf.ni.ac.rs\/en\/wp-json\/wp\/v2\/pages\/40123\/revisions"}],"wp:attachment":[{"href":"https:\/\/www.pmf.ni.ac.rs\/en\/wp-json\/wp\/v2\/media?parent=40123"}],"curies":[{"name":"wp","href":"https:\/\/api.w.org\/{rel}","templated":true}]}}