{"id":40153,"date":"2022-11-03T09:16:13","date_gmt":"2022-11-03T08:16:13","guid":{"rendered":"https:\/\/www.pmf.ni.ac.rs\/teachers-and-associates-at-the-department-of-matemathics\/"},"modified":"2022-11-03T10:41:00","modified_gmt":"2022-11-03T09:41:00","slug":"teachers-and-associates-at-the-department-of-mathemathics","status":"publish","type":"page","link":"https:\/\/www.pmf.ni.ac.rs\/en\/teachers-and-associates-at-the-department-of-mathemathics\/","title":{"rendered":"Teachers and associates at the Department of Mathemathics"},"content":{"rendered":"\t\t<div data-elementor-type=\"wp-page\" data-elementor-id=\"40153\" class=\"elementor elementor-40153 elementor-240 elementor-bc-flex-widget\">\n\t\t\t\t\t\t<div class=\"elementor-inner\">\n\t\t\t\t<div class=\"elementor-section-wrap\">\n\t\t\t\t\t\t\t\t\t<section class=\"elementor-section elementor-top-section elementor-element elementor-element-4fa858d2 elementor-section-boxed elementor-section-height-default elementor-section-height-default\" data-id=\"4fa858d2\" data-element_type=\"section\">\n\t\t\t\t\t\t<div class=\"elementor-container elementor-column-gap-default\">\n\t\t\t\t\t\t\t<div class=\"elementor-row\">\n\t\t\t\t\t<div class=\"elementor-column elementor-col-100 elementor-top-column elementor-element elementor-element-2009a9b1\" data-id=\"2009a9b1\" data-element_type=\"column\">\n\t\t\t<div class=\"elementor-column-wrap elementor-element-populated\">\n\t\t\t\t\t\t\t<div class=\"elementor-widget-wrap\">\n\t\t\t\t\t\t<div class=\"elementor-element elementor-element-81dc3bf elementor-widget elementor-widget-text-editor\" data-id=\"81dc3bf\" data-element_type=\"widget\" data-widget_type=\"text-editor.default\">\n\t\t\t\t<div class=\"elementor-widget-container\">\n\t\t\t\t\t\t\t\t<div class=\"elementor-text-editor elementor-clearfix\">\n\t\t\t\t<p>\ufeff<div class='row prof-section'>\r\n<div class='col-md-6 col-sm-12' style='text-align: center; min-height:300px; margin-bottom:20px;'>\r\n<h2 style='margin-bottom:40px;'><strong>Manager<\/strong><\/h2><div class='osoblje-image-container-j' style='background: transparent url(http:\/\/linuxpmf.pmf.ni.ac.rs\/upload\/zaposleni\/slike\/114.jpg) center center no-repeat;'><\/div><a href='\/en\/teachers-and-associates\/?idz=114' class='no-style'><h3>Dr Miodrag S. \u0110or\u0111evi\u0107<\/h3><\/a><p class='prof-funkcija'>Associate professor<\/p><\/div><div class='col-md-6 col-sm-12' style='text-align: center; min-height:300px; margin-bottom:20px;'>\r\n<h2 style='margin-bottom:40px;'><strong>Secretary<\/strong><\/h2><div class='osoblje-image-container-j' style='background: transparent url(http:\/\/linuxpmf.pmf.ni.ac.rs\/pmfenterprise\/slike\/z_1000.jpg) center center no-repeat;'><\/div><a href='\/en\/teachers-and-associates\/?idz=1000' class='no-style'><h3>Dr Jovana T. Nikolov Radenkovi\u0107<\/h3><\/a><p class='prof-funkcija'>Associate professor<\/p><\/div><\/div><hr><div class='row prof-section'><h2 style='text-align: center; margin-bottom:60px;'><strong>Full-time employees<\/strong><\/h2><div class='col-md-3 col-sm-6 col-xs-12' style='text-align: center; min-height:300px; margin-bottom:20px;'><div class='osoblje-image-container-j' style='background: transparent url(http:\/\/linuxpmf.pmf.ni.ac.rs\/upload\/zaposleni\/slike\/103.png) center center no-repeat;'><\/div><a href='\/en\/teachers-and-associates\/?idz=103' class='no-style'><h5>Dr Ljubica S. Velimirovi\u0107<\/h5><\/a><p class='prof-funkcija'>Full professor<\/p><\/div><div class='col-md-3 col-sm-6 col-xs-12' style='text-align: center; min-height:300px; margin-bottom:20px;'><div class='osoblje-image-container-j' style='background: transparent url(http:\/\/linuxpmf.pmf.ni.ac.rs\/upload\/zaposleni\/slike\/74.jpg) center center no-repeat;'><\/div><a href='\/en\/teachers-and-associates\/?idz=74' class='no-style'><h5>Dr Mi\u0107a S. Stankovi\u0107<\/h5><\/a><p class='prof-funkcija'>Full professor<\/p><\/div><div class='col-md-3 col-sm-6 col-xs-12' style='text-align: center; min-height:300px; margin-bottom:20px;'><div class='osoblje-image-container-j' style='background: rgb(160,150,180);'><span class='osoblje-inicijali'>S\u017d<\/span><\/div><a href='\/en\/teachers-and-associates\/?idz=62' class='no-style'><h5>Dr Sne\u017eana \u010c. \u017divkovi\u0107 Zlatanovi\u0107<\/h5><\/a><p class='prof-funkcija'>Full professor<\/p><\/div><div class='col-md-3 col-sm-6 col-xs-12' style='text-align: center; min-height:300px; margin-bottom:20px;'><div class='osoblje-image-container-j' style='background: transparent url(http:\/\/linuxpmf.pmf.ni.ac.rs\/upload\/zaposleni\/slike\/71.jpg) center center no-repeat;'><\/div><a href='\/en\/teachers-and-associates\/?idz=71' class='no-style'><h5>Dr Miljana D. Jovanovi\u0107<\/h5><\/a><p class='prof-funkcija'>Full professor<\/p><\/div><div class='col-md-3 col-sm-6 col-xs-12' style='text-align: center; min-height:300px; margin-bottom:20px;'><div class='osoblje-image-container-j' style='background: transparent url(http:\/\/linuxpmf.pmf.ni.ac.rs\/upload\/zaposleni\/slike\/82.jpg) center center no-repeat;'><\/div><a href='\/en\/teachers-and-associates\/?idz=82' class='no-style'><h5>Dr Jelena V. Manojlovi\u0107<\/h5><\/a><p class='prof-funkcija'>Full professor<\/p><\/div><div class='col-md-3 col-sm-6 col-xs-12' style='text-align: center; min-height:300px; margin-bottom:20px;'><div class='osoblje-image-container-j' style='background: transparent url(http:\/\/linuxpmf.pmf.ni.ac.rs\/upload\/zaposleni\/slike\/81.jpg) center center no-repeat;'><\/div><a href='\/en\/teachers-and-associates\/?idz=81' class='no-style'><h5>Dr Dragan S. \u0110or\u0111evi\u0107<\/h5><\/a><p class='prof-funkcija'>Full professor<\/p><\/div><div class='col-md-3 col-sm-6 col-xs-12' style='text-align: center; min-height:300px; margin-bottom:20px;'><div class='osoblje-image-container-j' style='background: transparent url(http:\/\/linuxpmf.pmf.ni.ac.rs\/upload\/zaposleni\/slike\/98.jpg) center center no-repeat;'><\/div><a href='\/en\/teachers-and-associates\/?idz=98' class='no-style'><h5>Dr Miroslav M. Risti\u0107<\/h5><\/a><p class='prof-funkcija'>Full professor<\/p><\/div><div class='col-md-3 col-sm-6 col-xs-12' style='text-align: center; min-height:300px; margin-bottom:20px;'><div class='osoblje-image-container-j' style='background: transparent url(http:\/\/linuxpmf.pmf.ni.ac.rs\/upload\/zaposleni\/slike\/182.jpg) center center no-repeat;'><\/div><a href='\/en\/teachers-and-associates\/?idz=182' class='no-style'><h5>Dr Dejan B. Ili\u0107<\/h5><\/a><p class='prof-funkcija'>Full professor<\/p><\/div><div class='col-md-3 col-sm-6 col-xs-12' style='text-align: center; min-height:300px; margin-bottom:20px;'><div class='osoblje-image-container-j' style='background: transparent url(http:\/\/linuxpmf.pmf.ni.ac.rs\/upload\/zaposleni\/slike\/149.jpg) center center no-repeat;'><\/div><a href='\/en\/teachers-and-associates\/?idz=149' class='no-style'><h5>Dr Vladimir S. Pavlovi\u0107<\/h5><\/a><p class='prof-funkcija'>Full professor<\/p><\/div><div class='col-md-3 col-sm-6 col-xs-12' style='text-align: center; min-height:300px; margin-bottom:20px;'><div class='osoblje-image-container-j' style='background: transparent url(http:\/\/linuxpmf.pmf.ni.ac.rs\/upload\/zaposleni\/slike\/112.jpg) center center no-repeat;'><\/div><a href='\/en\/teachers-and-associates\/?idz=112' class='no-style'><h5>Dr Dragana S. Cvetkovi\u0107-Ili\u0107<\/h5><\/a><p class='prof-funkcija'>Full professor<\/p><\/div><div class='col-md-3 col-sm-6 col-xs-12' style='text-align: center; min-height:300px; margin-bottom:20px;'><div class='osoblje-image-container-j' style='background: transparent url(http:\/\/linuxpmf.pmf.ni.ac.rs\/upload\/zaposleni\/slike\/z_205.jpg) center center no-repeat;'><\/div><a href='\/en\/teachers-and-associates\/?idz=205' class='no-style'><h5>Dr Aleksandar S. Nasti\u0107<\/h5><\/a><p class='prof-funkcija'>Full professor<\/p><\/div><div class='col-md-3 col-sm-6 col-xs-12' style='text-align: center; min-height:300px; margin-bottom:20px;'><div class='osoblje-image-container-j' style='background: rgb(168,157,180);'><span class='osoblje-inicijali'>DM<\/span><\/div><a href='\/en\/teachers-and-associates\/?idz=225' class='no-style'><h5>Dr Dijana V. Mosi\u0107<\/h5><\/a><p class='prof-funkcija'>Full professor<\/p><\/div><div class='col-md-3 col-sm-6 col-xs-12' style='text-align: center; min-height:300px; margin-bottom:20px;'><div class='osoblje-image-container-j' style='background: transparent url(http:\/\/linuxpmf.pmf.ni.ac.rs\/upload\/zaposleni\/slike\/232.jpg) center center no-repeat;'><\/div><a href='\/en\/teachers-and-associates\/?idz=232' class='no-style'><h5>Dr Jasmina S. \u0110or\u0111evi\u0107<\/h5><\/a><p class='prof-funkcija'>Full professor<\/p><\/div><div class='col-md-3 col-sm-6 col-xs-12' style='text-align: center; min-height:300px; margin-bottom:20px;'><div class='osoblje-image-container-j' style='background: transparent url(http:\/\/linuxpmf.pmf.ni.ac.rs\/upload\/zaposleni\/slike\/243.jpg) center center no-repeat;'><\/div><a href='\/en\/teachers-and-associates\/?idz=243' class='no-style'><h5>Dr Marija G. Milo\u0161evi\u0107<\/h5><\/a><p class='prof-funkcija'>Full professor<\/p><\/div><div class='col-md-3 col-sm-6 col-xs-12' style='text-align: center; min-height:300px; margin-bottom:20px;'><div class='osoblje-image-container-j' style='background: transparent url(http:\/\/linuxpmf.pmf.ni.ac.rs\/upload\/zaposleni\/slike\/234.jpg) center center no-repeat;'><\/div><a href='\/en\/teachers-and-associates\/?idz=234' class='no-style'><h5>Dr Neboj\u0161a \u010c. Din\u010di\u0107<\/h5><\/a><p class='prof-funkcija'>Full professor<\/p><\/div><div class='col-md-3 col-sm-6 col-xs-12' style='text-align: center; min-height:300px; margin-bottom:20px;'><div class='osoblje-image-container-j' style='background: transparent url(http:\/\/linuxpmf.pmf.ni.ac.rs\/upload\/zaposleni\/slike\/242.jpg) center center no-repeat;'><\/div><a href='\/en\/teachers-and-associates\/?idz=242' class='no-style'><h5>Dr Marija S. Krsti\u0107<\/h5><\/a><p class='prof-funkcija'>Full professor<\/p><\/div><div class='col-md-3 col-sm-6 col-xs-12' style='text-align: center; min-height:300px; margin-bottom:20px;'><div class='osoblje-image-container-j' style='background: transparent url(http:\/\/linuxpmf.pmf.ni.ac.rs\/upload\/zaposleni\/slike\/z_239.jpg) center center no-repeat;'><\/div><a href='\/en\/teachers-and-associates\/?idz=239' class='no-style'><h5>Dr Milan Lj. Zlatanovi\u0107<\/h5><\/a><p class='prof-funkcija'>Full professor<\/p><\/div><div class='col-md-3 col-sm-6 col-xs-12' style='text-align: center; min-height:300px; margin-bottom:20px;'><div class='osoblje-image-container-j' style='background: transparent url(http:\/\/linuxpmf.pmf.ni.ac.rs\/upload\/zaposleni\/slike\/114.jpg) center center no-repeat;'><\/div><a href='\/en\/teachers-and-associates\/?idz=114' class='no-style'><h5>Dr Miodrag S. \u0110or\u0111evi\u0107<\/h5><\/a><p class='prof-funkcija'>Associate professor<\/p><\/div><div class='col-md-3 col-sm-6 col-xs-12' style='text-align: center; min-height:300px; margin-bottom:20px;'><div class='osoblje-image-container-j' style='background: rgb(153,142,180);'><span class='osoblje-inicijali'>MK<\/span><\/div><a href='\/en\/teachers-and-associates\/?idz=236' class='no-style'><h5>Dr Milica Z. Kolund\u017eija<\/h5><\/a><p class='prof-funkcija'>Associate professor<\/p><\/div><div class='col-md-3 col-sm-6 col-xs-12' style='text-align: center; min-height:300px; margin-bottom:20px;'><div class='osoblje-image-container-j' style='background: transparent url(http:\/\/linuxpmf.pmf.ni.ac.rs\/upload\/zaposleni\/slike\/z_1000.jpg) center center no-repeat;'><\/div><a href='\/en\/teachers-and-associates\/?idz=1000' class='no-style'><h5>Dr Jovana T. Nikolov Radenkovi\u0107<\/h5><\/a><p class='prof-funkcija'>Associate professor<\/p><\/div><div class='col-md-3 col-sm-6 col-xs-12' style='text-align: center; min-height:300px; margin-bottom:20px;'><div class='osoblje-image-container-j' style='background: rgb(168,145,180);'><span class='osoblje-inicijali'>MC<\/span><\/div><a href='\/en\/teachers-and-associates\/?idz=389' class='no-style'><h5>Dr Marija S. Cvetkovi\u0107<\/h5><\/a><p class='prof-funkcija'>Associate professor<\/p><\/div><div class='col-md-3 col-sm-6 col-xs-12' style='text-align: center; min-height:300px; margin-bottom:20px;'><div class='osoblje-image-container-j' style='background: transparent url(http:\/\/linuxpmf.pmf.ni.ac.rs\/upload\/zaposleni\/slike\/173.jpg) center center no-repeat;'><\/div><a href='\/en\/teachers-and-associates\/?idz=173' class='no-style'><h5>Dr Jelena S. Milo\u0161evi\u0107<\/h5><\/a><p class='prof-funkcija'>Assistant professor<\/p><\/div><div class='col-md-3 col-sm-6 col-xs-12' style='text-align: center; min-height:300px; margin-bottom:20px;'><div class='osoblje-image-container-j' style='background: transparent url(http:\/\/linuxpmf.pmf.ni.ac.rs\/upload\/zaposleni\/slike\/z_223.jpg) center center no-repeat;'><\/div><a href='\/en\/teachers-and-associates\/?idz=223' class='no-style'><h5>Dr Maja S. Obradovi\u0107<\/h5><\/a><p class='prof-funkcija'>Assistant professor<\/p><\/div><div class='col-md-3 col-sm-6 col-xs-12' style='text-align: center; min-height:300px; margin-bottom:20px;'><div class='osoblje-image-container-j' style='background: transparent url(http:\/\/linuxpmf.pmf.ni.ac.rs\/upload\/zaposleni\/slike\/355.jpg) center center no-repeat;'><\/div><a href='\/en\/teachers-and-associates\/?idz=355' class='no-style'><h5>Dr Aleksandra B. Kape\u0161i\u0107<\/h5><\/a><p class='prof-funkcija'>Assistant professor<\/p><\/div><div class='col-md-3 col-sm-6 col-xs-12' style='text-align: center; min-height:300px; margin-bottom:20px;'><div class='osoblje-image-container-j' style='background: transparent url(http:\/\/linuxpmf.pmf.ni.ac.rs\/upload\/zaposleni\/slike\/711.jpg) center center no-repeat;'><\/div><a href='\/en\/teachers-and-associates\/?idz=711' class='no-style'><h5>Dr Katarina S. \u0110or\u0111evi\u0107<\/h5><\/a><p class='prof-funkcija'>Assistant professor<\/p><\/div><div class='col-md-3 col-sm-6 col-xs-12' style='text-align: center; min-height:300px; margin-bottom:20px;'><div class='osoblje-image-container-j' style='background: transparent url(http:\/\/linuxpmf.pmf.ni.ac.rs\/upload\/zaposleni\/slike\/714.jpg) center center no-repeat;'><\/div><a href='\/en\/teachers-and-associates\/?idz=714' class='no-style'><h5>Dr Du\u0161an D. \u0110or\u0111evi\u0107<\/h5><\/a><p class='prof-funkcija'>Assistant professor<\/p><\/div><div class='col-md-3 col-sm-6 col-xs-12' style='text-align: center; min-height:300px; margin-bottom:20px;'><div class='osoblje-image-container-j' style='background: transparent url(http:\/\/linuxpmf.pmf.ni.ac.rs\/upload\/zaposleni\/slike\/712.jpg) center center no-repeat;'><\/div><a href='\/en\/teachers-and-associates\/?idz=712' class='no-style'><h5>Dr Jovana S. Milenkovi\u0107<\/h5><\/a><p class='prof-funkcija'>Assistant professor<\/p><\/div><div class='col-md-3 col-sm-6 col-xs-12' style='text-align: center; min-height:300px; margin-bottom:20px;'><div class='osoblje-image-container-j' style='background: transparent url(http:\/\/linuxpmf.pmf.ni.ac.rs\/upload\/zaposleni\/slike\/z_1076.jpg) center center no-repeat;'><\/div><a href='\/en\/teachers-and-associates\/?idz=1076' class='no-style'><h5>Dr Katarina S. Milenkovi\u0107<\/h5><\/a><p class='prof-funkcija'>Assistant professor<\/p><\/div><div class='col-md-3 col-sm-6 col-xs-12' style='text-align: center; min-height:300px; margin-bottom:20px;'><div class='osoblje-image-container-j' style='background: transparent url(http:\/\/linuxpmf.pmf.ni.ac.rs\/upload\/zaposleni\/slike\/709.jpg) center center no-repeat;'><\/div><a href='\/en\/teachers-and-associates\/?idz=709' class='no-style'><h5>Dr Milena S. Stojanovi\u0107<\/h5><\/a><p class='prof-funkcija'>Assistant professor<\/p><\/div><div class='col-md-3 col-sm-6 col-xs-12' style='text-align: center; min-height:300px; margin-bottom:20px;'><div class='osoblje-image-container-j' style='background: transparent url(http:\/\/linuxpmf.pmf.ni.ac.rs\/upload\/zaposleni\/slike\/z_718.jpg) center center no-repeat;'><\/div><a href='\/en\/teachers-and-associates\/?idz=718' class='no-style'><h5>Jana D. Mili\u0107<\/h5><\/a><p class='prof-funkcija'>Teaching assistant<\/p><\/div><h2 style='text-align: center; margin-bottom:60px;'><strong>Engaged in supplementary work<\/strong><\/h2><div class='col-md-3 col-sm-6 col-xs-12' style='text-align: center; min-height:300px; margin-bottom:20px;'><div class='osoblje-image-container-j' style='background: rgb(170,164,180);'><span class='osoblje-inicijali'>ND<\/span><\/div><a href='\/en\/teachers-and-associates\/?idz=1185' class='no-style'><h5>Dr Nada Damljanovi\u0107<\/h5><\/a><p class='prof-funkcija'>Full professor<\/p><\/div><div class='col-md-3 col-sm-6 col-xs-12' style='text-align: center; min-height:300px; margin-bottom:20px;'><div class='osoblje-image-container-j' style='background: rgb(173,154,180);'><span class='osoblje-inicijali'>SP<\/span><\/div><a href='\/en\/teachers-and-associates\/?idz=998' class='no-style'><h5>Dr Stevan Pilipovi\u0107<\/h5><\/a><p class='prof-funkcija'>Full professor<\/p><\/div><div class='col-md-3 col-sm-6 col-xs-12' style='text-align: center; min-height:300px; margin-bottom:20px;'><div class='osoblje-image-container-j' style='background: rgb(172,164,180);'><span class='osoblje-inicijali'>AT<\/span><\/div><a href='\/en\/teachers-and-associates\/?idz=827' class='no-style'><h5>Dr Andreja Tepav\u010devi\u0107<\/h5><\/a><p class='prof-funkcija'>Full professor<\/p><\/div><div class='col-md-3 col-sm-6 col-xs-12' style='text-align: center; min-height:300px; margin-bottom:20px;'><div class='osoblje-image-container-j' style='background: transparent url(http:\/\/linuxpmf.pmf.ni.ac.rs\/upload\/zaposleni\/slike\/z_2033.jpg) center center no-repeat;'><\/div><a href='\/en\/teachers-and-associates\/?idz=2033' class='no-style'><h5>Dr Jelisaveta Todorovi\u0107<\/h5><\/a><p class='prof-funkcija'>Associate professor<\/p><\/div><div class='col-md-3 col-sm-6 col-xs-12' style='text-align: center; min-height:300px; margin-bottom:20px;'><div class='osoblje-image-container-j' style='background: rgb(155,143,180);'><span class='osoblje-inicijali'>MK<\/span><\/div><a href='\/en\/teachers-and-associates\/?idz=2085' class='no-style'><h5>Dr Mihailo A. Krsti\u0107<\/h5><\/a><p class='prof-funkcija'>Teaching assistant<\/p><\/div><div class='col-md-3 col-sm-6 col-xs-12' style='text-align: center; min-height:300px; margin-bottom:20px;'><div class='osoblje-image-container-j' style='background: rgb(151,164,180);'><span class='osoblje-inicijali'>JP<\/span><\/div><a href='\/en\/teachers-and-associates\/?idz=2046' class='no-style'><h5>Dr Jelena Petrovi\u0107<\/h5><\/a><p class='prof-funkcija'>teacher<\/p><\/div><\/div><\/p>\n\t\t\t\t\t<\/div>\n\t\t\t\t\t\t<\/div>\n\t\t\t\t<\/div>\n\t\t\t\t\t\t<\/div>\n\t\t\t\t\t<\/div>\n\t\t<\/div>\n\t\t\t\t\t\t\t\t<\/div>\n\t\t\t\t\t<\/div>\n\t\t<\/section>\n\t\t\t\t\t\t\t\t\t<\/div>\n\t\t\t<\/div>\n\t\t\t\t\t<\/div>\n\t\t","protected":false},"excerpt":{"rendered":"","protected":false},"author":1,"featured_media":0,"parent":0,"menu_order":0,"comment_status":"closed","ping_status":"closed","template":"","meta":{"_editorskit_title_hidden":false,"_editorskit_reading_time":0,"_editorskit_is_block_options_detached":false,"_editorskit_block_options_position":"{}","inline_featured_image":false},"acf":[],"yoast_head":"<!-- This site is optimized with the Yoast SEO plugin v19.7.1 - https:\/\/yoast.com\/wordpress\/plugins\/seo\/ -->\n<title>Teachers and associates at the Department of Mathemathics | Prirodno-matemati\u010dki fakultet<\/title>\n<meta name=\"robots\" content=\"index, follow, max-snippet:-1, max-image-preview:large, max-video-preview:-1\" \/>\n<link rel=\"canonical\" href=\"https:\/\/www.pmf.ni.ac.rs\/en\/teachers-and-associates-at-the-department-of-mathemathics\/\" \/>\n<meta property=\"og:locale\" content=\"en_US\" \/>\n<meta property=\"og:type\" content=\"article\" \/>\n<meta property=\"og:title\" content=\"Teachers and associates at the Department of Mathemathics | Prirodno-matemati\u010dki fakultet\" \/>\n<meta property=\"og:url\" content=\"https:\/\/www.pmf.ni.ac.rs\/en\/teachers-and-associates-at-the-department-of-mathemathics\/\" \/>\n<meta property=\"og:site_name\" content=\"Prirodno-matemati\u010dki fakultet\" \/>\n<meta property=\"article:publisher\" content=\"https:\/\/www.facebook.com\/Pmf.Nis\" \/>\n<meta property=\"article:modified_time\" content=\"2022-11-03T09:41:00+00:00\" \/>\n<meta property=\"og:image\" content=\"https:\/\/www.pmf.ni.ac.rs\/wp-content\/uploads\/2018\/09\/pmf_facebook_share.jpg\" \/>\n\t<meta property=\"og:image:width\" content=\"1200\" \/>\n\t<meta property=\"og:image:height\" content=\"628\" \/>\n\t<meta property=\"og:image:type\" content=\"image\/jpeg\" \/>\n<meta name=\"twitter:card\" content=\"summary_large_image\" \/>\n<meta name=\"twitter:site\" content=\"@pmfnis\" \/>\n<script type=\"application\/ld+json\" class=\"yoast-schema-graph\">{\"@context\":\"https:\/\/schema.org\",\"@graph\":[{\"@type\":\"WebPage\",\"@id\":\"https:\/\/www.pmf.ni.ac.rs\/en\/teachers-and-associates-at-the-department-of-mathemathics\/\",\"url\":\"https:\/\/www.pmf.ni.ac.rs\/en\/teachers-and-associates-at-the-department-of-mathemathics\/\",\"name\":\"Teachers and associates at the Department of Mathemathics | Prirodno-matemati\u010dki fakultet\",\"isPartOf\":{\"@id\":\"https:\/\/www.pmf.ni.ac.rs\/en\/#website\"},\"datePublished\":\"2022-11-03T08:16:13+00:00\",\"dateModified\":\"2022-11-03T09:41:00+00:00\",\"breadcrumb\":{\"@id\":\"https:\/\/www.pmf.ni.ac.rs\/en\/teachers-and-associates-at-the-department-of-mathemathics\/#breadcrumb\"},\"inLanguage\":\"en-US\",\"potentialAction\":[{\"@type\":\"ReadAction\",\"target\":[\"https:\/\/www.pmf.ni.ac.rs\/en\/teachers-and-associates-at-the-department-of-mathemathics\/\"]}]},{\"@type\":\"BreadcrumbList\",\"@id\":\"https:\/\/www.pmf.ni.ac.rs\/en\/teachers-and-associates-at-the-department-of-mathemathics\/#breadcrumb\",\"itemListElement\":[{\"@type\":\"ListItem\",\"position\":1,\"name\":\"Home\",\"item\":\"https:\/\/www.pmf.ni.ac.rs\/en\/\"},{\"@type\":\"ListItem\",\"position\":2,\"name\":\"Teachers and associates at the Department of Mathemathics\"}]},{\"@type\":\"WebSite\",\"@id\":\"https:\/\/www.pmf.ni.ac.rs\/en\/#website\",\"url\":\"https:\/\/www.pmf.ni.ac.rs\/en\/\",\"name\":\"Prirodno-matemati\u010dki fakultet\",\"description\":\"Univerzitet u Ni\u0161u\",\"publisher\":{\"@id\":\"https:\/\/www.pmf.ni.ac.rs\/en\/#organization\"},\"potentialAction\":[{\"@type\":\"SearchAction\",\"target\":{\"@type\":\"EntryPoint\",\"urlTemplate\":\"https:\/\/www.pmf.ni.ac.rs\/en\/?s={search_term_string}\"},\"query-input\":\"required name=search_term_string\"}],\"inLanguage\":\"en-US\"},{\"@type\":\"Organization\",\"@id\":\"https:\/\/www.pmf.ni.ac.rs\/en\/#organization\",\"name\":\"Prirodno-matemati\u010dki fakultet\",\"url\":\"https:\/\/www.pmf.ni.ac.rs\/en\/\",\"sameAs\":[\"https:\/\/www.instagram.com\/pmf.nis\/\",\"https:\/\/www.facebook.com\/Pmf.Nis\",\"https:\/\/twitter.com\/pmfnis\"],\"logo\":{\"@type\":\"ImageObject\",\"inLanguage\":\"en-US\",\"@id\":\"https:\/\/www.pmf.ni.ac.rs\/en\/#\/schema\/logo\/image\/\",\"url\":\"https:\/\/www.pmf.ni.ac.rs\/wp-content\/uploads\/2022\/09\/pmf_logo3-eng3-path.svg\",\"contentUrl\":\"https:\/\/www.pmf.ni.ac.rs\/wp-content\/uploads\/2022\/09\/pmf_logo3-eng3-path.svg\",\"width\":480,\"height\":160,\"caption\":\"Prirodno-matemati\u010dki fakultet\"},\"image\":{\"@id\":\"https:\/\/www.pmf.ni.ac.rs\/en\/#\/schema\/logo\/image\/\"}}]}<\/script>\n<!-- \/ Yoast SEO plugin. -->","yoast_head_json":{"title":"Teachers and associates at the Department of Mathemathics | Prirodno-matemati\u010dki fakultet","robots":{"index":"index","follow":"follow","max-snippet":"max-snippet:-1","max-image-preview":"max-image-preview:large","max-video-preview":"max-video-preview:-1"},"canonical":"https:\/\/www.pmf.ni.ac.rs\/en\/teachers-and-associates-at-the-department-of-mathemathics\/","og_locale":"en_US","og_type":"article","og_title":"Teachers and associates at the Department of Mathemathics | Prirodno-matemati\u010dki fakultet","og_url":"https:\/\/www.pmf.ni.ac.rs\/en\/teachers-and-associates-at-the-department-of-mathemathics\/","og_site_name":"Prirodno-matemati\u010dki fakultet","article_publisher":"https:\/\/www.facebook.com\/Pmf.Nis","article_modified_time":"2022-11-03T09:41:00+00:00","og_image":[{"width":1200,"height":628,"url":"https:\/\/www.pmf.ni.ac.rs\/wp-content\/uploads\/2018\/09\/pmf_facebook_share.jpg","type":"image\/jpeg"}],"twitter_card":"summary_large_image","twitter_site":"@pmfnis","schema":{"@context":"https:\/\/schema.org","@graph":[{"@type":"WebPage","@id":"https:\/\/www.pmf.ni.ac.rs\/en\/teachers-and-associates-at-the-department-of-mathemathics\/","url":"https:\/\/www.pmf.ni.ac.rs\/en\/teachers-and-associates-at-the-department-of-mathemathics\/","name":"Teachers and associates at the Department of Mathemathics | Prirodno-matemati\u010dki fakultet","isPartOf":{"@id":"https:\/\/www.pmf.ni.ac.rs\/en\/#website"},"datePublished":"2022-11-03T08:16:13+00:00","dateModified":"2022-11-03T09:41:00+00:00","breadcrumb":{"@id":"https:\/\/www.pmf.ni.ac.rs\/en\/teachers-and-associates-at-the-department-of-mathemathics\/#breadcrumb"},"inLanguage":"en-US","potentialAction":[{"@type":"ReadAction","target":["https:\/\/www.pmf.ni.ac.rs\/en\/teachers-and-associates-at-the-department-of-mathemathics\/"]}]},{"@type":"BreadcrumbList","@id":"https:\/\/www.pmf.ni.ac.rs\/en\/teachers-and-associates-at-the-department-of-mathemathics\/#breadcrumb","itemListElement":[{"@type":"ListItem","position":1,"name":"Home","item":"https:\/\/www.pmf.ni.ac.rs\/en\/"},{"@type":"ListItem","position":2,"name":"Teachers and associates at the Department of Mathemathics"}]},{"@type":"WebSite","@id":"https:\/\/www.pmf.ni.ac.rs\/en\/#website","url":"https:\/\/www.pmf.ni.ac.rs\/en\/","name":"Prirodno-matemati\u010dki fakultet","description":"Univerzitet u Ni\u0161u","publisher":{"@id":"https:\/\/www.pmf.ni.ac.rs\/en\/#organization"},"potentialAction":[{"@type":"SearchAction","target":{"@type":"EntryPoint","urlTemplate":"https:\/\/www.pmf.ni.ac.rs\/en\/?s={search_term_string}"},"query-input":"required name=search_term_string"}],"inLanguage":"en-US"},{"@type":"Organization","@id":"https:\/\/www.pmf.ni.ac.rs\/en\/#organization","name":"Prirodno-matemati\u010dki fakultet","url":"https:\/\/www.pmf.ni.ac.rs\/en\/","sameAs":["https:\/\/www.instagram.com\/pmf.nis\/","https:\/\/www.facebook.com\/Pmf.Nis","https:\/\/twitter.com\/pmfnis"],"logo":{"@type":"ImageObject","inLanguage":"en-US","@id":"https:\/\/www.pmf.ni.ac.rs\/en\/#\/schema\/logo\/image\/","url":"https:\/\/www.pmf.ni.ac.rs\/wp-content\/uploads\/2022\/09\/pmf_logo3-eng3-path.svg","contentUrl":"https:\/\/www.pmf.ni.ac.rs\/wp-content\/uploads\/2022\/09\/pmf_logo3-eng3-path.svg","width":480,"height":160,"caption":"Prirodno-matemati\u010dki fakultet"},"image":{"@id":"https:\/\/www.pmf.ni.ac.rs\/en\/#\/schema\/logo\/image\/"}}]}},"_links":{"self":[{"href":"https:\/\/www.pmf.ni.ac.rs\/en\/wp-json\/wp\/v2\/pages\/40153"}],"collection":[{"href":"https:\/\/www.pmf.ni.ac.rs\/en\/wp-json\/wp\/v2\/pages"}],"about":[{"href":"https:\/\/www.pmf.ni.ac.rs\/en\/wp-json\/wp\/v2\/types\/page"}],"author":[{"embeddable":true,"href":"https:\/\/www.pmf.ni.ac.rs\/en\/wp-json\/wp\/v2\/users\/1"}],"replies":[{"embeddable":true,"href":"https:\/\/www.pmf.ni.ac.rs\/en\/wp-json\/wp\/v2\/comments?post=40153"}],"version-history":[{"count":0,"href":"https:\/\/www.pmf.ni.ac.rs\/en\/wp-json\/wp\/v2\/pages\/40153\/revisions"}],"wp:attachment":[{"href":"https:\/\/www.pmf.ni.ac.rs\/en\/wp-json\/wp\/v2\/media?parent=40153"}],"curies":[{"name":"wp","href":"https:\/\/api.w.org\/{rel}","templated":true}]}}