{"id":40155,"date":"2022-11-03T09:17:12","date_gmt":"2022-11-03T08:17:12","guid":{"rendered":"https:\/\/www.pmf.ni.ac.rs\/teachers-and-associates-at-the-department-of-chemistry\/"},"modified":"2022-11-03T11:00:29","modified_gmt":"2022-11-03T10:00:29","slug":"teachers-and-associates-at-the-department-of-chemistry","status":"publish","type":"page","link":"https:\/\/www.pmf.ni.ac.rs\/en\/teachers-and-associates-at-the-department-of-chemistry\/","title":{"rendered":"Teachers and associates at the Department of Chemistry"},"content":{"rendered":"\ufeff<div class='row prof-section'>\r\n<div class='col-md-6 col-sm-12' style='text-align: center; min-height:300px; margin-bottom:20px;'>\r\n<h2 style='margin-bottom:40px;'><strong>Manager<\/strong><\/h2><div class='osoblje-image-container-j' style='background: transparent url(http:\/\/linuxpmf.pmf.ni.ac.rs\/upload\/zaposleni\/slike\/70.jpg) center center no-repeat;'><\/div><a href='\/en\/teachers-and-associates\/?idz=70' class='no-style'><h3>Dr Sne\u017eana B. To\u0161i\u0107<\/h3><\/a><p class='prof-funkcija'>Full professor<\/p><\/div><div class='col-md-6 col-sm-12' style='text-align: center; min-height:300px; margin-bottom:20px;'>\r\n<h2 style='margin-bottom:40px;'><strong>Secretary<\/strong><\/h2><div class='osoblje-image-container-j' style='background: rgb(159,149,180);'><span class='osoblje-inicijali'>MN<\/span><\/div><a href='\/en\/teachers-and-associates\/?idz=816' class='no-style'><h3>Dr Milan Ne\u0161i\u0107<\/h3><\/a><p class='prof-funkcija'>Assistant professor<\/p><\/div><\/div><hr><div class='row prof-section'><h2 style='text-align: center; margin-bottom:60px;'><strong>Full-time employees<\/strong><\/h2><div class='col-md-3 col-sm-6 col-xs-12' style='text-align: center; min-height:300px; margin-bottom:20px;'><div class='osoblje-image-container-j' style='background: transparent url(http:\/\/linuxpmf.pmf.ni.ac.rs\/upload\/zaposleni\/slike\/z_56.jpg) center center no-repeat;'><\/div><a href='\/en\/teachers-and-associates\/?idz=56' class='no-style'><h5>Dr Milena N. Miljkovi\u0107<\/h5><\/a><p class='prof-funkcija'>Full professor<\/p><\/div><div class='col-md-3 col-sm-6 col-xs-12' style='text-align: center; min-height:300px; margin-bottom:20px;'><div class='osoblje-image-container-j' style='background: transparent url(http:\/\/linuxpmf.pmf.ni.ac.rs\/upload\/zaposleni\/slike\/53.jpg) center center no-repeat;'><\/div><a href='\/en\/teachers-and-associates\/?idz=53' class='no-style'><h5>Dr Gordana S. Stojanovi\u0107<\/h5><\/a><p class='prof-funkcija'>Full professor<\/p><\/div><div class='col-md-3 col-sm-6 col-xs-12' style='text-align: center; min-height:300px; margin-bottom:20px;'><div class='osoblje-image-container-j' style='background: transparent url(http:\/\/linuxpmf.pmf.ni.ac.rs\/upload\/zaposleni\/slike\/76.jpg) center center no-repeat;'><\/div><a href='\/en\/teachers-and-associates\/?idz=76' class='no-style'><h5>Dr Goran M. Petrovi\u0107<\/h5><\/a><p class='prof-funkcija'>Full professor<\/p><\/div><div class='col-md-3 col-sm-6 col-xs-12' style='text-align: center; min-height:300px; margin-bottom:20px;'><div class='osoblje-image-container-j' style='background: transparent url(http:\/\/linuxpmf.pmf.ni.ac.rs\/upload\/zaposleni\/slike\/70.jpg) center center no-repeat;'><\/div><a href='\/en\/teachers-and-associates\/?idz=70' class='no-style'><h5>Dr Sne\u017eana B. To\u0161i\u0107<\/h5><\/a><p class='prof-funkcija'>Full professor<\/p><\/div><div class='col-md-3 col-sm-6 col-xs-12' style='text-align: center; min-height:300px; margin-bottom:20px;'><div class='osoblje-image-container-j' style='background: transparent url(http:\/\/linuxpmf.pmf.ni.ac.rs\/upload\/zaposleni\/slike\/86.jpg) center center no-repeat;'><\/div><a href='\/en\/teachers-and-associates\/?idz=86' class='no-style'><h5>Dr Aleksandar Lj. Boji\u0107<\/h5><\/a><p class='prof-funkcija'>Full professor<\/p><\/div><div class='col-md-3 col-sm-6 col-xs-12' style='text-align: center; min-height:300px; margin-bottom:20px;'><div class='osoblje-image-container-j' style='background: transparent url(http:\/\/linuxpmf.pmf.ni.ac.rs\/upload\/zaposleni\/slike\/85.jpg) center center no-repeat;'><\/div><a href='\/en\/teachers-and-associates\/?idz=85' class='no-style'><h5>Dr Violeta D. Miti\u0107<\/h5><\/a><p class='prof-funkcija'>Full professor<\/p><\/div><div class='col-md-3 col-sm-6 col-xs-12' style='text-align: center; min-height:300px; margin-bottom:20px;'><div class='osoblje-image-container-j' style='background: transparent url(http:\/\/linuxpmf.pmf.ni.ac.rs\/upload\/zaposleni\/slike\/84.jpg) center center no-repeat;'><\/div><a href='\/en\/teachers-and-associates\/?idz=84' class='no-style'><h5>Dr Vesna P. Stankov-Jovanovi\u0107<\/h5><\/a><p class='prof-funkcija'>Full professor<\/p><\/div><div class='col-md-3 col-sm-6 col-xs-12' style='text-align: center; min-height:300px; margin-bottom:20px;'><div class='osoblje-image-container-j' style='background: transparent url(http:\/\/linuxpmf.pmf.ni.ac.rs\/upload\/zaposleni\/slike\/89.jpg) center center no-repeat;'><\/div><a href='\/en\/teachers-and-associates\/?idz=89' class='no-style'><h5>Dr Danijela A. Kosti\u0107<\/h5><\/a><p class='prof-funkcija'>Full professor<\/p><\/div><div class='col-md-3 col-sm-6 col-xs-12' style='text-align: center; min-height:300px; margin-bottom:20px;'><div class='osoblje-image-container-j' style='background: transparent url(http:\/\/linuxpmf.pmf.ni.ac.rs\/upload\/zaposleni\/slike\/92.jpg) center center no-repeat;'><\/div><a href='\/en\/teachers-and-associates\/?idz=92' class='no-style'><h5>Dr Tatjana D. An\u0111elkovi\u0107<\/h5><\/a><p class='prof-funkcija'>Full professor<\/p><\/div><div class='col-md-3 col-sm-6 col-xs-12' style='text-align: center; min-height:300px; margin-bottom:20px;'><div class='osoblje-image-container-j' style='background: rgb(151,164,180);'><span class='osoblje-inicijali'>D\u0110<\/span><\/div><a href='\/en\/teachers-and-associates\/?idz=153' class='no-style'><h5>Dr Dragan M. \u0110or\u0111evi\u0107<\/h5><\/a><p class='prof-funkcija'>Full professor<\/p><\/div><div class='col-md-3 col-sm-6 col-xs-12' style='text-align: center; min-height:300px; margin-bottom:20px;'><div class='osoblje-image-container-j' style='background: transparent url(http:\/\/linuxpmf.pmf.ni.ac.rs\/upload\/zaposleni\/slike\/117.jpg) center center no-repeat;'><\/div><a href='\/en\/teachers-and-associates\/?idz=117' class='no-style'><h5>Dr Aleksandra N. Pavlovi\u0107<\/h5><\/a><p class='prof-funkcija'>Full professor<\/p><\/div><div class='col-md-3 col-sm-6 col-xs-12' style='text-align: center; min-height:300px; margin-bottom:20px;'><div class='osoblje-image-container-j' style='background: rgb(159,148,180);'><span class='osoblje-inicijali'>AZ<\/span><\/div><a href='\/en\/teachers-and-associates\/?idz=151' class='no-style'><h5>Dr Aleksandra R. Zarubica<\/h5><\/a><p class='prof-funkcija'>Full professor<\/p><\/div><div class='col-md-3 col-sm-6 col-xs-12' style='text-align: center; min-height:300px; margin-bottom:20px;'><div class='osoblje-image-container-j' style='background: transparent url(http:\/\/linuxpmf.pmf.ni.ac.rs\/upload\/zaposleni\/slike\/z_152.jpg) center center no-repeat;'><\/div><a href='\/en\/teachers-and-associates\/?idz=152' class='no-style'><h5>Dr Emilija T. Pecev-Marinkovi\u0107<\/h5><\/a><p class='prof-funkcija'>Full professor<\/p><\/div><div class='col-md-3 col-sm-6 col-xs-12' style='text-align: center; min-height:300px; margin-bottom:20px;'><div class='osoblje-image-container-j' style='background: transparent url(http:\/\/linuxpmf.pmf.ni.ac.rs\/upload\/zaposleni\/slike\/183.jpg) center center no-repeat;'><\/div><a href='\/en\/teachers-and-associates\/?idz=183' class='no-style'><h5>Dr Ivana D. Ra\u0161i\u0107 Mi\u0161i\u0107<\/h5><\/a><p class='prof-funkcija'>Full professor<\/p><\/div><div class='col-md-3 col-sm-6 col-xs-12' style='text-align: center; min-height:300px; margin-bottom:20px;'><div class='osoblje-image-container-j' style='background: transparent url(http:\/\/linuxpmf.pmf.ni.ac.rs\/upload\/zaposleni\/slike\/185.jpg) center center no-repeat;'><\/div><a href='\/en\/teachers-and-associates\/?idz=185' class='no-style'><h5>Dr Niko S. Radulovi\u0107<\/h5><\/a><p class='prof-funkcija'>Full professor<\/p><\/div><div class='col-md-3 col-sm-6 col-xs-12' style='text-align: center; min-height:300px; margin-bottom:20px;'><div class='osoblje-image-container-j' style='background: transparent url(http:\/\/linuxpmf.pmf.ni.ac.rs\/upload\/zaposleni\/slike\/284.jpg) center center no-repeat;'><\/div><a href='\/en\/teachers-and-associates\/?idz=284' class='no-style'><h5>Dr Maja N. Stankovi\u0107<\/h5><\/a><p class='prof-funkcija'>Full professor<\/p><\/div><div class='col-md-3 col-sm-6 col-xs-12' style='text-align: center; min-height:300px; margin-bottom:20px;'><div class='osoblje-image-container-j' style='background: transparent url(http:\/\/linuxpmf.pmf.ni.ac.rs\/upload\/zaposleni\/slike\/229.jpg) center center no-repeat;'><\/div><a href='\/en\/teachers-and-associates\/?idz=229' class='no-style'><h5>Dr Aleksandra S. \u0110or\u0111evi\u0107<\/h5><\/a><p class='prof-funkcija'>Full professor<\/p><\/div><div class='col-md-3 col-sm-6 col-xs-12' style='text-align: center; min-height:300px; margin-bottom:20px;'><div class='osoblje-image-container-j' style='background: rgb(170,141,180);'><span class='osoblje-inicijali'>JM<\/span><\/div><a href='\/en\/teachers-and-associates\/?idz=325' class='no-style'><h5>Dr Jelena Z. Mitrovi\u0107<\/h5><\/a><p class='prof-funkcija'>Full professor<\/p><\/div><div class='col-md-3 col-sm-6 col-xs-12' style='text-align: center; min-height:300px; margin-bottom:20px;'><div class='osoblje-image-container-j' style='background: transparent url(http:\/\/linuxpmf.pmf.ni.ac.rs\/upload\/zaposleni\/slike\/267.jpg) center center no-repeat;'><\/div><a href='\/en\/teachers-and-associates\/?idz=267' class='no-style'><h5>Dr Marjan S. Ran\u0111elovi\u0107<\/h5><\/a><p class='prof-funkcija'>Full professor<\/p><\/div><div class='col-md-3 col-sm-6 col-xs-12' style='text-align: center; min-height:300px; margin-bottom:20px;'><div class='osoblje-image-container-j' style='background: transparent url(http:\/\/linuxpmf.pmf.ni.ac.rs\/upload\/zaposleni\/slike\/259.jpg) center center no-repeat;'><\/div><a href='\/en\/teachers-and-associates\/?idz=259' class='no-style'><h5>Dr Milan N. Miti\u0107<\/h5><\/a><p class='prof-funkcija'>Full professor<\/p><\/div><div class='col-md-3 col-sm-6 col-xs-12' style='text-align: center; min-height:300px; margin-bottom:20px;'><div class='osoblje-image-container-j' style='background: rgb(175,154,180);'><span class='osoblje-inicijali'>IP<\/span><\/div><a href='\/en\/teachers-and-associates\/?idz=118' class='no-style'><h5>Dr Ivan R. Pali\u0107<\/h5><\/a><p class='prof-funkcija'>Associate professor<\/p><\/div><div class='col-md-3 col-sm-6 col-xs-12' style='text-align: center; min-height:300px; margin-bottom:20px;'><div class='osoblje-image-container-j' style='background: rgb(158,159,180);'><span class='osoblje-inicijali'>MG<\/span><\/div><a href='\/en\/teachers-and-associates\/?idz=304' class='no-style'><h5>Dr Marija S. Gen\u010di\u0107<\/h5><\/a><p class='prof-funkcija'>Associate professor<\/p><\/div><div class='col-md-3 col-sm-6 col-xs-12' style='text-align: center; min-height:300px; margin-bottom:20px;'><div class='osoblje-image-container-j' style='background: rgb(166,161,180);'><span class='osoblje-inicijali'>JM<\/span><\/div><a href='\/en\/teachers-and-associates\/?idz=810' class='no-style'><h5>Dr Jelena Mrmo\u0161anin<\/h5><\/a><p class='prof-funkcija'>Associate professor<\/p><\/div><div class='col-md-3 col-sm-6 col-xs-12' style='text-align: center; min-height:300px; margin-bottom:20px;'><div class='osoblje-image-container-j' style='background: transparent url(http:\/\/linuxpmf.pmf.ni.ac.rs\/upload\/zaposleni\/slike\/342.jpg) center center no-repeat;'><\/div><a href='\/en\/teachers-and-associates\/?idz=342' class='no-style'><h5>Dr Sne\u017eana \u010c. Jevtovi\u0107<\/h5><\/a><p class='prof-funkcija'>Associate professor<\/p><\/div><div class='col-md-3 col-sm-6 col-xs-12' style='text-align: center; min-height:300px; margin-bottom:20px;'><div class='osoblje-image-container-j' style='background: transparent url(http:\/\/linuxpmf.pmf.ni.ac.rs\/upload\/zaposleni\/slike\/391.jpg) center center no-repeat;'><\/div><a href='\/en\/teachers-and-associates\/?idz=391' class='no-style'><h5>Dr Jelena S. Nikoli\u0107<\/h5><\/a><p class='prof-funkcija'>Associate professor<\/p><\/div><div class='col-md-3 col-sm-6 col-xs-12' style='text-align: center; min-height:300px; margin-bottom:20px;'><div class='osoblje-image-container-j' style='background: rgb(161,156,180);'><span class='osoblje-inicijali'>MN<\/span><\/div><a href='\/en\/teachers-and-associates\/?idz=414' class='no-style'><h5>Dr Milica Nikoli\u0107<\/h5><\/a><p class='prof-funkcija'>Assistant professor<\/p><\/div><div class='col-md-3 col-sm-6 col-xs-12' style='text-align: center; min-height:300px; margin-bottom:20px;'><div class='osoblje-image-container-j' style='background: rgb(175,164,180);'><span class='osoblje-inicijali'>MN<\/span><\/div><a href='\/en\/teachers-and-associates\/?idz=816' class='no-style'><h5>Dr Milan Ne\u0161i\u0107<\/h5><\/a><p class='prof-funkcija'>Assistant professor<\/p><\/div><div class='col-md-3 col-sm-6 col-xs-12' style='text-align: center; min-height:300px; margin-bottom:20px;'><div class='osoblje-image-container-j' style='background: transparent url(http:\/\/linuxpmf.pmf.ni.ac.rs\/upload\/zaposleni\/slike\/429.jpg) center center no-repeat;'><\/div><a href='\/en\/teachers-and-associates\/?idz=429' class='no-style'><h5>Dr Milica D. Ne\u0161i\u0107<\/h5><\/a><p class='prof-funkcija'>Assistant professor<\/p><\/div><div class='col-md-3 col-sm-6 col-xs-12' style='text-align: center; min-height:300px; margin-bottom:20px;'><div class='osoblje-image-container-j' style='background: rgb(165,143,180);'><span class='osoblje-inicijali'>VD<\/span><\/div><a href='\/en\/teachers-and-associates\/?idz=399' class='no-style'><h5>Vladimir D. Dimitrijevi\u0107<\/h5><\/a><p class='prof-funkcija'>Teaching assistant<\/p><\/div><div class='col-md-3 col-sm-6 col-xs-12' style='text-align: center; min-height:300px; margin-bottom:20px;'><div class='osoblje-image-container-j' style='background: rgb(165,158,180);'><span class='osoblje-inicijali'>SP<\/span><\/div><a href='\/en\/teachers-and-associates\/?idz=433' class='no-style'><h5>Stefan S. Petrovi\u0107<\/h5><\/a><p class='prof-funkcija'>Teaching assistant<\/p><\/div><div class='col-md-3 col-sm-6 col-xs-12' style='text-align: center; min-height:300px; margin-bottom:20px;'><div class='osoblje-image-container-j' style='background: rgb(171,153,180);'><span class='osoblje-inicijali'>LV<\/span><\/div><a href='\/en\/teachers-and-associates\/?idz=1067' class='no-style'><h5>Luka R. Vasi\u0107<\/h5><\/a><p class='prof-funkcija'>Teaching assistant<\/p><\/div><div class='col-md-3 col-sm-6 col-xs-12' style='text-align: center; min-height:300px; margin-bottom:20px;'><div class='osoblje-image-container-j' style='background: rgb(156,163,180);'><span class='osoblje-inicijali'>PB<\/span><\/div><a href='\/en\/teachers-and-associates\/?idz=1232' class='no-style'><h5>Petar D. Brajkovi\u0107<\/h5><\/a><p class='prof-funkcija'>Junior teaching assistant<\/p><\/div><h2 style='text-align: center; margin-bottom:60px;'><strong>Engaged in supplementary work<\/strong><\/h2><div class='col-md-3 col-sm-6 col-xs-12' style='text-align: center; min-height:300px; margin-bottom:20px;'><div class='osoblje-image-container-j' style='background: rgb(172,150,180);'><span class='osoblje-inicijali'>MD<\/span><\/div><a href='\/en\/teachers-and-associates\/?idz=1197' class='no-style'><h5>Dr Milan S. Deki\u0107<\/h5><\/a><p class='prof-funkcija'>Associate professor<\/p><\/div><\/div>\n","protected":false},"excerpt":{"rendered":"","protected":false},"author":1,"featured_media":0,"parent":0,"menu_order":0,"comment_status":"closed","ping_status":"closed","template":"","meta":{"_editorskit_title_hidden":false,"_editorskit_reading_time":0,"_editorskit_is_block_options_detached":false,"_editorskit_block_options_position":"{}","inline_featured_image":false},"acf":[],"yoast_head":"<!-- This site is optimized with the Yoast SEO plugin v19.7.1 - https:\/\/yoast.com\/wordpress\/plugins\/seo\/ -->\n<title>Teachers and associates at the Department of Chemistry | Prirodno-matemati\u010dki fakultet<\/title>\n<meta name=\"robots\" content=\"index, follow, max-snippet:-1, max-image-preview:large, max-video-preview:-1\" \/>\n<link rel=\"canonical\" href=\"https:\/\/www.pmf.ni.ac.rs\/en\/teachers-and-associates-at-the-department-of-chemistry\/\" \/>\n<meta property=\"og:locale\" content=\"en_US\" \/>\n<meta property=\"og:type\" content=\"article\" \/>\n<meta property=\"og:title\" content=\"Teachers and associates at the Department of Chemistry | Prirodno-matemati\u010dki fakultet\" \/>\n<meta property=\"og:url\" content=\"https:\/\/www.pmf.ni.ac.rs\/en\/teachers-and-associates-at-the-department-of-chemistry\/\" \/>\n<meta property=\"og:site_name\" content=\"Prirodno-matemati\u010dki fakultet\" \/>\n<meta property=\"article:publisher\" content=\"https:\/\/www.facebook.com\/Pmf.Nis\" \/>\n<meta property=\"article:modified_time\" content=\"2022-11-03T10:00:29+00:00\" \/>\n<meta property=\"og:image\" content=\"https:\/\/www.pmf.ni.ac.rs\/wp-content\/uploads\/2018\/09\/pmf_facebook_share.jpg\" \/>\n\t<meta property=\"og:image:width\" content=\"1200\" \/>\n\t<meta property=\"og:image:height\" content=\"628\" \/>\n\t<meta property=\"og:image:type\" content=\"image\/jpeg\" \/>\n<meta name=\"twitter:card\" content=\"summary_large_image\" \/>\n<meta name=\"twitter:site\" content=\"@pmfnis\" \/>\n<script type=\"application\/ld+json\" class=\"yoast-schema-graph\">{\"@context\":\"https:\/\/schema.org\",\"@graph\":[{\"@type\":\"WebPage\",\"@id\":\"https:\/\/www.pmf.ni.ac.rs\/en\/teachers-and-associates-at-the-department-of-chemistry\/\",\"url\":\"https:\/\/www.pmf.ni.ac.rs\/en\/teachers-and-associates-at-the-department-of-chemistry\/\",\"name\":\"Teachers and associates at the Department of Chemistry | Prirodno-matemati\u010dki fakultet\",\"isPartOf\":{\"@id\":\"https:\/\/www.pmf.ni.ac.rs\/en\/#website\"},\"datePublished\":\"2022-11-03T08:17:12+00:00\",\"dateModified\":\"2022-11-03T10:00:29+00:00\",\"breadcrumb\":{\"@id\":\"https:\/\/www.pmf.ni.ac.rs\/en\/teachers-and-associates-at-the-department-of-chemistry\/#breadcrumb\"},\"inLanguage\":\"en-US\",\"potentialAction\":[{\"@type\":\"ReadAction\",\"target\":[\"https:\/\/www.pmf.ni.ac.rs\/en\/teachers-and-associates-at-the-department-of-chemistry\/\"]}]},{\"@type\":\"BreadcrumbList\",\"@id\":\"https:\/\/www.pmf.ni.ac.rs\/en\/teachers-and-associates-at-the-department-of-chemistry\/#breadcrumb\",\"itemListElement\":[{\"@type\":\"ListItem\",\"position\":1,\"name\":\"Home\",\"item\":\"https:\/\/www.pmf.ni.ac.rs\/en\/\"},{\"@type\":\"ListItem\",\"position\":2,\"name\":\"Teachers and associates at the Department of Chemistry\"}]},{\"@type\":\"WebSite\",\"@id\":\"https:\/\/www.pmf.ni.ac.rs\/en\/#website\",\"url\":\"https:\/\/www.pmf.ni.ac.rs\/en\/\",\"name\":\"Prirodno-matemati\u010dki fakultet\",\"description\":\"Univerzitet u Ni\u0161u\",\"publisher\":{\"@id\":\"https:\/\/www.pmf.ni.ac.rs\/en\/#organization\"},\"potentialAction\":[{\"@type\":\"SearchAction\",\"target\":{\"@type\":\"EntryPoint\",\"urlTemplate\":\"https:\/\/www.pmf.ni.ac.rs\/en\/?s={search_term_string}\"},\"query-input\":\"required name=search_term_string\"}],\"inLanguage\":\"en-US\"},{\"@type\":\"Organization\",\"@id\":\"https:\/\/www.pmf.ni.ac.rs\/en\/#organization\",\"name\":\"Prirodno-matemati\u010dki fakultet\",\"url\":\"https:\/\/www.pmf.ni.ac.rs\/en\/\",\"sameAs\":[\"https:\/\/www.instagram.com\/pmf.nis\/\",\"https:\/\/www.facebook.com\/Pmf.Nis\",\"https:\/\/twitter.com\/pmfnis\"],\"logo\":{\"@type\":\"ImageObject\",\"inLanguage\":\"en-US\",\"@id\":\"https:\/\/www.pmf.ni.ac.rs\/en\/#\/schema\/logo\/image\/\",\"url\":\"https:\/\/www.pmf.ni.ac.rs\/wp-content\/uploads\/2022\/09\/pmf_logo3-eng3-path.svg\",\"contentUrl\":\"https:\/\/www.pmf.ni.ac.rs\/wp-content\/uploads\/2022\/09\/pmf_logo3-eng3-path.svg\",\"width\":480,\"height\":160,\"caption\":\"Prirodno-matemati\u010dki fakultet\"},\"image\":{\"@id\":\"https:\/\/www.pmf.ni.ac.rs\/en\/#\/schema\/logo\/image\/\"}}]}<\/script>\n<!-- \/ Yoast SEO plugin. -->","yoast_head_json":{"title":"Teachers and associates at the Department of Chemistry | Prirodno-matemati\u010dki fakultet","robots":{"index":"index","follow":"follow","max-snippet":"max-snippet:-1","max-image-preview":"max-image-preview:large","max-video-preview":"max-video-preview:-1"},"canonical":"https:\/\/www.pmf.ni.ac.rs\/en\/teachers-and-associates-at-the-department-of-chemistry\/","og_locale":"en_US","og_type":"article","og_title":"Teachers and associates at the Department of Chemistry | Prirodno-matemati\u010dki fakultet","og_url":"https:\/\/www.pmf.ni.ac.rs\/en\/teachers-and-associates-at-the-department-of-chemistry\/","og_site_name":"Prirodno-matemati\u010dki fakultet","article_publisher":"https:\/\/www.facebook.com\/Pmf.Nis","article_modified_time":"2022-11-03T10:00:29+00:00","og_image":[{"width":1200,"height":628,"url":"https:\/\/www.pmf.ni.ac.rs\/wp-content\/uploads\/2018\/09\/pmf_facebook_share.jpg","type":"image\/jpeg"}],"twitter_card":"summary_large_image","twitter_site":"@pmfnis","schema":{"@context":"https:\/\/schema.org","@graph":[{"@type":"WebPage","@id":"https:\/\/www.pmf.ni.ac.rs\/en\/teachers-and-associates-at-the-department-of-chemistry\/","url":"https:\/\/www.pmf.ni.ac.rs\/en\/teachers-and-associates-at-the-department-of-chemistry\/","name":"Teachers and associates at the Department of Chemistry | Prirodno-matemati\u010dki fakultet","isPartOf":{"@id":"https:\/\/www.pmf.ni.ac.rs\/en\/#website"},"datePublished":"2022-11-03T08:17:12+00:00","dateModified":"2022-11-03T10:00:29+00:00","breadcrumb":{"@id":"https:\/\/www.pmf.ni.ac.rs\/en\/teachers-and-associates-at-the-department-of-chemistry\/#breadcrumb"},"inLanguage":"en-US","potentialAction":[{"@type":"ReadAction","target":["https:\/\/www.pmf.ni.ac.rs\/en\/teachers-and-associates-at-the-department-of-chemistry\/"]}]},{"@type":"BreadcrumbList","@id":"https:\/\/www.pmf.ni.ac.rs\/en\/teachers-and-associates-at-the-department-of-chemistry\/#breadcrumb","itemListElement":[{"@type":"ListItem","position":1,"name":"Home","item":"https:\/\/www.pmf.ni.ac.rs\/en\/"},{"@type":"ListItem","position":2,"name":"Teachers and associates at the Department of Chemistry"}]},{"@type":"WebSite","@id":"https:\/\/www.pmf.ni.ac.rs\/en\/#website","url":"https:\/\/www.pmf.ni.ac.rs\/en\/","name":"Prirodno-matemati\u010dki fakultet","description":"Univerzitet u Ni\u0161u","publisher":{"@id":"https:\/\/www.pmf.ni.ac.rs\/en\/#organization"},"potentialAction":[{"@type":"SearchAction","target":{"@type":"EntryPoint","urlTemplate":"https:\/\/www.pmf.ni.ac.rs\/en\/?s={search_term_string}"},"query-input":"required name=search_term_string"}],"inLanguage":"en-US"},{"@type":"Organization","@id":"https:\/\/www.pmf.ni.ac.rs\/en\/#organization","name":"Prirodno-matemati\u010dki fakultet","url":"https:\/\/www.pmf.ni.ac.rs\/en\/","sameAs":["https:\/\/www.instagram.com\/pmf.nis\/","https:\/\/www.facebook.com\/Pmf.Nis","https:\/\/twitter.com\/pmfnis"],"logo":{"@type":"ImageObject","inLanguage":"en-US","@id":"https:\/\/www.pmf.ni.ac.rs\/en\/#\/schema\/logo\/image\/","url":"https:\/\/www.pmf.ni.ac.rs\/wp-content\/uploads\/2022\/09\/pmf_logo3-eng3-path.svg","contentUrl":"https:\/\/www.pmf.ni.ac.rs\/wp-content\/uploads\/2022\/09\/pmf_logo3-eng3-path.svg","width":480,"height":160,"caption":"Prirodno-matemati\u010dki fakultet"},"image":{"@id":"https:\/\/www.pmf.ni.ac.rs\/en\/#\/schema\/logo\/image\/"}}]}},"_links":{"self":[{"href":"https:\/\/www.pmf.ni.ac.rs\/en\/wp-json\/wp\/v2\/pages\/40155"}],"collection":[{"href":"https:\/\/www.pmf.ni.ac.rs\/en\/wp-json\/wp\/v2\/pages"}],"about":[{"href":"https:\/\/www.pmf.ni.ac.rs\/en\/wp-json\/wp\/v2\/types\/page"}],"author":[{"embeddable":true,"href":"https:\/\/www.pmf.ni.ac.rs\/en\/wp-json\/wp\/v2\/users\/1"}],"replies":[{"embeddable":true,"href":"https:\/\/www.pmf.ni.ac.rs\/en\/wp-json\/wp\/v2\/comments?post=40155"}],"version-history":[{"count":0,"href":"https:\/\/www.pmf.ni.ac.rs\/en\/wp-json\/wp\/v2\/pages\/40155\/revisions"}],"wp:attachment":[{"href":"https:\/\/www.pmf.ni.ac.rs\/en\/wp-json\/wp\/v2\/media?parent=40155"}],"curies":[{"name":"wp","href":"https:\/\/api.w.org\/{rel}","templated":true}]}}