{"id":40156,"date":"2022-11-03T09:18:02","date_gmt":"2022-11-03T08:18:02","guid":{"rendered":"https:\/\/www.pmf.ni.ac.rs\/teachers-and-associates-at-the-department-of-geography\/"},"modified":"2025-03-27T10:49:35","modified_gmt":"2025-03-27T09:49:35","slug":"teachers-and-associates-at-the-department-of-geography","status":"publish","type":"page","link":"https:\/\/www.pmf.ni.ac.rs\/en\/teachers-and-associates-at-the-department-of-geography\/","title":{"rendered":"Teachers and associates at the Department of Geography and tourism"},"content":{"rendered":"\ufeff<div class='row prof-section'>\r\n<div class='col-md-6 col-sm-12' style='text-align: center; min-height:300px; margin-bottom:20px;'>\r\n<h2 style='margin-bottom:40px;'><strong>Manager<\/strong><\/h2><div class='osoblje-image-container-j' style='background: transparent url(http:\/\/linuxpmf.pmf.ni.ac.rs\/upload\/zaposleni\/slike\/167.jpg) center center no-repeat;'><\/div><a href='\/en\/teachers-and-associates\/?idz=167' class='no-style'><h3>Dr Ninoslav M. Golubovi\u0107<\/h3><\/a><p class='prof-funkcija'>Assistant professor<\/p><\/div><div class='col-md-6 col-sm-12' style='text-align: center; min-height:300px; margin-bottom:20px;'>\r\n<h2 style='margin-bottom:40px;'><strong>Secretary<\/strong><\/h2><div class='osoblje-image-container-j' style='background: rgb(152,162,180);'><span class='osoblje-inicijali'>JV<\/span><\/div><a href='\/en\/teachers-and-associates\/?idz=1099' class='no-style'><h3>Jovana B. Vuleti\u0107<\/h3><\/a><p class='prof-funkcija'>Teaching assistant<\/p><\/div><\/div><hr><div class='row prof-section'><h2 style='text-align: center; margin-bottom:60px;'><strong>Full-time employees<\/strong><\/h2><div class='col-md-3 col-sm-6 col-xs-12' style='text-align: center; min-height:300px; margin-bottom:20px;'><div class='osoblje-image-container-j' style='background: transparent url(http:\/\/linuxpmf.pmf.ni.ac.rs\/upload\/zaposleni\/slike\/131.jpg) center center no-repeat;'><\/div><a href='\/en\/teachers-and-associates\/?idz=131' class='no-style'><h5>Dr Ivan M. Filipovi\u0107<\/h5><\/a><p class='prof-funkcija'>Full professor<\/p><\/div><div class='col-md-3 col-sm-6 col-xs-12' style='text-align: center; min-height:300px; margin-bottom:20px;'><div class='osoblje-image-container-j' style='background: transparent url(http:\/\/linuxpmf.pmf.ni.ac.rs\/upload\/zaposleni\/slike\/268.jpg) center center no-repeat;'><\/div><a href='\/en\/teachers-and-associates\/?idz=268' class='no-style'><h5>Dr Tatjana L. \u0110eki\u0107<\/h5><\/a><p class='prof-funkcija'>Full professor<\/p><\/div><div class='col-md-3 col-sm-6 col-xs-12' style='text-align: center; min-height:300px; margin-bottom:20px;'><div class='osoblje-image-container-j' style='background: rgb(157,147,180);'><span class='osoblje-inicijali'>RD<\/span><\/div><a href='\/en\/teachers-and-associates\/?idz=252' class='no-style'><h5>Dr Ranko M. Dragovi\u0107<\/h5><\/a><p class='prof-funkcija'>Full professor<\/p><\/div><div class='col-md-3 col-sm-6 col-xs-12' style='text-align: center; min-height:300px; margin-bottom:20px;'><div class='osoblje-image-container-j' style='background: transparent url(http:\/\/linuxpmf.pmf.ni.ac.rs\/upload\/zaposleni\/slike\/165.jpg) center center no-repeat;'><\/div><a href='\/en\/teachers-and-associates\/?idz=165' class='no-style'><h5>Dr Nata\u0161a M. Marti\u0107-Bursa\u0107<\/h5><\/a><p class='prof-funkcija'>Full professor<\/p><\/div><div class='col-md-3 col-sm-6 col-xs-12' style='text-align: center; min-height:300px; margin-bottom:20px;'><div class='osoblje-image-container-j' style='background: transparent url(http:\/\/linuxpmf.pmf.ni.ac.rs\/upload\/zaposleni\/slike\/176.jpg) center center no-repeat;'><\/div><a href='\/en\/teachers-and-associates\/?idz=176' class='no-style'><h5>Dr Aleksandar R. Radivojevi\u0107<\/h5><\/a><p class='prof-funkcija'>Full professor<\/p><\/div><div class='col-md-3 col-sm-6 col-xs-12' style='text-align: center; min-height:300px; margin-bottom:20px;'><div class='osoblje-image-container-j' style='background: transparent url(http:\/\/linuxpmf.pmf.ni.ac.rs\/upload\/zaposleni\/slike\/209.jpg) center center no-repeat;'><\/div><a href='\/en\/teachers-and-associates\/?idz=209' class='no-style'><h5>Dr Jelena S. Petrovi\u0107<\/h5><\/a><p class='prof-funkcija'>Full professor<\/p><\/div><div class='col-md-3 col-sm-6 col-xs-12' style='text-align: center; min-height:300px; margin-bottom:20px;'><div class='osoblje-image-container-j' style='background: transparent url(http:\/\/linuxpmf.pmf.ni.ac.rs\/upload\/zaposleni\/slike\/166.jpg) center center no-repeat;'><\/div><a href='\/en\/teachers-and-associates\/?idz=166' class='no-style'><h5>Dr Mr\u0111an M. \u0110oki\u0107<\/h5><\/a><p class='prof-funkcija'>Associate professor<\/p><\/div><div class='col-md-3 col-sm-6 col-xs-12' style='text-align: center; min-height:300px; margin-bottom:20px;'><div class='osoblje-image-container-j' style='background: transparent url(http:\/\/linuxpmf.pmf.ni.ac.rs\/upload\/zaposleni\/slike\/196.jpg) center center no-repeat;'><\/div><a href='\/en\/teachers-and-associates\/?idz=196' class='no-style'><h5>Dr Ljiljana S. Stri\u010devi\u0107<\/h5><\/a><p class='prof-funkcija'>Associate professor<\/p><\/div><div class='col-md-3 col-sm-6 col-xs-12' style='text-align: center; min-height:300px; margin-bottom:20px;'><div class='osoblje-image-container-j' style='background: transparent url(http:\/\/linuxpmf.pmf.ni.ac.rs\/upload\/zaposleni\/slike\/z_271.jpg) center center no-repeat;'><\/div><a href='\/en\/teachers-and-associates\/?idz=271' class='no-style'><h5>Dr Marija M. Brati\u0107<\/h5><\/a><p class='prof-funkcija'>Associate professor<\/p><\/div><div class='col-md-3 col-sm-6 col-xs-12' style='text-align: center; min-height:300px; margin-bottom:20px;'><div class='osoblje-image-container-j' style='background: transparent url(http:\/\/linuxpmf.pmf.ni.ac.rs\/upload\/zaposleni\/slike\/296.jpg) center center no-repeat;'><\/div><a href='\/en\/teachers-and-associates\/?idz=296' class='no-style'><h5>Dr Milena J. Goci\u0107<\/h5><\/a><p class='prof-funkcija'>Associate professor<\/p><\/div><div class='col-md-3 col-sm-6 col-xs-12' style='text-align: center; min-height:300px; margin-bottom:20px;'><div class='osoblje-image-container-j' style='background: transparent url(http:\/\/linuxpmf.pmf.ni.ac.rs\/upload\/zaposleni\/slike\/167.jpg) center center no-repeat;'><\/div><a href='\/en\/teachers-and-associates\/?idz=167' class='no-style'><h5>Dr Ninoslav M. Golubovi\u0107<\/h5><\/a><p class='prof-funkcija'>Assistant professor<\/p><\/div><div class='col-md-3 col-sm-6 col-xs-12' style='text-align: center; min-height:300px; margin-bottom:20px;'><div class='osoblje-image-container-j' style='background: transparent url(http:\/\/linuxpmf.pmf.ni.ac.rs\/upload\/zaposleni\/slike\/264.jpg) center center no-repeat;'><\/div><a href='\/en\/teachers-and-associates\/?idz=264' class='no-style'><h5>Dr Jelena J. \u017divkovi\u0107<\/h5><\/a><p class='prof-funkcija'>Assistant professor<\/p><\/div><div class='col-md-3 col-sm-6 col-xs-12' style='text-align: center; min-height:300px; margin-bottom:20px;'><div class='osoblje-image-container-j' style='background: rgb(175,147,180);'><span class='osoblje-inicijali'>\u017dA<\/span><\/div><a href='\/en\/teachers-and-associates\/?idz=1105' class='no-style'><h5>Dr \u017deljko  T. An\u0111elkovi\u0107<\/h5><\/a><p class='prof-funkcija'>Assistant professor<\/p><\/div><div class='col-md-3 col-sm-6 col-xs-12' style='text-align: center; min-height:300px; margin-bottom:20px;'><div class='osoblje-image-container-j' style='background: transparent url(http:\/\/linuxpmf.pmf.ni.ac.rs\/upload\/zaposleni\/slike\/z_250.jpg) center center no-repeat;'><\/div><a href='\/en\/teachers-and-associates\/?idz=250' class='no-style'><h5>Dr Milan M. \u0110or\u0111evi\u0107<\/h5><\/a><p class='prof-funkcija'>Assistant professor<\/p><\/div><div class='col-md-3 col-sm-6 col-xs-12' style='text-align: center; min-height:300px; margin-bottom:20px;'><div class='osoblje-image-container-j' style='background: transparent url(http:\/\/linuxpmf.pmf.ni.ac.rs\/upload\/zaposleni\/slike\/z_497.jpg) center center no-repeat;'><\/div><a href='\/en\/teachers-and-associates\/?idz=497' class='no-style'><h5>Dr Rastko S. Markovi\u0107<\/h5><\/a><p class='prof-funkcija'>Assistant professor<\/p><\/div><div class='col-md-3 col-sm-6 col-xs-12' style='text-align: center; min-height:300px; margin-bottom:20px;'><div class='osoblje-image-container-j' style='background: transparent url(http:\/\/linuxpmf.pmf.ni.ac.rs\/upload\/zaposleni\/slike\/421.jpg) center center no-repeat;'><\/div><a href='\/en\/teachers-and-associates\/?idz=421' class='no-style'><h5>Milan S. Milovanovi\u0107<\/h5><\/a><p class='prof-funkcija'>Teaching assistant<\/p><\/div><div class='col-md-3 col-sm-6 col-xs-12' style='text-align: center; min-height:300px; margin-bottom:20px;'><div class='osoblje-image-container-j' style='background: rgb(157,146,180);'><span class='osoblje-inicijali'>JV<\/span><\/div><a href='\/en\/teachers-and-associates\/?idz=1099' class='no-style'><h5>Jovana B. Vuleti\u0107<\/h5><\/a><p class='prof-funkcija'>Teaching assistant<\/p><\/div><h2 style='text-align: center; margin-bottom:60px;'><strong>Engaged in supplementary work<\/strong><\/h2><div class='col-md-3 col-sm-6 col-xs-12' style='text-align: center; min-height:300px; margin-bottom:20px;'><div class='osoblje-image-container-j' style='background: rgb(162,151,180);'><span class='osoblje-inicijali'>N\u0110<\/span><\/div><a href='\/en\/teachers-and-associates\/?idz=731' class='no-style'><h5>Dr Nevenka \u0110eri\u0107<\/h5><\/a><p class='prof-funkcija'>Full professor<\/p><\/div><div class='col-md-3 col-sm-6 col-xs-12' style='text-align: center; min-height:300px; margin-bottom:20px;'><div class='osoblje-image-container-j' style='background: rgb(161,140,180);'><span class='osoblje-inicijali'>M\u0110<\/span><\/div><a href='\/en\/teachers-and-associates\/?idz=834' class='no-style'><h5>Dr Milo\u0161 \u0110or\u0111evi\u0107<\/h5><\/a><p class='prof-funkcija'>Associate professor<\/p><\/div><div class='col-md-3 col-sm-6 col-xs-12' style='text-align: center; min-height:300px; margin-bottom:20px;'><div class='osoblje-image-container-j' style='background: rgb(174,164,180);'><span class='osoblje-inicijali'>SS<\/span><\/div><a href='\/en\/teachers-and-associates\/?idz=2039' class='no-style'><h5>Dr Selena Stankovi\u0107<\/h5><\/a><p class='prof-funkcija'>teacher<\/p><\/div><\/div>\n","protected":false},"excerpt":{"rendered":"","protected":false},"author":1,"featured_media":0,"parent":0,"menu_order":0,"comment_status":"closed","ping_status":"closed","template":"","meta":{"_editorskit_title_hidden":false,"_editorskit_reading_time":0,"_editorskit_is_block_options_detached":false,"_editorskit_block_options_position":"{}","inline_featured_image":false},"acf":[],"yoast_head":"<!-- This site is optimized with the Yoast SEO plugin v19.7.1 - https:\/\/yoast.com\/wordpress\/plugins\/seo\/ -->\n<title>Teachers and associates at the Department of Geography and tourism | Prirodno-matemati\u010dki fakultet<\/title>\n<meta name=\"robots\" content=\"index, follow, max-snippet:-1, max-image-preview:large, max-video-preview:-1\" \/>\n<link rel=\"canonical\" href=\"https:\/\/www.pmf.ni.ac.rs\/en\/teachers-and-associates-at-the-department-of-geography\/\" \/>\n<meta property=\"og:locale\" content=\"en_US\" \/>\n<meta property=\"og:type\" content=\"article\" \/>\n<meta property=\"og:title\" content=\"Teachers and associates at the Department of Geography and tourism | Prirodno-matemati\u010dki fakultet\" \/>\n<meta property=\"og:url\" content=\"https:\/\/www.pmf.ni.ac.rs\/en\/teachers-and-associates-at-the-department-of-geography\/\" \/>\n<meta property=\"og:site_name\" content=\"Prirodno-matemati\u010dki fakultet\" \/>\n<meta property=\"article:publisher\" content=\"https:\/\/www.facebook.com\/Pmf.Nis\" \/>\n<meta property=\"article:modified_time\" content=\"2025-03-27T09:49:35+00:00\" \/>\n<meta property=\"og:image\" content=\"https:\/\/www.pmf.ni.ac.rs\/wp-content\/uploads\/2018\/09\/pmf_facebook_share.jpg\" \/>\n\t<meta property=\"og:image:width\" content=\"1200\" \/>\n\t<meta property=\"og:image:height\" content=\"628\" \/>\n\t<meta property=\"og:image:type\" content=\"image\/jpeg\" \/>\n<meta name=\"twitter:card\" content=\"summary_large_image\" \/>\n<meta name=\"twitter:site\" content=\"@pmfnis\" \/>\n<script type=\"application\/ld+json\" class=\"yoast-schema-graph\">{\"@context\":\"https:\/\/schema.org\",\"@graph\":[{\"@type\":\"WebPage\",\"@id\":\"https:\/\/www.pmf.ni.ac.rs\/en\/teachers-and-associates-at-the-department-of-geography\/\",\"url\":\"https:\/\/www.pmf.ni.ac.rs\/en\/teachers-and-associates-at-the-department-of-geography\/\",\"name\":\"Teachers and associates at the Department of Geography and tourism | Prirodno-matemati\u010dki fakultet\",\"isPartOf\":{\"@id\":\"https:\/\/www.pmf.ni.ac.rs\/en\/#website\"},\"datePublished\":\"2022-11-03T08:18:02+00:00\",\"dateModified\":\"2025-03-27T09:49:35+00:00\",\"breadcrumb\":{\"@id\":\"https:\/\/www.pmf.ni.ac.rs\/en\/teachers-and-associates-at-the-department-of-geography\/#breadcrumb\"},\"inLanguage\":\"en-US\",\"potentialAction\":[{\"@type\":\"ReadAction\",\"target\":[\"https:\/\/www.pmf.ni.ac.rs\/en\/teachers-and-associates-at-the-department-of-geography\/\"]}]},{\"@type\":\"BreadcrumbList\",\"@id\":\"https:\/\/www.pmf.ni.ac.rs\/en\/teachers-and-associates-at-the-department-of-geography\/#breadcrumb\",\"itemListElement\":[{\"@type\":\"ListItem\",\"position\":1,\"name\":\"Home\",\"item\":\"https:\/\/www.pmf.ni.ac.rs\/en\/\"},{\"@type\":\"ListItem\",\"position\":2,\"name\":\"Teachers and associates at the Department of Geography and tourism\"}]},{\"@type\":\"WebSite\",\"@id\":\"https:\/\/www.pmf.ni.ac.rs\/en\/#website\",\"url\":\"https:\/\/www.pmf.ni.ac.rs\/en\/\",\"name\":\"Prirodno-matemati\u010dki fakultet\",\"description\":\"Univerzitet u Ni\u0161u\",\"publisher\":{\"@id\":\"https:\/\/www.pmf.ni.ac.rs\/en\/#organization\"},\"potentialAction\":[{\"@type\":\"SearchAction\",\"target\":{\"@type\":\"EntryPoint\",\"urlTemplate\":\"https:\/\/www.pmf.ni.ac.rs\/en\/?s={search_term_string}\"},\"query-input\":\"required name=search_term_string\"}],\"inLanguage\":\"en-US\"},{\"@type\":\"Organization\",\"@id\":\"https:\/\/www.pmf.ni.ac.rs\/en\/#organization\",\"name\":\"Prirodno-matemati\u010dki fakultet\",\"url\":\"https:\/\/www.pmf.ni.ac.rs\/en\/\",\"sameAs\":[\"https:\/\/www.instagram.com\/pmf.nis\/\",\"https:\/\/www.facebook.com\/Pmf.Nis\",\"https:\/\/twitter.com\/pmfnis\"],\"logo\":{\"@type\":\"ImageObject\",\"inLanguage\":\"en-US\",\"@id\":\"https:\/\/www.pmf.ni.ac.rs\/en\/#\/schema\/logo\/image\/\",\"url\":\"https:\/\/www.pmf.ni.ac.rs\/wp-content\/uploads\/2022\/09\/pmf_logo3-eng3-path.svg\",\"contentUrl\":\"https:\/\/www.pmf.ni.ac.rs\/wp-content\/uploads\/2022\/09\/pmf_logo3-eng3-path.svg\",\"width\":480,\"height\":160,\"caption\":\"Prirodno-matemati\u010dki fakultet\"},\"image\":{\"@id\":\"https:\/\/www.pmf.ni.ac.rs\/en\/#\/schema\/logo\/image\/\"}}]}<\/script>\n<!-- \/ Yoast SEO plugin. -->","yoast_head_json":{"title":"Teachers and associates at the Department of Geography and tourism | Prirodno-matemati\u010dki fakultet","robots":{"index":"index","follow":"follow","max-snippet":"max-snippet:-1","max-image-preview":"max-image-preview:large","max-video-preview":"max-video-preview:-1"},"canonical":"https:\/\/www.pmf.ni.ac.rs\/en\/teachers-and-associates-at-the-department-of-geography\/","og_locale":"en_US","og_type":"article","og_title":"Teachers and associates at the Department of Geography and tourism | Prirodno-matemati\u010dki fakultet","og_url":"https:\/\/www.pmf.ni.ac.rs\/en\/teachers-and-associates-at-the-department-of-geography\/","og_site_name":"Prirodno-matemati\u010dki fakultet","article_publisher":"https:\/\/www.facebook.com\/Pmf.Nis","article_modified_time":"2025-03-27T09:49:35+00:00","og_image":[{"width":1200,"height":628,"url":"https:\/\/www.pmf.ni.ac.rs\/wp-content\/uploads\/2018\/09\/pmf_facebook_share.jpg","type":"image\/jpeg"}],"twitter_card":"summary_large_image","twitter_site":"@pmfnis","schema":{"@context":"https:\/\/schema.org","@graph":[{"@type":"WebPage","@id":"https:\/\/www.pmf.ni.ac.rs\/en\/teachers-and-associates-at-the-department-of-geography\/","url":"https:\/\/www.pmf.ni.ac.rs\/en\/teachers-and-associates-at-the-department-of-geography\/","name":"Teachers and associates at the Department of Geography and tourism | Prirodno-matemati\u010dki fakultet","isPartOf":{"@id":"https:\/\/www.pmf.ni.ac.rs\/en\/#website"},"datePublished":"2022-11-03T08:18:02+00:00","dateModified":"2025-03-27T09:49:35+00:00","breadcrumb":{"@id":"https:\/\/www.pmf.ni.ac.rs\/en\/teachers-and-associates-at-the-department-of-geography\/#breadcrumb"},"inLanguage":"en-US","potentialAction":[{"@type":"ReadAction","target":["https:\/\/www.pmf.ni.ac.rs\/en\/teachers-and-associates-at-the-department-of-geography\/"]}]},{"@type":"BreadcrumbList","@id":"https:\/\/www.pmf.ni.ac.rs\/en\/teachers-and-associates-at-the-department-of-geography\/#breadcrumb","itemListElement":[{"@type":"ListItem","position":1,"name":"Home","item":"https:\/\/www.pmf.ni.ac.rs\/en\/"},{"@type":"ListItem","position":2,"name":"Teachers and associates at the Department of Geography and tourism"}]},{"@type":"WebSite","@id":"https:\/\/www.pmf.ni.ac.rs\/en\/#website","url":"https:\/\/www.pmf.ni.ac.rs\/en\/","name":"Prirodno-matemati\u010dki fakultet","description":"Univerzitet u Ni\u0161u","publisher":{"@id":"https:\/\/www.pmf.ni.ac.rs\/en\/#organization"},"potentialAction":[{"@type":"SearchAction","target":{"@type":"EntryPoint","urlTemplate":"https:\/\/www.pmf.ni.ac.rs\/en\/?s={search_term_string}"},"query-input":"required name=search_term_string"}],"inLanguage":"en-US"},{"@type":"Organization","@id":"https:\/\/www.pmf.ni.ac.rs\/en\/#organization","name":"Prirodno-matemati\u010dki fakultet","url":"https:\/\/www.pmf.ni.ac.rs\/en\/","sameAs":["https:\/\/www.instagram.com\/pmf.nis\/","https:\/\/www.facebook.com\/Pmf.Nis","https:\/\/twitter.com\/pmfnis"],"logo":{"@type":"ImageObject","inLanguage":"en-US","@id":"https:\/\/www.pmf.ni.ac.rs\/en\/#\/schema\/logo\/image\/","url":"https:\/\/www.pmf.ni.ac.rs\/wp-content\/uploads\/2022\/09\/pmf_logo3-eng3-path.svg","contentUrl":"https:\/\/www.pmf.ni.ac.rs\/wp-content\/uploads\/2022\/09\/pmf_logo3-eng3-path.svg","width":480,"height":160,"caption":"Prirodno-matemati\u010dki fakultet"},"image":{"@id":"https:\/\/www.pmf.ni.ac.rs\/en\/#\/schema\/logo\/image\/"}}]}},"_links":{"self":[{"href":"https:\/\/www.pmf.ni.ac.rs\/en\/wp-json\/wp\/v2\/pages\/40156"}],"collection":[{"href":"https:\/\/www.pmf.ni.ac.rs\/en\/wp-json\/wp\/v2\/pages"}],"about":[{"href":"https:\/\/www.pmf.ni.ac.rs\/en\/wp-json\/wp\/v2\/types\/page"}],"author":[{"embeddable":true,"href":"https:\/\/www.pmf.ni.ac.rs\/en\/wp-json\/wp\/v2\/users\/1"}],"replies":[{"embeddable":true,"href":"https:\/\/www.pmf.ni.ac.rs\/en\/wp-json\/wp\/v2\/comments?post=40156"}],"version-history":[{"count":1,"href":"https:\/\/www.pmf.ni.ac.rs\/en\/wp-json\/wp\/v2\/pages\/40156\/revisions"}],"predecessor-version":[{"id":51698,"href":"https:\/\/www.pmf.ni.ac.rs\/en\/wp-json\/wp\/v2\/pages\/40156\/revisions\/51698"}],"wp:attachment":[{"href":"https:\/\/www.pmf.ni.ac.rs\/en\/wp-json\/wp\/v2\/media?parent=40156"}],"curies":[{"name":"wp","href":"https:\/\/api.w.org\/{rel}","templated":true}]}}