{"id":26802,"date":"2022-04-06T08:55:52","date_gmt":"2022-04-06T07:55:52","guid":{"rendered":"https:\/\/www.pmf.ni.ac.rs\/%d0%bf%d1%80%d0%b5%d0%b3%d0%bb%d0%b5%d0%b4-%d0%b0%d0%bb%d1%83%d0%bc%d0%bd%d0%b8%d1%81%d1%82%d0%b0-%d0%bf%d0%bc%d1%84-%d0%b0\/"},"modified":"2022-04-06T08:55:55","modified_gmt":"2022-04-06T07:55:55","slug":"%d0%bf%d1%80%d0%b5%d0%b3%d0%bb%d0%b5%d0%b4-%d0%b0%d0%bb%d1%83%d0%bc%d0%bd%d0%b8%d1%81%d1%82%d0%b0-%d0%bf%d0%bc%d1%84-%d0%b0","status":"publish","type":"page","link":"https:\/\/www.pmf.ni.ac.rs\/sr\/%d0%bf%d1%80%d0%b5%d0%b3%d0%bb%d0%b5%d0%b4-%d0%b0%d0%bb%d1%83%d0%bc%d0%bd%d0%b8%d1%81%d1%82%d0%b0-%d0%bf%d0%bc%d1%84-%d0%b0\/","title":{"rendered":"\u041f\u0440\u0435\u0433\u043b\u0435\u0434 \u0430\u043b\u0443\u043c\u043d\u0438\u0441\u0442\u0430 \u041f\u041c\u0424-\u0430"},"content":{"rendered":"\n<table id=\"tablepress-2\" class=\"tablepress tablepress-id-2\">\n<tbody>\n<tr class=\"row-1\">\n\t<td class=\"column-1\">Prezime<\/td><td class=\"column-2\">Ime<\/td><td class=\"column-3\">Godina diplomiranja<\/td><td class=\"column-4\">Firma u kojoj radi<\/td><td class=\"column-5\">Funkcija<\/td>\n<\/tr>\n<tr class=\"row-2\">\n\t<td class=\"column-1\">Cvetkovi\u0107<\/td><td class=\"column-2\">Milan<\/td><td class=\"column-3\">2011<\/td><td class=\"column-4\">StepStone Global, Zurich, Switzerland<\/td><td class=\"column-5\">Hedge Fund Analyst<\/td>\n<\/tr>\n<tr class=\"row-3\">\n\t<td class=\"column-1\">\u0110ur\u0111anovi\u0107<\/td><td class=\"column-2\">Dragan<\/td><td class=\"column-3\">1997<\/td><td class=\"column-4\">University of Texas<\/td><td class=\"column-5\">Profesor<\/td>\n<\/tr>\n<tr class=\"row-4\">\n\t<td class=\"column-1\">To\u0161i\u0107<\/td><td class=\"column-2\">Du\u0161anka<\/td><td class=\"column-3\">1985<\/td><td class=\"column-4\">IT Department - Ministry of Social Development New Zealand<\/td><td class=\"column-5\">Solutions Architect<\/td>\n<\/tr>\n<tr class=\"row-5\">\n\t<td class=\"column-1\">\u0110or\u0111evi\u0107<\/td><td class=\"column-2\">Sne\u017eana<\/td><td class=\"column-3\">1999<\/td><td class=\"column-4\">Visoka strukovna \u0161kola za tekstil, Leskovac<\/td><td class=\"column-5\">Predava\u010d<\/td>\n<\/tr>\n<tr class=\"row-6\">\n\t<td class=\"column-1\">Bubanj Stojiljkovi\u0107<\/td><td class=\"column-2\">Natali<\/td><td class=\"column-3\">1999<\/td><td class=\"column-4\">Laboratoire des Courses Hippique, France<\/td><td class=\"column-5\">Responsable secteur- Senior Analys<\/td>\n<\/tr>\n<tr class=\"row-7\">\n\t<td class=\"column-1\">Spasi\u0107<\/td><td class=\"column-2\">Vladica<\/td><td class=\"column-3\">2002<\/td><td class=\"column-4\">O.\u0160.Vuk Karadzi\u0107 Surdulica\t<\/td><td class=\"column-5\">Profesor fizike<\/td>\n<\/tr>\n<tr class=\"row-8\">\n\t<td class=\"column-1\">Began<\/td><td class=\"column-2\">Milica<\/td><td class=\"column-3\">2007<\/td><td class=\"column-4\">T.A.\"Nitravel\", Ni\u0161<\/td><td class=\"column-5\">\u0160ef agencije, licencirani turisti\u010dki vodi\u010d<\/td>\n<\/tr>\n<tr class=\"row-9\">\n\t<td class=\"column-1\">Stojkovi\u0107<\/td><td class=\"column-2\">Dragana<\/td><td class=\"column-3\">2007<\/td><td class=\"column-4\">United Nations Environment Programme \/ Convention on Migratory Species<\/td><td class=\"column-5\">Programme Associate<br \/>\n<\/td>\n<\/tr>\n<tr class=\"row-10\">\n\t<td class=\"column-1\">Stojkovi\u0107<\/td><td class=\"column-2\">Bojan<\/td><td class=\"column-3\">2007<\/td><td class=\"column-4\">Teagasc\/Trinity College Dublin, Ireland<\/td><td class=\"column-5\">PhD student<\/td>\n<\/tr>\n<tr class=\"row-11\">\n\t<td class=\"column-1\">Val\u010di\u0107<\/td><td class=\"column-2\">Vladimir<\/td><td class=\"column-3\">2010<\/td><td class=\"column-4\">Tehni\u010dka \u0161kola - Pirot<\/td><td class=\"column-5\"><\/td>\n<\/tr>\n<tr class=\"row-12\">\n\t<td class=\"column-1\">Cvetkovi\u0107<\/td><td class=\"column-2\">Nemanja<\/td><td class=\"column-3\">2010<\/td><td class=\"column-4\">Harder Digital SOVA<\/td><td class=\"column-5\">Tehnolog za vakuumsku tehnologiju i opremu<\/td>\n<\/tr>\n<tr class=\"row-13\">\n\t<td class=\"column-1\">Stojanovi\u0107<\/td><td class=\"column-2\">Vanja<\/td><td class=\"column-3\">2012<\/td><td class=\"column-4\">Universit\u00e9 Montpellier 2 - Sciences et Techniques<\/td><td class=\"column-5\">Chercheur-Doctorant<\/td>\n<\/tr>\n<tr class=\"row-14\">\n\t<td class=\"column-1\">Ran\u010di\u0107<\/td><td class=\"column-2\">Marko<\/td><td class=\"column-3\">2012<\/td><td class=\"column-4\">Universit\u00e4t Konstanz, Deutschland<\/td><td class=\"column-5\">Asistent<\/td>\n<\/tr>\n<tr class=\"row-15\">\n\t<td class=\"column-1\">Andreji\u0107<\/td><td class=\"column-2\">Jelena<\/td><td class=\"column-3\">2006<\/td><td class=\"column-4\">The University of the Bahamas<\/td><td class=\"column-5\"> Assistant professor<\/td>\n<\/tr>\n<tr class=\"row-16\">\n\t<td class=\"column-1\">Stojkovi\u0107<\/td><td class=\"column-2\">Bojan<\/td><td class=\"column-3\">2007<\/td><td class=\"column-4\">Hunter Medical Research Institute, University of Newcastle, Australia<\/td><td class=\"column-5\">Postdoctoral Research Fellow<\/td>\n<\/tr>\n<\/tbody>\n<\/table>\n<!-- #tablepress-2 from cache -->\n","protected":false},"excerpt":{"rendered":"","protected":false},"author":1,"featured_media":0,"parent":0,"menu_order":0,"comment_status":"closed","ping_status":"closed","template":"","meta":{"_editorskit_title_hidden":false,"_editorskit_reading_time":0,"_editorskit_is_block_options_detached":false,"_editorskit_block_options_position":"{}","inline_featured_image":false},"acf":[],"yoast_head":"<!-- This site is optimized with the Yoast SEO plugin v19.7.1 - https:\/\/yoast.com\/wordpress\/plugins\/seo\/ -->\n<title>\u041f\u0440\u0435\u0433\u043b\u0435\u0434 \u0430\u043b\u0443\u043c\u043d\u0438\u0441\u0442\u0430 \u041f\u041c\u0424-\u0430 | \u041f\u0440\u0438\u0440\u043e\u0434\u043d\u043e-\u043c\u0430\u0442\u0435\u043c\u0430\u0442\u0438\u0447\u043a\u0438 \u0444\u0430\u043a\u0443\u043b\u0442\u0435\u0442<\/title>\n<meta name=\"robots\" content=\"index, follow, max-snippet:-1, max-image-preview:large, max-video-preview:-1\" \/>\n<link rel=\"canonical\" href=\"https:\/\/www.pmf.ni.ac.rs\/sr\/%d0%bf%d1%80%d0%b5%d0%b3%d0%bb%d0%b5%d0%b4-%d0%b0%d0%bb%d1%83%d0%bc%d0%bd%d0%b8%d1%81%d1%82%d0%b0-%d0%bf%d0%bc%d1%84-%d0%b0\/\" \/>\n<meta property=\"og:locale\" content=\"sr_RS\" \/>\n<meta property=\"og:type\" content=\"article\" \/>\n<meta property=\"og:title\" content=\"\u041f\u0440\u0435\u0433\u043b\u0435\u0434 \u0430\u043b\u0443\u043c\u043d\u0438\u0441\u0442\u0430 \u041f\u041c\u0424-\u0430 | \u041f\u0440\u0438\u0440\u043e\u0434\u043d\u043e-\u043c\u0430\u0442\u0435\u043c\u0430\u0442\u0438\u0447\u043a\u0438 \u0444\u0430\u043a\u0443\u043b\u0442\u0435\u0442\" \/>\n<meta property=\"og:url\" content=\"https:\/\/www.pmf.ni.ac.rs\/sr\/%d0%bf%d1%80%d0%b5%d0%b3%d0%bb%d0%b5%d0%b4-%d0%b0%d0%bb%d1%83%d0%bc%d0%bd%d0%b8%d1%81%d1%82%d0%b0-%d0%bf%d0%bc%d1%84-%d0%b0\/\" \/>\n<meta property=\"og:site_name\" content=\"\u041f\u0440\u0438\u0440\u043e\u0434\u043d\u043e-\u043c\u0430\u0442\u0435\u043c\u0430\u0442\u0438\u0447\u043a\u0438 \u0444\u0430\u043a\u0443\u043b\u0442\u0435\u0442\" \/>\n<meta property=\"article:publisher\" content=\"https:\/\/www.facebook.com\/Pmf.Nis\" \/>\n<meta property=\"article:modified_time\" content=\"2022-04-06T07:55:55+00:00\" \/>\n<meta property=\"og:image\" content=\"https:\/\/www.pmf.ni.ac.rs\/wp-content\/uploads\/2018\/09\/pmf_facebook_share.jpg\" \/>\n\t<meta property=\"og:image:width\" content=\"1200\" \/>\n\t<meta property=\"og:image:height\" content=\"628\" \/>\n\t<meta property=\"og:image:type\" content=\"image\/jpeg\" \/>\n<meta name=\"twitter:card\" content=\"summary_large_image\" \/>\n<meta name=\"twitter:site\" content=\"@pmfnis\" \/>\n<script type=\"application\/ld+json\" class=\"yoast-schema-graph\">{\"@context\":\"https:\/\/schema.org\",\"@graph\":[{\"@type\":\"WebPage\",\"@id\":\"https:\/\/www.pmf.ni.ac.rs\/sr\/%d0%bf%d1%80%d0%b5%d0%b3%d0%bb%d0%b5%d0%b4-%d0%b0%d0%bb%d1%83%d0%bc%d0%bd%d0%b8%d1%81%d1%82%d0%b0-%d0%bf%d0%bc%d1%84-%d0%b0\/\",\"url\":\"https:\/\/www.pmf.ni.ac.rs\/sr\/%d0%bf%d1%80%d0%b5%d0%b3%d0%bb%d0%b5%d0%b4-%d0%b0%d0%bb%d1%83%d0%bc%d0%bd%d0%b8%d1%81%d1%82%d0%b0-%d0%bf%d0%bc%d1%84-%d0%b0\/\",\"name\":\"\u041f\u0440\u0435\u0433\u043b\u0435\u0434 \u0430\u043b\u0443\u043c\u043d\u0438\u0441\u0442\u0430 \u041f\u041c\u0424-\u0430 | \u041f\u0440\u0438\u0440\u043e\u0434\u043d\u043e-\u043c\u0430\u0442\u0435\u043c\u0430\u0442\u0438\u0447\u043a\u0438 \u0444\u0430\u043a\u0443\u043b\u0442\u0435\u0442\",\"isPartOf\":{\"@id\":\"https:\/\/www.pmf.ni.ac.rs\/sr\/#website\"},\"datePublished\":\"2022-04-06T07:55:52+00:00\",\"dateModified\":\"2022-04-06T07:55:55+00:00\",\"breadcrumb\":{\"@id\":\"https:\/\/www.pmf.ni.ac.rs\/sr\/%d0%bf%d1%80%d0%b5%d0%b3%d0%bb%d0%b5%d0%b4-%d0%b0%d0%bb%d1%83%d0%bc%d0%bd%d0%b8%d1%81%d1%82%d0%b0-%d0%bf%d0%bc%d1%84-%d0%b0\/#breadcrumb\"},\"inLanguage\":\"sr-RS\",\"potentialAction\":[{\"@type\":\"ReadAction\",\"target\":[\"https:\/\/www.pmf.ni.ac.rs\/sr\/%d0%bf%d1%80%d0%b5%d0%b3%d0%bb%d0%b5%d0%b4-%d0%b0%d0%bb%d1%83%d0%bc%d0%bd%d0%b8%d1%81%d1%82%d0%b0-%d0%bf%d0%bc%d1%84-%d0%b0\/\"]}]},{\"@type\":\"BreadcrumbList\",\"@id\":\"https:\/\/www.pmf.ni.ac.rs\/sr\/%d0%bf%d1%80%d0%b5%d0%b3%d0%bb%d0%b5%d0%b4-%d0%b0%d0%bb%d1%83%d0%bc%d0%bd%d0%b8%d1%81%d1%82%d0%b0-%d0%bf%d0%bc%d1%84-%d0%b0\/#breadcrumb\",\"itemListElement\":[{\"@type\":\"ListItem\",\"position\":1,\"name\":\"\u041f\u043e\u0447\u0435\u0442\u043d\u0430\",\"item\":\"https:\/\/www.pmf.ni.ac.rs\/sr\/\"},{\"@type\":\"ListItem\",\"position\":2,\"name\":\"\u041f\u0440\u0435\u0433\u043b\u0435\u0434 \u0430\u043b\u0443\u043c\u043d\u0438\u0441\u0442\u0430 \u041f\u041c\u0424-\u0430\"}]},{\"@type\":\"WebSite\",\"@id\":\"https:\/\/www.pmf.ni.ac.rs\/sr\/#website\",\"url\":\"https:\/\/www.pmf.ni.ac.rs\/sr\/\",\"name\":\"\u041f\u0440\u0438\u0440\u043e\u0434\u043d\u043e-\u043c\u0430\u0442\u0435\u043c\u0430\u0442\u0438\u0447\u043a\u0438 \u0444\u0430\u043a\u0443\u043b\u0442\u0435\u0442\",\"description\":\"\u0423\u043d\u0438\u0432\u0435\u0440\u0437\u0438\u0442\u0435\u0442 \u0443 \u041d\u0438\u0448\",\"publisher\":{\"@id\":\"https:\/\/www.pmf.ni.ac.rs\/sr\/#organization\"},\"potentialAction\":[{\"@type\":\"SearchAction\",\"target\":{\"@type\":\"EntryPoint\",\"urlTemplate\":\"https:\/\/www.pmf.ni.ac.rs\/sr\/?s={search_term_string}\"},\"query-input\":\"required name=search_term_string\"}],\"inLanguage\":\"sr-RS\"},{\"@type\":\"Organization\",\"@id\":\"https:\/\/www.pmf.ni.ac.rs\/sr\/#organization\",\"name\":\"\u041f\u0440\u0438\u0440\u043e\u0434\u043d\u043e-\u043c\u0430\u0442\u0435\u043c\u0430\u0442\u0438\u0447\u043a\u0438 \u0444\u0430\u043a\u0443\u043b\u0442\u0435\u0442\",\"url\":\"https:\/\/www.pmf.ni.ac.rs\/sr\/\",\"sameAs\":[\"https:\/\/www.instagram.com\/pmf.nis\/\",\"https:\/\/www.facebook.com\/Pmf.Nis\",\"https:\/\/twitter.com\/pmfnis\"],\"logo\":{\"@type\":\"ImageObject\",\"inLanguage\":\"sr-RS\",\"@id\":\"https:\/\/www.pmf.ni.ac.rs\/sr\/#\/schema\/logo\/image\/\",\"url\":\"https:\/\/www.pmf.ni.ac.rs\/wp-content\/uploads\/2022\/03\/pmf_logo3-CIR.svg\",\"contentUrl\":\"https:\/\/www.pmf.ni.ac.rs\/wp-content\/uploads\/2022\/03\/pmf_logo3-CIR.svg\",\"width\":480,\"height\":160,\"caption\":\"\u041f\u0440\u0438\u0440\u043e\u0434\u043d\u043e-\u043c\u0430\u0442\u0435\u043c\u0430\u0442\u0438\u0447\u043a\u0438 \u0444\u0430\u043a\u0443\u043b\u0442\u0435\u0442\"},\"image\":{\"@id\":\"https:\/\/www.pmf.ni.ac.rs\/sr\/#\/schema\/logo\/image\/\"}}]}<\/script>\n<!-- \/ Yoast SEO plugin. -->","yoast_head_json":{"title":"\u041f\u0440\u0435\u0433\u043b\u0435\u0434 \u0430\u043b\u0443\u043c\u043d\u0438\u0441\u0442\u0430 \u041f\u041c\u0424-\u0430 | \u041f\u0440\u0438\u0440\u043e\u0434\u043d\u043e-\u043c\u0430\u0442\u0435\u043c\u0430\u0442\u0438\u0447\u043a\u0438 \u0444\u0430\u043a\u0443\u043b\u0442\u0435\u0442","robots":{"index":"index","follow":"follow","max-snippet":"max-snippet:-1","max-image-preview":"max-image-preview:large","max-video-preview":"max-video-preview:-1"},"canonical":"https:\/\/www.pmf.ni.ac.rs\/sr\/%d0%bf%d1%80%d0%b5%d0%b3%d0%bb%d0%b5%d0%b4-%d0%b0%d0%bb%d1%83%d0%bc%d0%bd%d0%b8%d1%81%d1%82%d0%b0-%d0%bf%d0%bc%d1%84-%d0%b0\/","og_locale":"sr_RS","og_type":"article","og_title":"\u041f\u0440\u0435\u0433\u043b\u0435\u0434 \u0430\u043b\u0443\u043c\u043d\u0438\u0441\u0442\u0430 \u041f\u041c\u0424-\u0430 | \u041f\u0440\u0438\u0440\u043e\u0434\u043d\u043e-\u043c\u0430\u0442\u0435\u043c\u0430\u0442\u0438\u0447\u043a\u0438 \u0444\u0430\u043a\u0443\u043b\u0442\u0435\u0442","og_url":"https:\/\/www.pmf.ni.ac.rs\/sr\/%d0%bf%d1%80%d0%b5%d0%b3%d0%bb%d0%b5%d0%b4-%d0%b0%d0%bb%d1%83%d0%bc%d0%bd%d0%b8%d1%81%d1%82%d0%b0-%d0%bf%d0%bc%d1%84-%d0%b0\/","og_site_name":"\u041f\u0440\u0438\u0440\u043e\u0434\u043d\u043e-\u043c\u0430\u0442\u0435\u043c\u0430\u0442\u0438\u0447\u043a\u0438 \u0444\u0430\u043a\u0443\u043b\u0442\u0435\u0442","article_publisher":"https:\/\/www.facebook.com\/Pmf.Nis","article_modified_time":"2022-04-06T07:55:55+00:00","og_image":[{"width":1200,"height":628,"url":"https:\/\/www.pmf.ni.ac.rs\/wp-content\/uploads\/2018\/09\/pmf_facebook_share.jpg","type":"image\/jpeg"}],"twitter_card":"summary_large_image","twitter_site":"@pmfnis","schema":{"@context":"https:\/\/schema.org","@graph":[{"@type":"WebPage","@id":"https:\/\/www.pmf.ni.ac.rs\/sr\/%d0%bf%d1%80%d0%b5%d0%b3%d0%bb%d0%b5%d0%b4-%d0%b0%d0%bb%d1%83%d0%bc%d0%bd%d0%b8%d1%81%d1%82%d0%b0-%d0%bf%d0%bc%d1%84-%d0%b0\/","url":"https:\/\/www.pmf.ni.ac.rs\/sr\/%d0%bf%d1%80%d0%b5%d0%b3%d0%bb%d0%b5%d0%b4-%d0%b0%d0%bb%d1%83%d0%bc%d0%bd%d0%b8%d1%81%d1%82%d0%b0-%d0%bf%d0%bc%d1%84-%d0%b0\/","name":"\u041f\u0440\u0435\u0433\u043b\u0435\u0434 \u0430\u043b\u0443\u043c\u043d\u0438\u0441\u0442\u0430 \u041f\u041c\u0424-\u0430 | \u041f\u0440\u0438\u0440\u043e\u0434\u043d\u043e-\u043c\u0430\u0442\u0435\u043c\u0430\u0442\u0438\u0447\u043a\u0438 \u0444\u0430\u043a\u0443\u043b\u0442\u0435\u0442","isPartOf":{"@id":"https:\/\/www.pmf.ni.ac.rs\/sr\/#website"},"datePublished":"2022-04-06T07:55:52+00:00","dateModified":"2022-04-06T07:55:55+00:00","breadcrumb":{"@id":"https:\/\/www.pmf.ni.ac.rs\/sr\/%d0%bf%d1%80%d0%b5%d0%b3%d0%bb%d0%b5%d0%b4-%d0%b0%d0%bb%d1%83%d0%bc%d0%bd%d0%b8%d1%81%d1%82%d0%b0-%d0%bf%d0%bc%d1%84-%d0%b0\/#breadcrumb"},"inLanguage":"sr-RS","potentialAction":[{"@type":"ReadAction","target":["https:\/\/www.pmf.ni.ac.rs\/sr\/%d0%bf%d1%80%d0%b5%d0%b3%d0%bb%d0%b5%d0%b4-%d0%b0%d0%bb%d1%83%d0%bc%d0%bd%d0%b8%d1%81%d1%82%d0%b0-%d0%bf%d0%bc%d1%84-%d0%b0\/"]}]},{"@type":"BreadcrumbList","@id":"https:\/\/www.pmf.ni.ac.rs\/sr\/%d0%bf%d1%80%d0%b5%d0%b3%d0%bb%d0%b5%d0%b4-%d0%b0%d0%bb%d1%83%d0%bc%d0%bd%d0%b8%d1%81%d1%82%d0%b0-%d0%bf%d0%bc%d1%84-%d0%b0\/#breadcrumb","itemListElement":[{"@type":"ListItem","position":1,"name":"\u041f\u043e\u0447\u0435\u0442\u043d\u0430","item":"https:\/\/www.pmf.ni.ac.rs\/sr\/"},{"@type":"ListItem","position":2,"name":"\u041f\u0440\u0435\u0433\u043b\u0435\u0434 \u0430\u043b\u0443\u043c\u043d\u0438\u0441\u0442\u0430 \u041f\u041c\u0424-\u0430"}]},{"@type":"WebSite","@id":"https:\/\/www.pmf.ni.ac.rs\/sr\/#website","url":"https:\/\/www.pmf.ni.ac.rs\/sr\/","name":"\u041f\u0440\u0438\u0440\u043e\u0434\u043d\u043e-\u043c\u0430\u0442\u0435\u043c\u0430\u0442\u0438\u0447\u043a\u0438 \u0444\u0430\u043a\u0443\u043b\u0442\u0435\u0442","description":"\u0423\u043d\u0438\u0432\u0435\u0440\u0437\u0438\u0442\u0435\u0442 \u0443 \u041d\u0438\u0448","publisher":{"@id":"https:\/\/www.pmf.ni.ac.rs\/sr\/#organization"},"potentialAction":[{"@type":"SearchAction","target":{"@type":"EntryPoint","urlTemplate":"https:\/\/www.pmf.ni.ac.rs\/sr\/?s={search_term_string}"},"query-input":"required name=search_term_string"}],"inLanguage":"sr-RS"},{"@type":"Organization","@id":"https:\/\/www.pmf.ni.ac.rs\/sr\/#organization","name":"\u041f\u0440\u0438\u0440\u043e\u0434\u043d\u043e-\u043c\u0430\u0442\u0435\u043c\u0430\u0442\u0438\u0447\u043a\u0438 \u0444\u0430\u043a\u0443\u043b\u0442\u0435\u0442","url":"https:\/\/www.pmf.ni.ac.rs\/sr\/","sameAs":["https:\/\/www.instagram.com\/pmf.nis\/","https:\/\/www.facebook.com\/Pmf.Nis","https:\/\/twitter.com\/pmfnis"],"logo":{"@type":"ImageObject","inLanguage":"sr-RS","@id":"https:\/\/www.pmf.ni.ac.rs\/sr\/#\/schema\/logo\/image\/","url":"https:\/\/www.pmf.ni.ac.rs\/wp-content\/uploads\/2022\/03\/pmf_logo3-CIR.svg","contentUrl":"https:\/\/www.pmf.ni.ac.rs\/wp-content\/uploads\/2022\/03\/pmf_logo3-CIR.svg","width":480,"height":160,"caption":"\u041f\u0440\u0438\u0440\u043e\u0434\u043d\u043e-\u043c\u0430\u0442\u0435\u043c\u0430\u0442\u0438\u0447\u043a\u0438 \u0444\u0430\u043a\u0443\u043b\u0442\u0435\u0442"},"image":{"@id":"https:\/\/www.pmf.ni.ac.rs\/sr\/#\/schema\/logo\/image\/"}}]}},"_links":{"self":[{"href":"https:\/\/www.pmf.ni.ac.rs\/sr\/wp-json\/wp\/v2\/pages\/26802"}],"collection":[{"href":"https:\/\/www.pmf.ni.ac.rs\/sr\/wp-json\/wp\/v2\/pages"}],"about":[{"href":"https:\/\/www.pmf.ni.ac.rs\/sr\/wp-json\/wp\/v2\/types\/page"}],"author":[{"embeddable":true,"href":"https:\/\/www.pmf.ni.ac.rs\/sr\/wp-json\/wp\/v2\/users\/1"}],"replies":[{"embeddable":true,"href":"https:\/\/www.pmf.ni.ac.rs\/sr\/wp-json\/wp\/v2\/comments?post=26802"}],"version-history":[{"count":0,"href":"https:\/\/www.pmf.ni.ac.rs\/sr\/wp-json\/wp\/v2\/pages\/26802\/revisions"}],"wp:attachment":[{"href":"https:\/\/www.pmf.ni.ac.rs\/sr\/wp-json\/wp\/v2\/media?parent=26802"}],"curies":[{"name":"wp","href":"https:\/\/api.w.org\/{rel}","templated":true}]}}