{"id":26832,"date":"2022-04-07T08:26:20","date_gmt":"2022-04-07T07:26:20","guid":{"rendered":"https:\/\/www.pmf.ni.ac.rs\/%d1%80%d0%b5%d0%b0%d0%bb%d0%b8%d0%b7%d0%b0%d1%86%d0%b8%d1%98%d0%b0-%d0%bd%d0%b0%d1%81%d1%82%d0%b0%d0%b2%d0%b5\/"},"modified":"2025-12-29T11:27:00","modified_gmt":"2025-12-29T10:27:00","slug":"%d1%80%d0%b5%d0%b0%d0%bb%d0%b8%d0%b7%d0%b0%d1%86%d0%b8%d1%98%d0%b0-%d0%bd%d0%b0%d1%81%d1%82%d0%b0%d0%b2%d0%b5","status":"publish","type":"page","link":"https:\/\/www.pmf.ni.ac.rs\/sr\/%d1%80%d0%b5%d0%b0%d0%bb%d0%b8%d0%b7%d0%b0%d1%86%d0%b8%d1%98%d0%b0-%d0%bd%d0%b0%d1%81%d1%82%d0%b0%d0%b2%d0%b5\/","title":{"rendered":"\u0420\u0435\u0430\u043b\u0438\u0437\u0430\u0446\u0438\u0458\u0430 \u043d\u0430\u0441\u0442\u0430\u0432\u0435"},"content":{"rendered":"\t\t<div data-elementor-type=\"wp-page\" data-elementor-id=\"26832\" class=\"elementor elementor-26832 elementor-1324\">\n\t\t\t\t\t\t<div class=\"elementor-inner\">\n\t\t\t\t<div class=\"elementor-section-wrap\">\n\t\t\t\t\t\t\t\t\t<section class=\"elementor-section elementor-top-section elementor-element elementor-element-5375b45 elementor-section-boxed elementor-section-height-default elementor-section-height-default\" data-id=\"5375b45\" data-element_type=\"section\">\n\t\t\t\t\t\t<div class=\"elementor-container elementor-column-gap-default\">\n\t\t\t\t\t\t\t<div class=\"elementor-row\">\n\t\t\t\t\t<div class=\"elementor-column elementor-col-33 elementor-top-column elementor-element elementor-element-2aef7920\" data-id=\"2aef7920\" data-element_type=\"column\">\n\t\t\t<div class=\"elementor-column-wrap elementor-element-populated\">\n\t\t\t\t\t\t\t<div class=\"elementor-widget-wrap\">\n\t\t\t\t\t\t<section class=\"elementor-section elementor-inner-section elementor-element elementor-element-ac331c8 elementor-section-boxed elementor-section-height-default elementor-section-height-default\" data-id=\"ac331c8\" data-element_type=\"section\">\n\t\t\t\t\t\t<div class=\"elementor-container elementor-column-gap-default\">\n\t\t\t\t\t\t\t<div class=\"elementor-row\">\n\t\t\t\t\t<div class=\"elementor-column elementor-col-100 elementor-inner-column elementor-element elementor-element-5fe0214 dep-sidebar\" data-id=\"5fe0214\" data-element_type=\"column\" data-settings=\"{&quot;background_background&quot;:&quot;gradient&quot;}\">\n\t\t\t<div class=\"elementor-column-wrap elementor-element-populated\">\n\t\t\t\t\t\t\t<div class=\"elementor-widget-wrap\">\n\t\t\t\t\t\t<div class=\"elementor-element elementor-element-e97de4f elementor-widget elementor-widget-sidebar\" data-id=\"e97de4f\" data-element_type=\"widget\" data-widget_type=\"sidebar.default\">\n\t\t\t\t<div class=\"elementor-widget-container\">\n\t\t\t<section id=\"text-52\" class=\"widget widget_text\">\t\t\t<div class=\"textwidget\"><p><a href=\"\/komisije-za-obezbeden%d1%98e-kvaliteta-departmana-fakulteta\/\">Komisije<\/a><\/p>\n<p><a href=\"\/planovi-rada-komisije-za-obezbedenje-kvaliteta\/\">Planovi rada<\/a><\/p>\n<p><a href=\"\/izvestaji-o-radu-komisije-za-obezbedenje-kvaliteta\/\">Izve\u0161taji o radu<\/a><\/p>\n<p><a href=\"\/izvestaji-o-samovrednovanju-fakulteta\/\">Samovrednovanje<\/a><\/p>\n<p><a href=\"\/zapisnici-sa-sastanaka-komisije-za-obezbedenje-kvaliteta\/\">Zapisnici<\/a><\/p>\n<p><a href=\"\/izvestaji-o-anketiranju\/\">Izve\u0161taji o anketiranju<\/a><\/p>\n<p><a href=\"\/realizacija-nastave\/\">Realizacija nastave<\/a><\/p>\n<p><a href=\"\/pravilnici-i-odluke\/\">Pravilnici i odluke<\/a><\/p>\n<p><a href=\"\/predlozi-primedbe-sugestije\/\">Predlozi i sugestije<\/a><\/p>\n<\/div>\n\t\t<\/section>\t\t<\/div>\n\t\t\t\t<\/div>\n\t\t\t\t\t\t<\/div>\n\t\t\t\t\t<\/div>\n\t\t<\/div>\n\t\t\t\t\t\t\t\t<\/div>\n\t\t\t\t\t<\/div>\n\t\t<\/section>\n\t\t\t\t\t\t<\/div>\n\t\t\t\t\t<\/div>\n\t\t<\/div>\n\t\t\t\t<div class=\"elementor-column elementor-col-66 elementor-top-column elementor-element elementor-element-5eb00352\" data-id=\"5eb00352\" data-element_type=\"column\">\n\t\t\t<div class=\"elementor-column-wrap elementor-element-populated\">\n\t\t\t\t\t\t\t<div class=\"elementor-widget-wrap\">\n\t\t\t\t\t\t<div class=\"elementor-element elementor-element-7e0dc0f5 elementor-widget elementor-widget-text-editor\" data-id=\"7e0dc0f5\" data-element_type=\"widget\" data-widget_type=\"text-editor.default\">\n\t\t\t\t<div class=\"elementor-widget-container\">\n\t\t\t\t\t\t\t\t<div class=\"elementor-text-editor elementor-clearfix\">\n\t\t\t\t<p><div style=\"vertical-align:bottom;\">\r\n<div style=\"float:left;width:30px;\"><a href=\"https:\/\/www.pmf.ni.ac.rs\/sr\/?wpfb_dl=6618\" title=\"Preuzmi Pregled realizovane nastave za \u0161kolsku 2024\/25.\" sty><img src=\"\/wp-content\/uploads\/2018\/09\/imagepdf.png\" style=\"height:25px;vertical-align:bottom;\" \/><\/a><\/div>\r\n<div style=\"float:left;\"><a href=\"https:\/\/www.pmf.ni.ac.rs\/sr\/?wpfb_dl=6618\" title=\"Preuzmi Pregled realizovane nastave za \u0161kolsku 2024\/25.\" style=\"vertical-align:bottom;font-size:90%;\">Pregled realizovane nastave za \u0161kolsku 2024\/25.  <span style=\"font-size:80%;color:#494949;\" >(5.8 MiB)<\/span><\/a><\/div>\r\n<div style=\"clear:both;\"><\/div>\r\n<\/div><\/p>\n<p><div style=\"vertical-align:bottom;\">\r\n<div style=\"float:left;width:30px;\"><a href=\"https:\/\/www.pmf.ni.ac.rs\/sr\/?wpfb_dl=6119\" title=\"Preuzmi Pregled realizovane nastave za \u0161kolsku 2023\/24.\" sty><img src=\"\/wp-content\/uploads\/2018\/09\/imagepdf.png\" style=\"height:25px;vertical-align:bottom;\" \/><\/a><\/div>\r\n<div style=\"float:left;\"><a href=\"https:\/\/www.pmf.ni.ac.rs\/sr\/?wpfb_dl=6119\" title=\"Preuzmi Pregled realizovane nastave za \u0161kolsku 2023\/24.\" style=\"vertical-align:bottom;font-size:90%;\">Pregled realizovane nastave za \u0161kolsku 2023\/24.  <span style=\"font-size:80%;color:#494949;\" >(2.0 MiB)<\/span><\/a><\/div>\r\n<div style=\"clear:both;\"><\/div>\r\n<\/div><\/p>\n<p><div style=\"vertical-align:bottom;\">\r\n<div style=\"float:left;width:30px;\"><a href=\"https:\/\/www.pmf.ni.ac.rs\/sr\/?wpfb_dl=5607\" title=\"Preuzmi Pregled realizovane nastave za \u0161kolsku 2022\/23.\" sty><img src=\"\/wp-content\/uploads\/2018\/09\/imagepdf.png\" style=\"height:25px;vertical-align:bottom;\" \/><\/a><\/div>\r\n<div style=\"float:left;\"><a href=\"https:\/\/www.pmf.ni.ac.rs\/sr\/?wpfb_dl=5607\" title=\"Preuzmi Pregled realizovane nastave za \u0161kolsku 2022\/23.\" style=\"vertical-align:bottom;font-size:90%;\">Pregled realizovane nastave za \u0161kolsku 2022\/23.  <span style=\"font-size:80%;color:#494949;\" >(2.1 MiB)<\/span><\/a><\/div>\r\n<div style=\"clear:both;\"><\/div>\r\n<\/div><\/p>\n<p><div style=\"vertical-align:bottom;\">\r\n<div style=\"float:left;width:30px;\"><a href=\"https:\/\/www.pmf.ni.ac.rs\/sr\/?wpfb_dl=2928\" title=\"Preuzmi Pregled realizovane nastave za \u0161kolsku 2017\/18.\" sty><img src=\"\/wp-content\/uploads\/2018\/09\/imagepdf.png\" style=\"height:25px;vertical-align:bottom;\" \/><\/a><\/div>\r\n<div style=\"float:left;\"><a href=\"https:\/\/www.pmf.ni.ac.rs\/sr\/?wpfb_dl=2928\" title=\"Preuzmi Pregled realizovane nastave za \u0161kolsku 2017\/18.\" style=\"vertical-align:bottom;font-size:90%;\">Pregled realizovane nastave za \u0161kolsku 2017\/18.  <span style=\"font-size:80%;color:#494949;\" >(2.3 MiB)<\/span><\/a><\/div>\r\n<div style=\"clear:both;\"><\/div>\r\n<\/div><\/p>\n<p><div style=\"vertical-align:bottom;\">\r\n<div style=\"float:left;width:30px;\"><a href=\"https:\/\/www.pmf.ni.ac.rs\/sr\/?wpfb_dl=2325\" title=\"Preuzmi Pregled realizovane nastave za \u0161kolsku 2015\/16.\" sty><img src=\"\/wp-content\/uploads\/2018\/09\/imagepdf.png\" style=\"height:25px;vertical-align:bottom;\" \/><\/a><\/div>\r\n<div style=\"float:left;\"><a href=\"https:\/\/www.pmf.ni.ac.rs\/sr\/?wpfb_dl=2325\" title=\"Preuzmi Pregled realizovane nastave za \u0161kolsku 2015\/16.\" style=\"vertical-align:bottom;font-size:90%;\">Pregled realizovane nastave za \u0161kolsku 2015\/16.  <span style=\"font-size:80%;color:#494949;\" >(5.5 MiB)<\/span><\/a><\/div>\r\n<div style=\"clear:both;\"><\/div>\r\n<\/div><\/p>\n<p><div style=\"vertical-align:bottom;\">\r\n<div style=\"float:left;width:30px;\"><a href=\"https:\/\/www.pmf.ni.ac.rs\/sr\/?wpfb_dl=1264\" title=\"Preuzmi Pregled realizovane nastave u \u0161kolskoj 2014\/15.\" sty><img src=\"\/wp-content\/uploads\/2018\/09\/imagepdf.png\" style=\"height:25px;vertical-align:bottom;\" \/><\/a><\/div>\r\n<div style=\"float:left;\"><a href=\"https:\/\/www.pmf.ni.ac.rs\/sr\/?wpfb_dl=1264\" title=\"Preuzmi Pregled realizovane nastave u \u0161kolskoj 2014\/15.\" style=\"vertical-align:bottom;font-size:90%;\">Pregled realizovane nastave u \u0161kolskoj 2014\/15.  <span style=\"font-size:80%;color:#494949;\" >(3.7 MiB)<\/span><\/a><\/div>\r\n<div style=\"clear:both;\"><\/div>\r\n<\/div><\/p>\n<p><div style=\"vertical-align:bottom;\">\r\n<div style=\"float:left;width:30px;\"><a href=\"https:\/\/www.pmf.ni.ac.rs\/sr\/?wpfb_dl=68\" title=\"Preuzmi Obave\u0161tenje o pra\u0107enju sprovo\u0111enja plana nastave\" sty><img src=\"\/wp-content\/uploads\/2018\/09\/imagepdf.png\" style=\"height:25px;vertical-align:bottom;\" \/><\/a><\/div>\r\n<div style=\"float:left;\"><a href=\"https:\/\/www.pmf.ni.ac.rs\/sr\/?wpfb_dl=68\" title=\"Preuzmi Obave\u0161tenje o pra\u0107enju sprovo\u0111enja plana nastave\" style=\"vertical-align:bottom;font-size:90%;\">Obave\u0161tenje o pra\u0107enju sprovo\u0111enja plana nastave  <span style=\"font-size:80%;color:#494949;\" >(110 KiB)<\/span><\/a><\/div>\r\n<div style=\"clear:both;\"><\/div>\r\n<\/div><\/p>\n<p><div style=\"vertical-align:bottom;\">\r\n<div style=\"float:left;width:30px;\"><a href=\"https:\/\/www.pmf.ni.ac.rs\/sr\/?wpfb_dl=69\" title=\"Preuzmi Silabus predmeta \" sty><img src=\"\/wp-content\/uploads\/2018\/09\/imageword.png\" style=\"height:25px;vertical-align:bottom;\" \/><\/a><\/div>\r\n<div style=\"float:left;\"><a href=\"https:\/\/www.pmf.ni.ac.rs\/sr\/?wpfb_dl=69\" title=\"Preuzmi Silabus predmeta \" style=\"vertical-align:bottom;font-size:90%;\">Silabus predmeta   <span style=\"font-size:80%;color:#494949;\" >(255 KiB)<\/span><\/a><\/div>\r\n<div style=\"clear:both;\"><\/div>\r\n<\/div><\/p>\n<p><div style=\"vertical-align:bottom;\">\r\n<div style=\"float:left;width:30px;\"><a href=\"https:\/\/www.pmf.ni.ac.rs\/sr\/?wpfb_dl=70\" title=\"Preuzmi Specifikacija predmeta\" sty><img src=\"\/wp-content\/uploads\/2018\/09\/imageexcel.png\" style=\"height:25px;vertical-align:bottom;\" \/><\/a><\/div>\r\n<div style=\"float:left;\"><a href=\"https:\/\/www.pmf.ni.ac.rs\/sr\/?wpfb_dl=70\" title=\"Preuzmi Specifikacija predmeta\" style=\"vertical-align:bottom;font-size:90%;\">Specifikacija predmeta  <span style=\"font-size:80%;color:#494949;\" >(40 KiB)<\/span><\/a><\/div>\r\n<div style=\"clear:both;\"><\/div>\r\n<\/div><\/p>\n<p><div style=\"vertical-align:bottom;\">\r\n<div style=\"float:left;width:30px;\"><a href=\"https:\/\/www.pmf.ni.ac.rs\/sr\/?wpfb_dl=71\" title=\"Preuzmi Korisni\u010dko uputstvo aplikacije Nastavni\u010dki portal\" sty><img src=\"\/wp-content\/uploads\/2018\/09\/imagepdf.png\" style=\"height:25px;vertical-align:bottom;\" \/><\/a><\/div>\r\n<div style=\"float:left;\"><a href=\"https:\/\/www.pmf.ni.ac.rs\/sr\/?wpfb_dl=71\" title=\"Preuzmi Korisni\u010dko uputstvo aplikacije Nastavni\u010dki portal\" style=\"vertical-align:bottom;font-size:90%;\">Korisni\u010dko uputstvo aplikacije Nastavni\u010dki portal  <span style=\"font-size:80%;color:#494949;\" >(457 KiB)<\/span><\/a><\/div>\r\n<div style=\"clear:both;\"><\/div>\r\n<\/div><\/p>\n\t\t\t\t\t<\/div>\n\t\t\t\t\t\t<\/div>\n\t\t\t\t<\/div>\n\t\t\t\t\t\t<\/div>\n\t\t\t\t\t<\/div>\n\t\t<\/div>\n\t\t\t\t\t\t\t\t<\/div>\n\t\t\t\t\t<\/div>\n\t\t<\/section>\n\t\t\t\t\t\t\t\t\t<\/div>\n\t\t\t<\/div>\n\t\t\t\t\t<\/div>\n\t\t","protected":false},"excerpt":{"rendered":"","protected":false},"author":1,"featured_media":0,"parent":0,"menu_order":0,"comment_status":"closed","ping_status":"closed","template":"","meta":{"_editorskit_title_hidden":false,"_editorskit_reading_time":0,"_editorskit_is_block_options_detached":false,"_editorskit_block_options_position":"{}","inline_featured_image":false},"acf":[],"yoast_head":"<!-- This site is optimized with the Yoast SEO plugin v19.7.1 - https:\/\/yoast.com\/wordpress\/plugins\/seo\/ -->\n<title>\u0420\u0435\u0430\u043b\u0438\u0437\u0430\u0446\u0438\u0458\u0430 \u043d\u0430\u0441\u0442\u0430\u0432\u0435 | \u041f\u0440\u0438\u0440\u043e\u0434\u043d\u043e-\u043c\u0430\u0442\u0435\u043c\u0430\u0442\u0438\u0447\u043a\u0438 \u0444\u0430\u043a\u0443\u043b\u0442\u0435\u0442<\/title>\n<meta name=\"robots\" content=\"index, follow, max-snippet:-1, max-image-preview:large, max-video-preview:-1\" \/>\n<link rel=\"canonical\" href=\"https:\/\/www.pmf.ni.ac.rs\/sr\/%d1%80%d0%b5%d0%b0%d0%bb%d0%b8%d0%b7%d0%b0%d1%86%d0%b8%d1%98%d0%b0-%d0%bd%d0%b0%d1%81%d1%82%d0%b0%d0%b2%d0%b5\/\" \/>\n<meta property=\"og:locale\" content=\"sr_RS\" \/>\n<meta property=\"og:type\" content=\"article\" \/>\n<meta property=\"og:title\" content=\"\u0420\u0435\u0430\u043b\u0438\u0437\u0430\u0446\u0438\u0458\u0430 \u043d\u0430\u0441\u0442\u0430\u0432\u0435 | \u041f\u0440\u0438\u0440\u043e\u0434\u043d\u043e-\u043c\u0430\u0442\u0435\u043c\u0430\u0442\u0438\u0447\u043a\u0438 \u0444\u0430\u043a\u0443\u043b\u0442\u0435\u0442\" \/>\n<meta property=\"og:url\" content=\"https:\/\/www.pmf.ni.ac.rs\/sr\/%d1%80%d0%b5%d0%b0%d0%bb%d0%b8%d0%b7%d0%b0%d1%86%d0%b8%d1%98%d0%b0-%d0%bd%d0%b0%d1%81%d1%82%d0%b0%d0%b2%d0%b5\/\" \/>\n<meta property=\"og:site_name\" content=\"\u041f\u0440\u0438\u0440\u043e\u0434\u043d\u043e-\u043c\u0430\u0442\u0435\u043c\u0430\u0442\u0438\u0447\u043a\u0438 \u0444\u0430\u043a\u0443\u043b\u0442\u0435\u0442\" \/>\n<meta property=\"article:publisher\" content=\"https:\/\/www.facebook.com\/Pmf.Nis\" \/>\n<meta property=\"article:modified_time\" content=\"2025-12-29T10:27:00+00:00\" \/>\n<meta property=\"og:image\" content=\"https:\/\/www.pmf.ni.ac.rs\/wp-content\/uploads\/2018\/09\/pmf_facebook_share.jpg\" \/>\n\t<meta property=\"og:image:width\" content=\"1200\" \/>\n\t<meta property=\"og:image:height\" content=\"628\" \/>\n\t<meta property=\"og:image:type\" content=\"image\/jpeg\" \/>\n<meta name=\"twitter:card\" content=\"summary_large_image\" \/>\n<meta name=\"twitter:site\" content=\"@pmfnis\" \/>\n<script type=\"application\/ld+json\" class=\"yoast-schema-graph\">{\"@context\":\"https:\/\/schema.org\",\"@graph\":[{\"@type\":\"WebPage\",\"@id\":\"https:\/\/www.pmf.ni.ac.rs\/sr\/%d1%80%d0%b5%d0%b0%d0%bb%d0%b8%d0%b7%d0%b0%d1%86%d0%b8%d1%98%d0%b0-%d0%bd%d0%b0%d1%81%d1%82%d0%b0%d0%b2%d0%b5\/\",\"url\":\"https:\/\/www.pmf.ni.ac.rs\/sr\/%d1%80%d0%b5%d0%b0%d0%bb%d0%b8%d0%b7%d0%b0%d1%86%d0%b8%d1%98%d0%b0-%d0%bd%d0%b0%d1%81%d1%82%d0%b0%d0%b2%d0%b5\/\",\"name\":\"\u0420\u0435\u0430\u043b\u0438\u0437\u0430\u0446\u0438\u0458\u0430 \u043d\u0430\u0441\u0442\u0430\u0432\u0435 | \u041f\u0440\u0438\u0440\u043e\u0434\u043d\u043e-\u043c\u0430\u0442\u0435\u043c\u0430\u0442\u0438\u0447\u043a\u0438 \u0444\u0430\u043a\u0443\u043b\u0442\u0435\u0442\",\"isPartOf\":{\"@id\":\"https:\/\/www.pmf.ni.ac.rs\/sr\/#website\"},\"datePublished\":\"2022-04-07T07:26:20+00:00\",\"dateModified\":\"2025-12-29T10:27:00+00:00\",\"breadcrumb\":{\"@id\":\"https:\/\/www.pmf.ni.ac.rs\/sr\/%d1%80%d0%b5%d0%b0%d0%bb%d0%b8%d0%b7%d0%b0%d1%86%d0%b8%d1%98%d0%b0-%d0%bd%d0%b0%d1%81%d1%82%d0%b0%d0%b2%d0%b5\/#breadcrumb\"},\"inLanguage\":\"sr-RS\",\"potentialAction\":[{\"@type\":\"ReadAction\",\"target\":[\"https:\/\/www.pmf.ni.ac.rs\/sr\/%d1%80%d0%b5%d0%b0%d0%bb%d0%b8%d0%b7%d0%b0%d1%86%d0%b8%d1%98%d0%b0-%d0%bd%d0%b0%d1%81%d1%82%d0%b0%d0%b2%d0%b5\/\"]}]},{\"@type\":\"BreadcrumbList\",\"@id\":\"https:\/\/www.pmf.ni.ac.rs\/sr\/%d1%80%d0%b5%d0%b0%d0%bb%d0%b8%d0%b7%d0%b0%d1%86%d0%b8%d1%98%d0%b0-%d0%bd%d0%b0%d1%81%d1%82%d0%b0%d0%b2%d0%b5\/#breadcrumb\",\"itemListElement\":[{\"@type\":\"ListItem\",\"position\":1,\"name\":\"\u041f\u043e\u0447\u0435\u0442\u043d\u0430\",\"item\":\"https:\/\/www.pmf.ni.ac.rs\/sr\/\"},{\"@type\":\"ListItem\",\"position\":2,\"name\":\"\u0420\u0435\u0430\u043b\u0438\u0437\u0430\u0446\u0438\u0458\u0430 \u043d\u0430\u0441\u0442\u0430\u0432\u0435\"}]},{\"@type\":\"WebSite\",\"@id\":\"https:\/\/www.pmf.ni.ac.rs\/sr\/#website\",\"url\":\"https:\/\/www.pmf.ni.ac.rs\/sr\/\",\"name\":\"\u041f\u0440\u0438\u0440\u043e\u0434\u043d\u043e-\u043c\u0430\u0442\u0435\u043c\u0430\u0442\u0438\u0447\u043a\u0438 \u0444\u0430\u043a\u0443\u043b\u0442\u0435\u0442\",\"description\":\"\u0423\u043d\u0438\u0432\u0435\u0440\u0437\u0438\u0442\u0435\u0442 \u0443 \u041d\u0438\u0448\",\"publisher\":{\"@id\":\"https:\/\/www.pmf.ni.ac.rs\/sr\/#organization\"},\"potentialAction\":[{\"@type\":\"SearchAction\",\"target\":{\"@type\":\"EntryPoint\",\"urlTemplate\":\"https:\/\/www.pmf.ni.ac.rs\/sr\/?s={search_term_string}\"},\"query-input\":\"required name=search_term_string\"}],\"inLanguage\":\"sr-RS\"},{\"@type\":\"Organization\",\"@id\":\"https:\/\/www.pmf.ni.ac.rs\/sr\/#organization\",\"name\":\"\u041f\u0440\u0438\u0440\u043e\u0434\u043d\u043e-\u043c\u0430\u0442\u0435\u043c\u0430\u0442\u0438\u0447\u043a\u0438 \u0444\u0430\u043a\u0443\u043b\u0442\u0435\u0442\",\"url\":\"https:\/\/www.pmf.ni.ac.rs\/sr\/\",\"sameAs\":[\"https:\/\/www.instagram.com\/pmf.nis\/\",\"https:\/\/www.facebook.com\/Pmf.Nis\",\"https:\/\/twitter.com\/pmfnis\"],\"logo\":{\"@type\":\"ImageObject\",\"inLanguage\":\"sr-RS\",\"@id\":\"https:\/\/www.pmf.ni.ac.rs\/sr\/#\/schema\/logo\/image\/\",\"url\":\"https:\/\/www.pmf.ni.ac.rs\/wp-content\/uploads\/2022\/03\/pmf_logo3-CIR.svg\",\"contentUrl\":\"https:\/\/www.pmf.ni.ac.rs\/wp-content\/uploads\/2022\/03\/pmf_logo3-CIR.svg\",\"width\":480,\"height\":160,\"caption\":\"\u041f\u0440\u0438\u0440\u043e\u0434\u043d\u043e-\u043c\u0430\u0442\u0435\u043c\u0430\u0442\u0438\u0447\u043a\u0438 \u0444\u0430\u043a\u0443\u043b\u0442\u0435\u0442\"},\"image\":{\"@id\":\"https:\/\/www.pmf.ni.ac.rs\/sr\/#\/schema\/logo\/image\/\"}}]}<\/script>\n<!-- \/ Yoast SEO plugin. -->","yoast_head_json":{"title":"\u0420\u0435\u0430\u043b\u0438\u0437\u0430\u0446\u0438\u0458\u0430 \u043d\u0430\u0441\u0442\u0430\u0432\u0435 | \u041f\u0440\u0438\u0440\u043e\u0434\u043d\u043e-\u043c\u0430\u0442\u0435\u043c\u0430\u0442\u0438\u0447\u043a\u0438 \u0444\u0430\u043a\u0443\u043b\u0442\u0435\u0442","robots":{"index":"index","follow":"follow","max-snippet":"max-snippet:-1","max-image-preview":"max-image-preview:large","max-video-preview":"max-video-preview:-1"},"canonical":"https:\/\/www.pmf.ni.ac.rs\/sr\/%d1%80%d0%b5%d0%b0%d0%bb%d0%b8%d0%b7%d0%b0%d1%86%d0%b8%d1%98%d0%b0-%d0%bd%d0%b0%d1%81%d1%82%d0%b0%d0%b2%d0%b5\/","og_locale":"sr_RS","og_type":"article","og_title":"\u0420\u0435\u0430\u043b\u0438\u0437\u0430\u0446\u0438\u0458\u0430 \u043d\u0430\u0441\u0442\u0430\u0432\u0435 | \u041f\u0440\u0438\u0440\u043e\u0434\u043d\u043e-\u043c\u0430\u0442\u0435\u043c\u0430\u0442\u0438\u0447\u043a\u0438 \u0444\u0430\u043a\u0443\u043b\u0442\u0435\u0442","og_url":"https:\/\/www.pmf.ni.ac.rs\/sr\/%d1%80%d0%b5%d0%b0%d0%bb%d0%b8%d0%b7%d0%b0%d1%86%d0%b8%d1%98%d0%b0-%d0%bd%d0%b0%d1%81%d1%82%d0%b0%d0%b2%d0%b5\/","og_site_name":"\u041f\u0440\u0438\u0440\u043e\u0434\u043d\u043e-\u043c\u0430\u0442\u0435\u043c\u0430\u0442\u0438\u0447\u043a\u0438 \u0444\u0430\u043a\u0443\u043b\u0442\u0435\u0442","article_publisher":"https:\/\/www.facebook.com\/Pmf.Nis","article_modified_time":"2025-12-29T10:27:00+00:00","og_image":[{"width":1200,"height":628,"url":"https:\/\/www.pmf.ni.ac.rs\/wp-content\/uploads\/2018\/09\/pmf_facebook_share.jpg","type":"image\/jpeg"}],"twitter_card":"summary_large_image","twitter_site":"@pmfnis","schema":{"@context":"https:\/\/schema.org","@graph":[{"@type":"WebPage","@id":"https:\/\/www.pmf.ni.ac.rs\/sr\/%d1%80%d0%b5%d0%b0%d0%bb%d0%b8%d0%b7%d0%b0%d1%86%d0%b8%d1%98%d0%b0-%d0%bd%d0%b0%d1%81%d1%82%d0%b0%d0%b2%d0%b5\/","url":"https:\/\/www.pmf.ni.ac.rs\/sr\/%d1%80%d0%b5%d0%b0%d0%bb%d0%b8%d0%b7%d0%b0%d1%86%d0%b8%d1%98%d0%b0-%d0%bd%d0%b0%d1%81%d1%82%d0%b0%d0%b2%d0%b5\/","name":"\u0420\u0435\u0430\u043b\u0438\u0437\u0430\u0446\u0438\u0458\u0430 \u043d\u0430\u0441\u0442\u0430\u0432\u0435 | \u041f\u0440\u0438\u0440\u043e\u0434\u043d\u043e-\u043c\u0430\u0442\u0435\u043c\u0430\u0442\u0438\u0447\u043a\u0438 \u0444\u0430\u043a\u0443\u043b\u0442\u0435\u0442","isPartOf":{"@id":"https:\/\/www.pmf.ni.ac.rs\/sr\/#website"},"datePublished":"2022-04-07T07:26:20+00:00","dateModified":"2025-12-29T10:27:00+00:00","breadcrumb":{"@id":"https:\/\/www.pmf.ni.ac.rs\/sr\/%d1%80%d0%b5%d0%b0%d0%bb%d0%b8%d0%b7%d0%b0%d1%86%d0%b8%d1%98%d0%b0-%d0%bd%d0%b0%d1%81%d1%82%d0%b0%d0%b2%d0%b5\/#breadcrumb"},"inLanguage":"sr-RS","potentialAction":[{"@type":"ReadAction","target":["https:\/\/www.pmf.ni.ac.rs\/sr\/%d1%80%d0%b5%d0%b0%d0%bb%d0%b8%d0%b7%d0%b0%d1%86%d0%b8%d1%98%d0%b0-%d0%bd%d0%b0%d1%81%d1%82%d0%b0%d0%b2%d0%b5\/"]}]},{"@type":"BreadcrumbList","@id":"https:\/\/www.pmf.ni.ac.rs\/sr\/%d1%80%d0%b5%d0%b0%d0%bb%d0%b8%d0%b7%d0%b0%d1%86%d0%b8%d1%98%d0%b0-%d0%bd%d0%b0%d1%81%d1%82%d0%b0%d0%b2%d0%b5\/#breadcrumb","itemListElement":[{"@type":"ListItem","position":1,"name":"\u041f\u043e\u0447\u0435\u0442\u043d\u0430","item":"https:\/\/www.pmf.ni.ac.rs\/sr\/"},{"@type":"ListItem","position":2,"name":"\u0420\u0435\u0430\u043b\u0438\u0437\u0430\u0446\u0438\u0458\u0430 \u043d\u0430\u0441\u0442\u0430\u0432\u0435"}]},{"@type":"WebSite","@id":"https:\/\/www.pmf.ni.ac.rs\/sr\/#website","url":"https:\/\/www.pmf.ni.ac.rs\/sr\/","name":"\u041f\u0440\u0438\u0440\u043e\u0434\u043d\u043e-\u043c\u0430\u0442\u0435\u043c\u0430\u0442\u0438\u0447\u043a\u0438 \u0444\u0430\u043a\u0443\u043b\u0442\u0435\u0442","description":"\u0423\u043d\u0438\u0432\u0435\u0440\u0437\u0438\u0442\u0435\u0442 \u0443 \u041d\u0438\u0448","publisher":{"@id":"https:\/\/www.pmf.ni.ac.rs\/sr\/#organization"},"potentialAction":[{"@type":"SearchAction","target":{"@type":"EntryPoint","urlTemplate":"https:\/\/www.pmf.ni.ac.rs\/sr\/?s={search_term_string}"},"query-input":"required name=search_term_string"}],"inLanguage":"sr-RS"},{"@type":"Organization","@id":"https:\/\/www.pmf.ni.ac.rs\/sr\/#organization","name":"\u041f\u0440\u0438\u0440\u043e\u0434\u043d\u043e-\u043c\u0430\u0442\u0435\u043c\u0430\u0442\u0438\u0447\u043a\u0438 \u0444\u0430\u043a\u0443\u043b\u0442\u0435\u0442","url":"https:\/\/www.pmf.ni.ac.rs\/sr\/","sameAs":["https:\/\/www.instagram.com\/pmf.nis\/","https:\/\/www.facebook.com\/Pmf.Nis","https:\/\/twitter.com\/pmfnis"],"logo":{"@type":"ImageObject","inLanguage":"sr-RS","@id":"https:\/\/www.pmf.ni.ac.rs\/sr\/#\/schema\/logo\/image\/","url":"https:\/\/www.pmf.ni.ac.rs\/wp-content\/uploads\/2022\/03\/pmf_logo3-CIR.svg","contentUrl":"https:\/\/www.pmf.ni.ac.rs\/wp-content\/uploads\/2022\/03\/pmf_logo3-CIR.svg","width":480,"height":160,"caption":"\u041f\u0440\u0438\u0440\u043e\u0434\u043d\u043e-\u043c\u0430\u0442\u0435\u043c\u0430\u0442\u0438\u0447\u043a\u0438 \u0444\u0430\u043a\u0443\u043b\u0442\u0435\u0442"},"image":{"@id":"https:\/\/www.pmf.ni.ac.rs\/sr\/#\/schema\/logo\/image\/"}}]}},"_links":{"self":[{"href":"https:\/\/www.pmf.ni.ac.rs\/sr\/wp-json\/wp\/v2\/pages\/26832"}],"collection":[{"href":"https:\/\/www.pmf.ni.ac.rs\/sr\/wp-json\/wp\/v2\/pages"}],"about":[{"href":"https:\/\/www.pmf.ni.ac.rs\/sr\/wp-json\/wp\/v2\/types\/page"}],"author":[{"embeddable":true,"href":"https:\/\/www.pmf.ni.ac.rs\/sr\/wp-json\/wp\/v2\/users\/1"}],"replies":[{"embeddable":true,"href":"https:\/\/www.pmf.ni.ac.rs\/sr\/wp-json\/wp\/v2\/comments?post=26832"}],"version-history":[{"count":3,"href":"https:\/\/www.pmf.ni.ac.rs\/sr\/wp-json\/wp\/v2\/pages\/26832\/revisions"}],"predecessor-version":[{"id":54407,"href":"https:\/\/www.pmf.ni.ac.rs\/sr\/wp-json\/wp\/v2\/pages\/26832\/revisions\/54407"}],"wp:attachment":[{"href":"https:\/\/www.pmf.ni.ac.rs\/sr\/wp-json\/wp\/v2\/media?parent=26832"}],"curies":[{"name":"wp","href":"https:\/\/api.w.org\/{rel}","templated":true}]}}